{"id":35804,"date":"2018-07-03T18:23:51","date_gmt":"2018-07-03T17:23:51","guid":{"rendered":"https:\/\/redelca.com\/politica-de-cookies\/"},"modified":"2022-11-10T10:59:14","modified_gmt":"2022-11-10T09:59:14","slug":"politique-de-cookies","status":"publish","type":"page","link":"https:\/\/redelca.com\/fr\/politique-de-cookies\/","title":{"rendered":"Politique de cookies"},"content":{"rendered":"<p>[et_pb_section fb_built=\u00a0\u00bb1&Prime; _builder_version=\u00a0\u00bb4.16&Prime; global_colors_info=\u00a0\u00bb{}\u00a0\u00bb][et_pb_row _builder_version=\u00a0\u00bb4.16&Prime; background_size=\u00a0\u00bbinitial\u00a0\u00bb background_position=\u00a0\u00bbtop_left\u00a0\u00bb background_repeat=\u00a0\u00bbrepeat\u00a0\u00bb global_colors_info=\u00a0\u00bb{}\u00a0\u00bb][et_pb_column type=\u00a0\u00bb4_4&Prime; _builder_version=\u00a0\u00bb4.16&Prime; custom_padding=\u00a0\u00bb|||\u00a0\u00bb global_colors_info=\u00a0\u00bb{}\u00a0\u00bb custom_padding__hover=\u00a0\u00bb|||\u00a0\u00bb][et_pb_text _builder_version=\u00a0\u00bb4.18.0&Prime; hover_enabled=\u00a0\u00bb0&Prime; global_colors_info=\u00a0\u00bb{}\u00a0\u00bb sticky_enabled=\u00a0\u00bb0&Prime;]<\/p>\n<h1>Politique de cookies<\/h1>\n<p>Conform\u00e9ment \u00e0 l&rsquo;obligation d&rsquo;information pr\u00e9vue \u00e0 la section 2 de l&rsquo;article 22 de la loi 34\/2002, du 11 juillet, sur les services de la soci\u00e9t\u00e9 de l&rsquo;information et le commerce \u00e9lectronique, l&rsquo;objectif de cette politique de cookies est de vous informer de mani\u00e8re claire et pr\u00e9cise sur les cookies utilis\u00e9s sur le site web de REDELCA.<\/p>\n<p><strong>Que sont les cookies ?<\/strong><\/p>\n<p>Un cookie est un petit fichier que les sites web envoient \u00e0 votre navigateur et t\u00e9l\u00e9chargent sur votre ordinateur. Les cookies permettent au site web de stocker et de r\u00e9cup\u00e9rer des informations sur votre visite, telles que votre langue pr\u00e9f\u00e9r\u00e9e et d&rsquo;autres options, afin d&rsquo;am\u00e9liorer les services offerts et de contribuer \u00e0 une meilleure exp\u00e9rience de navigation pour l&rsquo;utilisateur.<\/p>\n<p><strong>Types de cookies<\/strong><\/p>\n<p>Il existe de nombreux types de cookies, en fonction de leur objectif et de la dur\u00e9e pendant laquelle ils restent stock\u00e9s dans le navigateur de l&rsquo;utilisateur (certains ne sont install\u00e9s que pendant la session et d&rsquo;autres peuvent rester pendant des ann\u00e9es (cookies persistants). Sur la base de ces crit\u00e8res, il existe des cookies qui n\u00e9cessitent le consentement de l&rsquo;utilisateur du site web et d&rsquo;autres qui ne le n\u00e9cessitent pas (cookies except\u00e9s).<\/p>\n<p>Les cookies exempt\u00e9s sont, entre autres, ceux qui sont indispensables pour que l&rsquo;ordinateur de l&rsquo;utilisateur et les serveurs de https:\/\/redelca.com\/ puissent communiquer entre eux et permettent \u00e0 l&rsquo;utilisateur de naviguer plus rapidement sur le site web, sans collecter de donn\u00e9es prot\u00e9g\u00e9es le concernant.<\/p>\n<p>En fonction de la personne qui g\u00e8re le domaine \u00e0 partir duquel les cookies sont envoy\u00e9s et les donn\u00e9es sont trait\u00e9es, une distinction est faite entre les cookies de premi\u00e8re partie et les cookies appartenant \u00e0 des tiers. Enfin, en fonction de la finalit\u00e9 du traitement des informations collect\u00e9es, les cookies peuvent \u00eatre class\u00e9s dans les cat\u00e9gories suivantes :<\/p>\n<ul>\n<li><strong>Cookies techniques <\/strong>: ils permettent \u00e0 l&rsquo;utilisateur de naviguer sur un site web et d&rsquo;utiliser certains des services offerts par celui-ci (comme, par exemple, le contr\u00f4le du trafic et de la communication des donn\u00e9es, l&rsquo;identification de la session, l&rsquo;acc\u00e8s aux zones \u00e0 acc\u00e8s restreint, la m\u00e9morisation des \u00e9l\u00e9ments qui composent une commande, l&rsquo;ex\u00e9cution du processus d&rsquo;achat d&rsquo;une commande, la demande d&rsquo;inscription ou la participation \u00e0 un \u00e9v\u00e9nement, l&rsquo;utilisation d&rsquo;\u00e9l\u00e9ments de s\u00e9curit\u00e9 pendant la navigation, le stockage de contenus pour la diffusion de vid\u00e9os ou de sons ou le partage de contenus \u00e0 travers les r\u00e9seaux sociaux).<\/li>\n<li><strong>Cookies de personnalisation : <\/strong>ils permettent \u00e0 l&rsquo;utilisateur d&rsquo;acc\u00e9der au site web avec certaines caract\u00e9ristiques, comme la langue.<\/li>\n<li><strong>Cookies de s\u00e9curit\u00e9 : <\/strong>ils sont utilis\u00e9s pour pr\u00e9venir ou entraver les attaques contre le site web.<\/li>\n<li><strong>Cookies analytiques : <\/strong>ils permettent \u00e0 la partie responsable ou \u00e0 des tiers de surveiller le comportement des utilisateurs, ainsi que de quantifier le nombre d&rsquo;utilisateurs, d&rsquo;effectuer la mesure et l&rsquo;analyse statistique de l&rsquo;utilisation faite par les utilisateurs du service offert. Pour ce faire, leur navigation sur le site est analys\u00e9e afin d&rsquo;am\u00e9liorer la gamme de produits ou services propos\u00e9s par https:\/\/redelca.com\/.<\/li>\n<li><strong>Cookies publicitaires : <\/strong>ils permettent de g\u00e9rer les espaces publicitaires en fonction de crit\u00e8res sp\u00e9cifiques. Par exemple, la fr\u00e9quence d&rsquo;acc\u00e8s, le contenu \u00e9dit\u00e9, etc. Les cookies publicitaires permettent \u00e0 la gestion de la publicit\u00e9 de stocker des informations comportementales \u00e0 travers l&rsquo;observation des habitudes, l&rsquo;\u00e9tude des acc\u00e8s et la formation d&rsquo;un profil des pr\u00e9f\u00e9rences de l&rsquo;utilisateur, afin de proposer des publicit\u00e9s li\u00e9es aux int\u00e9r\u00eats du profil de l&rsquo;utilisateur.<\/li>\n<li><strong>Cookies comportementaux : <\/strong>il s&rsquo;agit de cookies qui, qu&rsquo;ils soient trait\u00e9s par https:\/\/redelca.com\/ ou par des tiers, permettent de g\u00e9rer le plus efficacement possible les espaces publicitaires disponibles sur le site web, en adaptant le contenu de la publicit\u00e9 au contenu du service demand\u00e9 ou \u00e0 l&rsquo;utilisation faite par l&rsquo;utilisateur du site web. Pour ce faire, REDELCA peut analyser les habitudes de navigation de l&rsquo;utilisateur sur Internet et lui montrer des publicit\u00e9s li\u00e9es \u00e0 son profil de navigation.<\/li>\n<li><strong>Cookies de g\u00e9olocalisation : <\/strong>utilis\u00e9s pour conna\u00eetre le pays o\u00f9 se trouve l&rsquo;utilisateur.<\/li>\n<\/ul>\n<p>&nbsp;<\/p>\n<p><strong>Acceptation des cookies sur notre plateforme<\/strong><\/p>\n<p>La loi 34\/2002, du 11 juillet, sur les services de la soci\u00e9t\u00e9 de l&rsquo;information et le commerce \u00e9lectronique (ci-apr\u00e8s, LSSICE), en ce qui concerne les cookies, exige que les utilisateurs soient inform\u00e9s avant l&rsquo;exp\u00e9rience de navigation sur la plateforme de l&rsquo;utilisation, du type et de la finalit\u00e9 des cookies. C&rsquo;est la raison pour laquelle nous avons mis en place une notice d&rsquo;information qui s&rsquo;affiche d\u00e8s que vous acc\u00e9dez \u00e0 notre plateforme, vous informant pr\u00e9alablement et express\u00e9ment, conform\u00e9ment \u00e0 ce pr\u00e9cepte l\u00e9gal.<\/p>\n<p>Il est important de noter que dans cet avis, vous trouverez trois options : la premi\u00e8re, que vous pouvez utiliser pour accepter l&rsquo;installation de cookies sur votre ordinateur, la deuxi\u00e8me, qui vous permettra de configurer les cookies dont vous acceptez l&rsquo;installation et ceux que vous refusez, et la troisi\u00e8me option qui vous permettra de refuser l&rsquo;installation de tous les cookies, \u00e0 l&rsquo;exception de ceux n\u00e9cessaires pour continuer \u00e0 naviguer sur le site web.<\/p>\n<p><strong>Autorisation d&rsquo;utilisation des cookies<\/strong><strong>\u00a0<\/strong><\/p>\n<p>Conform\u00e9ment \u00e0 l&rsquo;avis sur les cookies figurant sur le site web, l&rsquo;utilisateur peut consentir express\u00e9ment \u00e0 l&rsquo;utilisation de cookies qui n\u00e9cessitent un consentement ; en revanche, l&rsquo;utilisation de cookies techniques ou n\u00e9cessaires ne n\u00e9cessite pas de consentement. Nonobstant ce qui pr\u00e9c\u00e8de, l&rsquo;utilisateur peut modifier la configuration de son navigateur pour refuser l&rsquo;utilisation de cookies.<\/p>\n<p><strong>Comment modifier vos param\u00e8tres de cookies<\/strong><\/p>\n<p>Vous pouvez restreindre, bloquer ou supprimer les cookies de REDELCA ou de tout autre site web en utilisant votre navigateur. Dans chaque navigateur, l&rsquo;op\u00e9ration est diff\u00e9rente, vous pouvez trouver comment le faire dans le menu d&rsquo;aide de votre navigateur o\u00f9 la proc\u00e9dure pour son \u00e9limination est \u00e9tablie. Pour plus d&rsquo;informations :<\/p>\n<p>Google Chrome :<a href=\"https:\/\/support.google.com\/chrome\/answer\/95647?co=GENIE.Platform%3DDesktop&amp;hl=es\">https:\/\/support.google.com\/chrome\/answer\/95647?co=GENIE.Platform%3DDesktop&amp;hl=es<\/a><\/p>\n<p>Mozilla Firefox :<a href=\"https:\/\/support.mozilla.org\/es\/kb\/habilitar-y-deshabilitar-cookies-sitios-web-rastrear-preferencias\">https:\/\/support.mozilla.org\/es\/kb\/habilitar-y-deshabilitar-cookies-sitios-web-rastrear-preferencias<\/a><\/p>\n<p>Safari :<a href=\"https:\/\/support.apple.com\/es-es\/guide\/safari\/sfri11471\/mac\">https:\/\/support.apple.com\/es-es\/guide\/safari\/sfri11471\/mac<\/a><\/p>\n<p>&nbsp;<\/p>\n<p>Internet Explorer :<\/p>\n<p>&nbsp;<\/p>\n<p><a href=\"https:\/\/support.microsoft.com\/es-es\/help\/278835\/how-to-delete-cookie-files-in-internet-explorer\">https:\/\/support.microsoft.com\/es-es\/help\/278835\/how-to-delete-cookie-files-in-internet-explorer<\/a><\/p>\n<p>&nbsp;<\/p>\n<p>La d\u00e9sactivation des cookies peut emp\u00eacher le site web de fonctionner correctement ou vous pouvez ne pas \u00eatre en mesure d&rsquo;acc\u00e9der \u00e0 certaines fonctionnalit\u00e9s du site web.<\/p>\n<p>&nbsp;<\/p>\n<p><strong>\u00c0 propos des cookies des m\u00e9dias sociaux<\/strong><\/p>\n<p>&nbsp;<\/p>\n<p>Enfin, nous tenons \u00e0 vous avertir que notre plateforme ne g\u00e8re pas les r\u00e9seaux sociaux ou les plateformes de tiers tels que Facebook, Instagram, LinkedIn, Twitter, Youtube, entre autres, o\u00f9 REDELCA est pr\u00e9sent, et par cons\u00e9quent REDELCA n&rsquo;est pas responsable des cookies install\u00e9s par ces plateformes.<\/p>\n<p>En tant qu&rsquo;Utilisateur de notre plateforme en ligne, vous \u00eates tenu de consulter les politiques de confidentialit\u00e9 et de cookies de ces r\u00e9seaux afin d&rsquo;en conna\u00eetre le type et les finalit\u00e9s et de d\u00e9cider de les accepter ou de les refuser.<\/p>\n<p>Cookies utilis\u00e9s par Facebook <a href=\":%20https:\/www.facebook.com\/help\/cookies\/\">: https:\/\/www.facebook.com\/help\/cookies\/<\/a><\/p>\n<p>Cookies utilis\u00e9s par Instagram <a href=\":%20https:\/help.instagram.com\/1896641480634370\">: https:\/\/help.instagram.com\/1896641480634370<\/a><\/p>\n<p>Cookies utilis\u00e9s par Twitter <a href=\":%20https:\/help.twitter.com\/es\/rules-and-policies\/twitter-cookies\">: https:\/\/help.twitter.com\/es\/rules-and-policies\/twitter-cookies<\/a><\/p>\n<p>Cookies utilis\u00e9s par Youtube <a href=\":%20https:\/policies.google.com\/technologies\/cookies?hl=es-419\">: https:\/\/policies.google.com\/technologies\/cookies?hl=es-419<\/a><\/p>\n<p>Cookies utilis\u00e9s par Linkedin <a href=\":%20https:\/www.linkedin.com\/legal\/cookie-policy?_l=es_ES\">: https:\/\/www.linkedin.com\/legal\/cookie-policy?_l=es_ES<\/a><\/p>\n<p><strong>Cookies utilis\u00e9s sur le site web<\/strong><\/p>\n<p>Diff\u00e9rents types de cookies sont utilis\u00e9s sur le site web \u00e0 des fins diff\u00e9rentes, les cookies utilis\u00e9s sont \u00e9num\u00e9r\u00e9s ci-dessous:<br \/><a class=\"medium cli-plugin-button cli-plugin-main-button cli_settings_button\" style=\"margin: 0px 5px 0px 0px; color: #333333; background-color: #dedfe0;\" role=\"button\">Configuraci\u00f3n de cookies<\/a><\/p>\n<p>Ni ce site web ni ses repr\u00e9sentants l\u00e9gaux ne sont responsables du contenu ou de la v\u00e9racit\u00e9 des politiques de confidentialit\u00e9 des tiers mentionn\u00e9s dans cette politique de cookies.<\/p>\n<p><strong>Modification des conditions<\/strong><\/p>\n<p>REDELCA se r\u00e9serve express\u00e9ment le droit de modifier unilat\u00e9ralement cette politique de cookies, en tout ou en partie, sans pr\u00e9avis. L&rsquo;utilisateur reconna\u00eet et accepte qu&rsquo;il est de sa responsabilit\u00e9 de consulter cette politique en mati\u00e8re de cookies.<\/p>\n<p>[\/et_pb_text][\/et_pb_column][\/et_pb_row][\/et_pb_section]<\/p>\n","protected":false},"excerpt":{"rendered":"<p>Politique de cookies Conform\u00e9ment \u00e0 l&rsquo;obligation d&rsquo;information pr\u00e9vue \u00e0 la section 2 de l&rsquo;article 22 de la loi 34\/2002, du 11 juillet, sur les services de la soci\u00e9t\u00e9 de l&rsquo;information et le commerce \u00e9lectronique, l&rsquo;objectif de cette politique de cookies est de vous informer de mani\u00e8re claire et pr\u00e9cise sur les cookies utilis\u00e9s sur le [&hellip;]<\/p>\n","protected":false},"author":1,"featured_media":0,"parent":0,"menu_order":0,"comment_status":"closed","ping_status":"closed","template":"","meta":{"_et_pb_use_builder":"on","_et_pb_old_content":"","_et_gb_content_width":"","footnotes":""},"class_list":["post-35804","page","type-page","status-publish","hentry"],"_links":{"self":[{"href":"https:\/\/redelca.com\/fr\/wp-json\/wp\/v2\/pages\/35804","targetHints":{"allow":["GET"]}}],"collection":[{"href":"https:\/\/redelca.com\/fr\/wp-json\/wp\/v2\/pages"}],"about":[{"href":"https:\/\/redelca.com\/fr\/wp-json\/wp\/v2\/types\/page"}],"author":[{"embeddable":true,"href":"https:\/\/redelca.com\/fr\/wp-json\/wp\/v2\/users\/1"}],"replies":[{"embeddable":true,"href":"https:\/\/redelca.com\/fr\/wp-json\/wp\/v2\/comments?post=35804"}],"version-history":[{"count":5,"href":"https:\/\/redelca.com\/fr\/wp-json\/wp\/v2\/pages\/35804\/revisions"}],"predecessor-version":[{"id":35832,"href":"https:\/\/redelca.com\/fr\/wp-json\/wp\/v2\/pages\/35804\/revisions\/35832"}],"wp:attachment":[{"href":"https:\/\/redelca.com\/fr\/wp-json\/wp\/v2\/media?parent=35804"}],"curies":[{"name":"wp","href":"https:\/\/api.w.org\/{rel}","templated":true}]}}