{"id":35525,"date":"2018-07-03T18:26:31","date_gmt":"2018-07-03T17:26:31","guid":{"rendered":"https:\/\/redelca.com\/aviso-legal\/"},"modified":"2022-11-10T09:59:46","modified_gmt":"2022-11-10T08:59:46","slug":"avertissement-juridique","status":"publish","type":"page","link":"https:\/\/redelca.com\/fr\/avertissement-juridique\/","title":{"rendered":"AVERTISSEMENT JURIDIQUE"},"content":{"rendered":"<p>[et_pb_section fb_built=\u00a0\u00bb1&Prime; _builder_version=\u00a0\u00bb4.16&Prime; global_colors_info=\u00a0\u00bb{}\u00a0\u00bb][et_pb_row _builder_version=\u00a0\u00bb4.16&Prime; background_size=\u00a0\u00bbinitial\u00a0\u00bb background_position=\u00a0\u00bbtop_left\u00a0\u00bb background_repeat=\u00a0\u00bbrepeat\u00a0\u00bb global_colors_info=\u00a0\u00bb{}\u00a0\u00bb][et_pb_column type=\u00a0\u00bb4_4&Prime; _builder_version=\u00a0\u00bb4.16&Prime; custom_padding=\u00a0\u00bb|||\u00a0\u00bb global_colors_info=\u00a0\u00bb{}\u00a0\u00bb custom_padding__hover=\u00a0\u00bb|||\u00a0\u00bb][et_pb_text _builder_version=\u00a0\u00bb4.18.0&Prime; hover_enabled=\u00a0\u00bb0&Prime; global_colors_info=\u00a0\u00bb{}\u00a0\u00bb sticky_enabled=\u00a0\u00bb0&Prime;]<\/p>\n<h1>Avis juridique<\/h1>\n<p>\u00a0Conform\u00e9ment \u00e0 l&rsquo;obligation d&rsquo;information contenue dans l&rsquo;article 10 de la loi 34\/2002, du 11 juillet 2002, relative aux services de la soci\u00e9t\u00e9 de l&rsquo;information et au commerce \u00e9lectronique, nous vous informons que le site Web et le portail Internet https:\/\/redelca.com\/ (ci-apr\u00e8s, le \u00a0\u00bb site Web \u00ab\u00a0) sont la propri\u00e9t\u00e9 de RECUPERADORA DEL CABLE Y GESTION DE RESIDUOS SL, dont le si\u00e8ge social se trouve \u00e0 P.I. Can Prunera &#8211; C\/ Solson\u00e9s n\u00ba 14 Nau C et dont le code d&rsquo;identification fiscale est le n\u00ba B60220837. Le pr\u00e9sent avis juridique r\u00e9git les conditions d&rsquo;utilisation du portail Internet susmentionn\u00e9.<\/p>\n<p>\u00a0<strong>Droit applicable et juridiction<\/strong><\/p>\n<p><strong>\u00a0<\/strong>En g\u00e9n\u00e9ral, les relations entre REDELCA et les utilisateurs de ses services t\u00e9l\u00e9matiques, pr\u00e9sents sur le site web, sont soumises \u00e0 la l\u00e9gislation et \u00e0 la juridiction espagnoles.<\/p>\n<p>\u00a0<strong>Acceptation de l&rsquo;utilisateur<\/strong><\/p>\n<p>\u00a0Le pr\u00e9sent avis juridique r\u00e9git l&rsquo;acc\u00e8s et l&rsquo;utilisation du site web que REDELCA met \u00e0 la disposition des utilisateurs d&rsquo;Internet. Un utilisateur est consid\u00e9r\u00e9 comme une personne qui acc\u00e8de, navigue, utilise ou participe aux services et activit\u00e9s du site web.<\/p>\n<p>\u00a0L&rsquo;utilisateur est inform\u00e9 et accepte que l&rsquo;acc\u00e8s \u00e0 ce site web n&rsquo;implique, en aucune mani\u00e8re, le d\u00e9but d&rsquo;une relation commerciale avec REDELCA.<\/p>\n<p>\u00a0En acc\u00e9dant et en naviguant sur le site, l&rsquo;utilisateur accepte l&rsquo;ensemble des pr\u00e9sentes conditions d&rsquo;utilisation. En cas de d\u00e9saccord avec les conditions, vous devez vous abstenir d&rsquo;utiliser le site web.<\/p>\n<p>\u00a0<strong>Acc\u00e8s au site web<\/strong><\/p>\n<p>\u00a0L&rsquo;acc\u00e8s au site par les utilisateurs est gratuit. Certains services peuvent faire l&rsquo;objet d&rsquo;un contrat pr\u00e9alable.<\/p>\n<p>\u00a0S&rsquo;il est n\u00e9cessaire que l&rsquo;utilisateur fournisse des donn\u00e9es personnelles pour acc\u00e9der \u00e0 l&rsquo;un des services, la collecte et le traitement des donn\u00e9es seront effectu\u00e9s conform\u00e9ment \u00e0 la l\u00e9gislation en vigueur, en particulier au GDPR.<\/p>\n<p>\u00a0<strong>Contenu et utilisation<\/strong><\/p>\n<p>\u00a0La visite du site web par l&rsquo;utilisateur doit \u00eatre effectu\u00e9e de mani\u00e8re responsable et conform\u00e9ment \u00e0 la l\u00e9gislation en vigueur, \u00e0 la bonne foi, et au respect des droits de propri\u00e9t\u00e9 intellectuelle et industrielle appartenant \u00e0 REDELCA ou \u00e0 toute autre personne physique ou morale.<\/p>\n<p>\u00a0L&rsquo;utilisation de l&rsquo;un des contenus du site web \u00e0 des fins qui sont ou pourraient \u00eatre illicites est strictement interdite, de m\u00eame que la r\u00e9alisation de toute action qui cause ou pourrait causer des dommages ou des alt\u00e9rations de toute nature non consentie par REDELCA, au site web ou \u00e0 ses contenus.<\/p>\n<p>\u00a0Le propri\u00e9taire du site ne s&rsquo;identifie pas aux opinions qui y sont exprim\u00e9es par ses collaborateurs. L&rsquo;entreprise se r\u00e9serve le droit d&rsquo;effectuer des changements inopin\u00e9s qu&rsquo;elle juge appropri\u00e9s sur son site web, et peut modifier, supprimer ou ajouter des contenus et des services fournis par le biais du m\u00eame que la fa\u00e7on dont ils sont pr\u00e9sent\u00e9s ou situ\u00e9s sur ses serveurs.<\/p>\n<p>\u00a0<strong>Propri\u00e9t\u00e9 intellectuelle et industrielle<\/strong><\/p>\n<p>\u00a0Les droits de propri\u00e9t\u00e9 intellectuelle du contenu des pages web, de leur conception graphique et des codes sont la propri\u00e9t\u00e9 de REDELCA et, par cons\u00e9quent, leur reproduction, distribution, communication publique, transformation ou toute autre activit\u00e9 r\u00e9alis\u00e9e avec le contenu de la page web est interdite, m\u00eame si les sources sont cit\u00e9es, sauf avec le consentement pr\u00e9alable, expr\u00e8s et \u00e9crit de REDELCA. Tous les noms commerciaux, marques ou signes distinctifs de toute nature contenue dans les pages web de l&rsquo;entreprise sont la propri\u00e9t\u00e9 de leurs titulaires et sont prot\u00e9g\u00e9s par la loi.<\/p>\n<p>\u00a0REDELCA ne conc\u00e8de aucune licence ou autorisation d&rsquo;utilisation de quelque nature que ce soit sur ses droits de propri\u00e9t\u00e9 intellectuelle et industrielle ou sur tout autre bien ou droit li\u00e9 au site web, et en aucun cas il ne sera compris que l&rsquo;acc\u00e8s et la navigation des utilisateurs impliquent une renonciation, une transmission, une licence ou une cession totale ou partielle desdits droits par REDELCA.<\/p>\n<p>Toute utilisation de ces contenus non pr\u00e9alablement autoris\u00e9e par REDELCA sera consid\u00e9r\u00e9e comme une violation grave des droits de propri\u00e9t\u00e9 intellectuelle ou industrielle et donnera lieu aux responsabilit\u00e9s l\u00e9galement \u00e9tablies. REDELCA se r\u00e9serve le droit d&rsquo;exercer contre l&rsquo;utilisateur les actions judiciaires et extrajudiciaires correspondantes.<\/p>\n<p><strong>Responsabilit\u00e9 et garanties<\/strong>\u00a0<\/p>\n<p>REDELCA d\u00e9clare avoir adopt\u00e9 les mesures n\u00e9cessaires qui, dans la mesure de ses possibilit\u00e9s et de l&rsquo;\u00e9tat de la technologie, permettent le bon fonctionnement de son site web, ainsi que l&rsquo;absence de virus et de composants nuisibles. Toutefois, REDELCA ne peut \u00eatre tenue responsable des situations suivantes, \u00e9num\u00e9r\u00e9es \u00e0 titre d&rsquo;exemple, mais non limitatives :<\/p>\n<ul>\n<li>La continuit\u00e9 et la disponibilit\u00e9 des contenus.<\/li>\n<li>L&rsquo;absence d&rsquo;erreurs dans lesdits Contenus ou la correction de tout d\u00e9faut \u00e9ventuel.<\/li>\n<li>L&rsquo;absence de virus et\/ou d&rsquo;autres composants nuisibles.<\/li>\n<li>Les dommages ou pr\u00e9judices caus\u00e9s par toute personne qui viole les syst\u00e8mes de s\u00e9curit\u00e9 de REDELCA.<\/li>\n<li>L&rsquo;utilisation que les utilisateurs peuvent faire des contenus inclus dans le site web. Par cons\u00e9quent, REDELCA ne garantit pas que l&rsquo;utilisation que les utilisateurs peuvent faire des contenus inclus sur le site web, le cas \u00e9ch\u00e9ant, soit conforme au pr\u00e9sent avis l\u00e9gal, ni que l&rsquo;utilisation du site web soit r\u00e9alis\u00e9e de mani\u00e8re diligente.<\/li>\n<li>L&rsquo;utilisation par des mineurs du site web ou l&rsquo;envoi de leurs donn\u00e9es personnelles sans l&rsquo;autorisation de leurs tuteurs, ces derniers \u00e9tant responsables de leur utilisation d&rsquo;Internet.<\/li>\n<li>Contenu auquel l&rsquo;utilisateur peut acc\u00e9der par des liens non autoris\u00e9s ou contenu introduit par les utilisateurs par le biais de commentaires ou d&rsquo;outils similaires.<\/li>\n<li>L&rsquo;introduction de donn\u00e9es erron\u00e9es par l&rsquo;utilisateur ou un tiers.<\/li>\n<\/ul>\n<p>\u00a0REDELCA peut suspendre temporairement et sans pr\u00e9avis l&rsquo;acc\u00e8s au site pour des op\u00e9rations de maintenance, de r\u00e9paration, de mise \u00e0 jour ou d&rsquo;am\u00e9lioration. Toutefois, lorsque les circonstances le permettront, REDELCA informera l&rsquo;utilisateur, avec un pr\u00e9avis suffisant, de la date pr\u00e9vue pour la suspension des contenus.<\/p>\n<p>\u00a0De m\u00eame, conform\u00e9ment aux articles 11 et 16 de la loi 34\/2002, du 11 juillet, sur les services de la soci\u00e9t\u00e9 de l&rsquo;information et le commerce \u00e9lectronique (LSSICE), REDELCA s&rsquo;engage \u00e0 \u00e9liminer ou, le cas \u00e9ch\u00e9ant, \u00e0 bloquer tout contenu qui pourrait affecter ou \u00eatre contraire \u00e0 la l\u00e9gislation en vigueur, aux droits des tiers ou \u00e0 la moralit\u00e9 et \u00e0 l&rsquo;ordre publics.<\/p>\n<p>\u00a0<strong>Cookies<\/strong><\/p>\n<p>\u00a0REDELCA utilise des cookies pour optimiser et personnaliser votre exp\u00e9rience de navigation sur le site web. Les cookies sont des fichiers d&rsquo;information physiques qui sont stock\u00e9s dans le propre terminal de l&rsquo;utilisateur, les informations collect\u00e9es par les cookies sont utilis\u00e9es pour faciliter la navigation de l&rsquo;utilisateur sur le portail et optimiser l&rsquo;exp\u00e9rience de navigation. Les donn\u00e9es recueillies par le biais des cookies peuvent \u00eatre partag\u00e9es avec les cr\u00e9ateurs de ces derniers, mais en aucun cas les informations obtenues par ces derniers ne seront associ\u00e9es \u00e0 des donn\u00e9es personnelles ou \u00e0 des donn\u00e9es permettant d&rsquo;identifier l&rsquo;utilisateur.<\/p>\n<p>\u00a0Toutefois, si vous ne souhaitez pas que des cookies soient install\u00e9s sur votre disque dur, vous pouvez configurer votre navigateur pour emp\u00eacher l&rsquo;installation de ces fichiers. Pour plus d&rsquo;informations, veuillez consulter notre <u>Politique de cookies<\/u>.<\/p>\n<p><strong>\u00a0<\/strong><strong>Liens<\/strong><\/p>\n<p>\u00a0La pr\u00e9sence de liens sur le site de REDELCA vers d&rsquo;autres sites Internet est uniquement \u00e0 titre informatif et n&rsquo;implique en aucun cas une suggestion, une invitation ou une recommandation \u00e0 leur \u00e9gard. REDELCA n&rsquo;assume pas la responsabilit\u00e9 du contenu d&rsquo;un lien appartenant \u00e0 un autre site web, ni ne garantit la fiabilit\u00e9, l&rsquo;exactitude, l&rsquo;exhaustivit\u00e9, la pr\u00e9cision, la validit\u00e9 et la disponibilit\u00e9 technique.<\/p>\n<p>\u00a0Si d&rsquo;autres sites web \u00e9tablissent des liens vers le site web de REDELCA, il ne faut pas comprendre que REDELCA a autoris\u00e9 le lien ou le contenu du site web contenant le lien, ni que la page li\u00e9e contienne des contenus inappropri\u00e9s, diffamatoires, ill\u00e9gaux, obsc\u00e8nes ou illicites, ou tout autre contenu contraire \u00e0 la l\u00e9gislation en vigueur.<\/p>\n<p>\u00a0REDELCA se r\u00e9serve le droit de contacter le propri\u00e9taire du site web o\u00f9 le lien est \u00e9tabli si elle consid\u00e8re que la r\u00e9glementation n&rsquo;est pas respect\u00e9e, ainsi que d&rsquo;exercer les actions judiciaires et extrajudiciaires correspondantes.<\/p>\n<p>&nbsp;<\/p>\n<p><strong>Modification des conditions<\/strong><\/p>\n<p>&nbsp;<\/p>\n<p>REDELCA se r\u00e9serve express\u00e9ment le droit de modifier unilat\u00e9ralement, en tout ou en partie, sans pr\u00e9avis, le pr\u00e9sent avis juridique. L&rsquo;utilisateur reconna\u00eet et accepte qu&rsquo;il est de sa responsabilit\u00e9 de consulter p\u00e9riodiquement cet avis juridique.<\/p>\n<p>[\/et_pb_text][\/et_pb_column][\/et_pb_row][\/et_pb_section]<\/p>\n","protected":false},"excerpt":{"rendered":"<p>Avis juridique \u00a0Conform\u00e9ment \u00e0 l&rsquo;obligation d&rsquo;information contenue dans l&rsquo;article 10 de la loi 34\/2002, du 11 juillet 2002, relative aux services de la soci\u00e9t\u00e9 de l&rsquo;information et au commerce \u00e9lectronique, nous vous informons que le site Web et le portail Internet https:\/\/redelca.com\/ (ci-apr\u00e8s, le \u00a0\u00bb site Web \u00ab\u00a0) sont la propri\u00e9t\u00e9 de RECUPERADORA DEL CABLE [&hellip;]<\/p>\n","protected":false},"author":1,"featured_media":0,"parent":0,"menu_order":0,"comment_status":"closed","ping_status":"closed","template":"","meta":{"_et_pb_use_builder":"on","_et_pb_old_content":"","_et_gb_content_width":"","footnotes":""},"class_list":["post-35525","page","type-page","status-publish","hentry"],"_links":{"self":[{"href":"https:\/\/redelca.com\/fr\/wp-json\/wp\/v2\/pages\/35525","targetHints":{"allow":["GET"]}}],"collection":[{"href":"https:\/\/redelca.com\/fr\/wp-json\/wp\/v2\/pages"}],"about":[{"href":"https:\/\/redelca.com\/fr\/wp-json\/wp\/v2\/types\/page"}],"author":[{"embeddable":true,"href":"https:\/\/redelca.com\/fr\/wp-json\/wp\/v2\/users\/1"}],"replies":[{"embeddable":true,"href":"https:\/\/redelca.com\/fr\/wp-json\/wp\/v2\/comments?post=35525"}],"version-history":[{"count":5,"href":"https:\/\/redelca.com\/fr\/wp-json\/wp\/v2\/pages\/35525\/revisions"}],"predecessor-version":[{"id":35814,"href":"https:\/\/redelca.com\/fr\/wp-json\/wp\/v2\/pages\/35525\/revisions\/35814"}],"wp:attachment":[{"href":"https:\/\/redelca.com\/fr\/wp-json\/wp\/v2\/media?parent=35525"}],"curies":[{"name":"wp","href":"https:\/\/api.w.org\/{rel}","templated":true}]}}