{"id":35431,"date":"2017-10-13T12:13:19","date_gmt":"2017-10-13T11:13:19","guid":{"rendered":"https:\/\/redelca.com\/empresa\/"},"modified":"2023-05-04T17:21:30","modified_gmt":"2023-05-04T16:21:30","slug":"entreprise","status":"publish","type":"page","link":"https:\/\/redelca.com\/fr\/entreprise\/","title":{"rendered":"ENTREPRISE"},"content":{"rendered":"<p>[et_pb_section fb_built=\u00a0\u00bb1&Prime; disabled_on=\u00a0\u00bboff|off|off\u00a0\u00bb _builder_version=\u00a0\u00bb4.16&Prime; custom_padding=\u00a0\u00bb0px|0px|0px|0px\u00a0\u00bb global_colors_info=\u00a0\u00bb{}\u00a0\u00bb][et_pb_row disabled_on=\u00a0\u00bboff|off|off\u00a0\u00bb _builder_version=\u00a0\u00bb4.20.4&Prime; _module_preset=\u00a0\u00bbdefault\u00a0\u00bb width=\u00a0\u00bb90%\u00a0\u00bb max_width=\u00a0\u00bb90%\u00a0\u00bb custom_padding=\u00a0\u00bb2px||1px|||\u00a0\u00bb hover_enabled=\u00a0\u00bb0&Prime; locked=\u00a0\u00bboff\u00a0\u00bb global_colors_info=\u00a0\u00bb{}\u00a0\u00bb sticky_enabled=\u00a0\u00bb0&Prime;][et_pb_column type=\u00a0\u00bb4_4&Prime; _builder_version=\u00a0\u00bb4.20.4&Prime; _module_preset=\u00a0\u00bbdefault\u00a0\u00bb global_colors_info=\u00a0\u00bb{}\u00a0\u00bb][et_pb_video src=\u00a0\u00bb\/redelca.mp4&Prime; image_src=\u00a0\u00bbhttps:\/\/redelca.com\/wp-content\/uploads\/2023\/05\/fondo.png\u00a0\u00bb play_icon_color=\u00a0\u00bb#E09900&Prime; _builder_version=\u00a0\u00bb4.20.4&Prime; _module_preset=\u00a0\u00bbdefault\u00a0\u00bb global_colors_info=\u00a0\u00bb{}\u00a0\u00bb][\/et_pb_video][\/et_pb_column][\/et_pb_row][et_pb_row column_structure=\u00a0\u00bb1_2,1_2&Prime; use_custom_gutter=\u00a0\u00bbon\u00a0\u00bb gutter_width=\u00a0\u00bb1&Prime; make_equal=\u00a0\u00bbon\u00a0\u00bb custom_padding_last_edited=\u00a0\u00bbon|desktop\u00a0\u00bb module_class=\u00a0\u00bb et_pb_row_fullwidth\u00a0\u00bb _builder_version=\u00a0\u00bb4.16&Prime; background_color=\u00a0\u00bb#e1e1e1&Prime; width=\u00a0\u00bb100%\u00a0\u00bb width_tablet=\u00a0\u00bb100%\u00a0\u00bb width_phone=\u00a0\u00bb\u00a0\u00bb width_last_edited=\u00a0\u00bbon|desktop\u00a0\u00bb max_width=\u00a0\u00bb100%\u00a0\u00bb max_width_tablet=\u00a0\u00bb100%\u00a0\u00bb max_width_phone=\u00a0\u00bb\u00a0\u00bb max_width_last_edited=\u00a0\u00bbon|desktop\u00a0\u00bb custom_padding=\u00a0\u00bb0px|0px|0|120px\u00a0\u00bb custom_padding_tablet=\u00a0\u00bb|||0px\u00a0\u00bb custom_padding_phone=\u00a0\u00bb0px|0px|0|0px\u00a0\u00bb make_fullwidth=\u00a0\u00bbon\u00a0\u00bb global_colors_info=\u00a0\u00bb{}\u00a0\u00bb][et_pb_column type=\u00a0\u00bb1_2&Prime; _builder_version=\u00a0\u00bb4.16&Prime; background_color=\u00a0\u00bbrgba(225,225,225,0)\u00a0\u00bb background_blend=\u00a0\u00bbsaturation\u00a0\u00bb custom_padding=\u00a0\u00bb|||\u00a0\u00bb global_colors_info=\u00a0\u00bb{}\u00a0\u00bb custom_padding__hover=\u00a0\u00bb|||\u00a0\u00bb][et_pb_text _builder_version=\u00a0\u00bb4.18.0&Prime; text_font=\u00a0\u00bb||||||||\u00a0\u00bb header_font=\u00a0\u00bb||||||||\u00a0\u00bb header_2_font=\u00a0\u00bb||||||||\u00a0\u00bb background_color=\u00a0\u00bb#e1e1e1&Prime; text_orientation=\u00a0\u00bbjustified\u00a0\u00bb custom_margin=\u00a0\u00bb30px|15%|0px||false|false\u00a0\u00bb custom_padding=\u00a0\u00bb40px|40px|40px|40px\u00a0\u00bb animation_style=\u00a0\u00bbslide\u00a0\u00bb animation_direction=\u00a0\u00bbleft\u00a0\u00bb global_colors_info=\u00a0\u00bb{}\u00a0\u00bb]<\/p>\n<h2 style=\"text-align: left;\">QUI EST REDELCA?<\/h2>\n<hr style=\"width: 40px; margin-left: 0px; border: 0px; border-bottom: 4px solid #ff6d00;\" \/>\n<p>Entreprise familiale, fond\u00e9e dans les ann\u00e9es 70 et bas\u00e9e \u00e0 Vallirana (Barcelone), notre entreprise est d\u00e9di\u00e9e \u00e0 la production de granul\u00e9s de cuivre, en utilisant toutes sortes de mat\u00e9riaux \u00e0 teneur en cuivre (c\u00e2bles, c\u00e2blage automobile, connecteurs, etc.).<\/p>\n<div id=\"quiMes\" class=\"more\">Nous sommes des gestionnaires de d\u00e9chets agr\u00e9\u00e9s par l&rsquo;Agence des D\u00e9chets de Catalogne, num\u00e9ro de gestionnaire E-838.03. Nous mettons \u00e0 votre disposition, sous caution, des conteneurs. Nos soci\u00e9t\u00e9s de transport sont agr\u00e9\u00e9es par l&rsquo;Agence des D\u00e9chets de Catalogne. Nous g\u00e9rons la documentation environnementale n\u00e9cessaire: fiches de suivi des d\u00e9chets, preuve de r\u00e9ception des d\u00e9chets, certificats de destruction des mat\u00e9riaux<\/div>\n<p><span onclick=\"llegirMesQui()\" id=\"btnQui\" class=\"llegirBtn\">+ Lire plus<\/span>[\/et_pb_text][et_pb_code _builder_version=\u00a0\u00bb4.18.0&Prime; _module_preset=\u00a0\u00bbdefault\u00a0\u00bb global_colors_info=\u00a0\u00bb{}\u00a0\u00bb]<\/p>\n<style><!-- [et_pb_line_break_holder] -->#quiMes{display:none;}<!-- [et_pb_line_break_holder] -->#clientsMes{display:none;}<!-- [et_pb_line_break_holder] -->#instalaMes{display:none;}<!-- [et_pb_line_break_holder] -->#compromisMes{display:none;}<!-- [et_pb_line_break_holder] -->.llegirBtn{color:#ff9500;cursor:pointer;}<!-- [et_pb_line_break_holder] --><\/style>\n<p><!-- [et_pb_line_break_holder] --><script><!-- [et_pb_line_break_holder] -->function llegirMesQui(){<!-- [et_pb_line_break_holder] -->  if(jQuery('#quiMes').is(\":visible\")){<!-- [et_pb_line_break_holder] -->    jQuery('#quiMes').hide('slow');<!-- [et_pb_line_break_holder] -->    jQuery('#btnQui').text('+ Lire plus');<!-- [et_pb_line_break_holder] -->  }else{<!-- [et_pb_line_break_holder] -->    jQuery('#quiMes').show('slow');<!-- [et_pb_line_break_holder] -->    jQuery('#btnQui').text('- Lire moins');<!-- [et_pb_line_break_holder] -->  }<!-- [et_pb_line_break_holder] -->}<!-- [et_pb_line_break_holder] -->  function llegirMesClients(){<!-- [et_pb_line_break_holder] -->  if(jQuery('#clientsMes').is(\":visible\")){<!-- [et_pb_line_break_holder] -->    jQuery('#clientsMes').hide('slow');<!-- [et_pb_line_break_holder] -->    jQuery('#btnClients').text('+ Lire plus');<!-- [et_pb_line_break_holder] -->  }else{<!-- [et_pb_line_break_holder] -->    jQuery('#clientsMes').show('slow');<!-- [et_pb_line_break_holder] -->    jQuery('#btnClients').text('- Lire moins');<!-- [et_pb_line_break_holder] -->  }<!-- [et_pb_line_break_holder] -->}<!-- [et_pb_line_break_holder] -->    function llegirMesInstala(){<!-- [et_pb_line_break_holder] -->  if(jQuery('#instalaMes').is(\":visible\")){<!-- [et_pb_line_break_holder] -->    jQuery('#instalaMes').hide('slow');<!-- [et_pb_line_break_holder] -->    jQuery('#btnInstala').text('+ Lire plus');<!-- [et_pb_line_break_holder] -->  }else{<!-- [et_pb_line_break_holder] -->    jQuery('#instalaMes').show('slow');<!-- [et_pb_line_break_holder] -->    jQuery('#btnInstala').text('- Lire moins');<!-- [et_pb_line_break_holder] -->  }<!-- [et_pb_line_break_holder] -->}<!-- [et_pb_line_break_holder] -->     function llegirMesCompromis(){<!-- [et_pb_line_break_holder] -->  if(jQuery('#compromisMes').is(\":visible\")){<!-- [et_pb_line_break_holder] -->    jQuery('#compromisMes').hide('slow');<!-- [et_pb_line_break_holder] -->    jQuery('#btnCompromis').text('+ Lire plus');<!-- [et_pb_line_break_holder] -->  }else{<!-- [et_pb_line_break_holder] -->    jQuery('#compromisMes').show('slow');<!-- [et_pb_line_break_holder] -->    jQuery('#btnCompromis').text('- Lire moins');<!-- [et_pb_line_break_holder] -->  }<!-- [et_pb_line_break_holder] -->}<!-- [et_pb_line_break_holder] --><\/script>[\/et_pb_code][\/et_pb_column][et_pb_column type=\u00a0\u00bb1_2&Prime; _builder_version=\u00a0\u00bb4.16&Prime; custom_padding=\u00a0\u00bb|||\u00a0\u00bb global_colors_info=\u00a0\u00bb{}\u00a0\u00bb custom_padding__hover=\u00a0\u00bb|||\u00a0\u00bb][et_pb_text _builder_version=\u00a0\u00bb4.18.0&Prime; text_font=\u00a0\u00bb||||||||\u00a0\u00bb header_font=\u00a0\u00bb||||||||\u00a0\u00bb header_2_font=\u00a0\u00bb||||||||\u00a0\u00bb background_color=\u00a0\u00bb#e1e1e1&Prime; text_orientation=\u00a0\u00bbjustified\u00a0\u00bb custom_margin=\u00a0\u00bb30px|15%|0px||false|false\u00a0\u00bb custom_padding=\u00a0\u00bb40px|40px|40px|40px\u00a0\u00bb animation_style=\u00a0\u00bbslide\u00a0\u00bb animation_direction=\u00a0\u00bbbottom\u00a0\u00bb global_colors_info=\u00a0\u00bb{}\u00a0\u00bb]<\/p>\n<h2>NOS CLIENTS<\/h2>\n<hr style=\"width: 40px; margin-left: 0px; border: 0px; border-bottom: 4px solid #ff6d00;\" \/>\n<p>Les clients de Redelca appr\u00e9cient notre fabrication, pour la r\u00e9currence et la constance du service et du produit. Notre mat\u00e9riel est toujours utilis\u00e9 dans un processus de production o\u00f9 il est n\u00e9cessaire de justifier l&rsquo;origine et la m\u00e9thodologie de tests du produit.<\/p>\n<div id=\"clientsMes\" class=\"more\">L&rsquo;engagement constant pendant des ann\u00e9es dans la recherche d&rsquo;une am\u00e9lioration continue de notre produit est l&rsquo;objectif naturel de notre ADN. Notre mission est d&rsquo;atteindre cet objectif inaccessible d&rsquo;excellence en suivant la politique d&rsquo;\u00e9conomie circulaire des mati\u00e8res premi\u00e8res finies<\/div>\n<p><span onclick=\"llegirMesClients()\" id=\"btnClients\" class=\"llegirBtn\">+ Lire plus<\/span><\/p>\n<p>[\/et_pb_text][\/et_pb_column][\/et_pb_row][et_pb_row column_structure=\u00a0\u00bb1_2,1_2&Prime; use_custom_gutter=\u00a0\u00bbon\u00a0\u00bb gutter_width=\u00a0\u00bb1&Prime; make_equal=\u00a0\u00bbon\u00a0\u00bb custom_padding_last_edited=\u00a0\u00bbon|desktop\u00a0\u00bb module_class=\u00a0\u00bb et_pb_row_fullwidth\u00a0\u00bb _builder_version=\u00a0\u00bb4.16&Prime; background_color=\u00a0\u00bb#e1e1e1&Prime; width=\u00a0\u00bb100%\u00a0\u00bb width_tablet=\u00a0\u00bb100%\u00a0\u00bb width_phone=\u00a0\u00bb\u00a0\u00bb width_last_edited=\u00a0\u00bbon|desktop\u00a0\u00bb max_width=\u00a0\u00bb100%\u00a0\u00bb max_width_tablet=\u00a0\u00bb100%\u00a0\u00bb max_width_phone=\u00a0\u00bb\u00a0\u00bb max_width_last_edited=\u00a0\u00bbon|desktop\u00a0\u00bb custom_padding=\u00a0\u00bb0px|0px|0|120px\u00a0\u00bb custom_padding_tablet=\u00a0\u00bb|||0px\u00a0\u00bb custom_padding_phone=\u00a0\u00bb0px|0px|0|0px\u00a0\u00bb make_fullwidth=\u00a0\u00bbon\u00a0\u00bb global_colors_info=\u00a0\u00bb{}\u00a0\u00bb][et_pb_column type=\u00a0\u00bb1_2&Prime; _builder_version=\u00a0\u00bb4.16&Prime; background_color=\u00a0\u00bbrgba(225,225,225,0)\u00a0\u00bb background_blend=\u00a0\u00bbsaturation\u00a0\u00bb custom_padding=\u00a0\u00bb|||\u00a0\u00bb global_colors_info=\u00a0\u00bb{}\u00a0\u00bb custom_padding__hover=\u00a0\u00bb|||\u00a0\u00bb][et_pb_text _builder_version=\u00a0\u00bb4.18.0&Prime; text_font=\u00a0\u00bb||||||||\u00a0\u00bb background_color=\u00a0\u00bb#e1e1e1&Prime; text_orientation=\u00a0\u00bbjustified\u00a0\u00bb custom_margin=\u00a0\u00bb20px|15%|0px||false|false\u00a0\u00bb custom_padding=\u00a0\u00bb10px|40px|40px|40px|false|false\u00a0\u00bb animation_style=\u00a0\u00bbslide\u00a0\u00bb animation_direction=\u00a0\u00bbbottom\u00a0\u00bb global_colors_info=\u00a0\u00bb{}\u00a0\u00bb]<\/p>\n<h2>INSTALLATIONS<\/h2>\n<hr style=\"width: 40px; margin-left: 0px; border: 0px; border-bottom: 4px solid #ff6d00;\" \/>\n<p>Les nouvelles installations et les investissements dans l\u2019usine aussi bien de cuivre que d\u2019aluminium nous ont donn\u00e9 une plus grande possibilit\u00e9 d\u2019adapter nos services de transformation aux besoins de nos clients. Actuellement \u00e0 part s\u00e9parer le cuivre du plastique, de l\u2019aluminium du plastique, nous pouvons s\u00e9parer divers mat\u00e9riaux tels que des c\u00e2bles multiples, avec du plomb, de l&rsquo;aluminium, du fer, du cuivre &#8230;<\/p>\n<div id=\"instalaMes\" class=\"more\">Nous disposons \u00e9galement d&rsquo;une vari\u00e9t\u00e9 de machines permettant de d\u00e9rouler diff\u00e9rents types de bobines aussi bien en m\u00e9tal qu&rsquo;en bois.<\/div>\n<p><span onclick=\"llegirMesInstala()\" id=\"btnInstala\" class=\"llegirBtn\">+ Lire plus<\/span><\/p>\n<p>[\/et_pb_text][\/et_pb_column][et_pb_column type=\u00a0\u00bb1_2&Prime; _builder_version=\u00a0\u00bb4.16&Prime; custom_padding=\u00a0\u00bb|||\u00a0\u00bb global_colors_info=\u00a0\u00bb{}\u00a0\u00bb custom_padding__hover=\u00a0\u00bb|||\u00a0\u00bb][et_pb_text _builder_version=\u00a0\u00bb4.18.0&Prime; text_font=\u00a0\u00bb||||||||\u00a0\u00bb background_color=\u00a0\u00bb#e1e1e1&Prime; text_orientation=\u00a0\u00bbjustified\u00a0\u00bb custom_margin=\u00a0\u00bb20px|15%|0px||false|false\u00a0\u00bb custom_padding=\u00a0\u00bb10px|40px|40px|40px|false|false\u00a0\u00bb animation_style=\u00a0\u00bbslide\u00a0\u00bb animation_direction=\u00a0\u00bbbottom\u00a0\u00bb global_colors_info=\u00a0\u00bb{}\u00a0\u00bb]<\/p>\n<h2 style=\"text-align: left;\">ENGAGEMENT ENVIRONNEMENTAL<\/h2>\n<hr style=\"width: 40px; margin-left: 0px; border: 0px; border-bottom: 4px solid #ff6d00;\" \/>\n<p>R\u00c9CUP\u00c9RATION DE C\u00c2BLES ET GESTION DES D\u00c9CHETS S.L. (ci-apr\u00e8s Redelca) a \u00e9t\u00e9 fond\u00e9e dans les ann\u00e9es 1970. Son activit\u00e9 principale se concentre sur le recyclage des mat\u00e9riaux \u00e0 teneur en cuivre g\u00e9n\u00e9r\u00e9s dans les processus industriels, notamment dans le domaine des composants pour le secteur automobile, contribuant ainsi \u00e0 dynamiser l&rsquo;\u00e9conomie circulaire. Au-del\u00e0 de la commercialisation de produits m\u00e9talliques ordinaires, Redelca se distingue par la fabrication de grenaille de cuivre recycl\u00e9e de diff\u00e9rentes qualit\u00e9s, qui se distingue par le haut degr\u00e9 de puret\u00e9 m\u00e9tallique et le faible niveau d&rsquo;impropre.<\/p>\n<div id=\"compromisMes\" class=\"more\">\n<p>Apr\u00e8s avoir r\u00e9alis\u00e9 un processus d&rsquo;internationalisation de l&rsquo;entreprise &#8211; principalement en ce qui concerne les fournisseurs qui fournissent les mat\u00e9riaux m\u00e9talliques r\u00e9siduels, mais aussi en termes de clients qui acqui\u00e8rent les produits m\u00e9talliques recycl\u00e9s, l&rsquo;objectif principal de la direction de l&rsquo;organisation r\u00e9side dans optimiser les normes de qualit\u00e9 du produit et du service que nous offrons au client, dans le cadre du respect de l&rsquo;environnement, de l&rsquo;\u00e9conomie circulaire, de la durabilit\u00e9 et des mesures de s\u00e9curit\u00e9.<\/p>\n<p>&nbsp;<\/p>\n<p>En particulier, Redelca ne cesse d&rsquo;avancer dans les technologies de production qui permettent d&rsquo;am\u00e9liorer la qualit\u00e9 du produit recycl\u00e9, de minimiser l&rsquo;impact environnemental de notre activit\u00e9, d&rsquo;utiliser plus efficacement les ressources investies et de garantir davantage les conditions de s\u00e9curit\u00e9 et la sant\u00e9 de nos travailleurs. A cet \u00e9gard, il convient de noter que l&rsquo;objectif \u00e0 long terme de Redelca est de r\u00e9introduire toutes les mati\u00e8res qu&rsquo;elle collecte dans le circuit de production.<\/p>\n<p>L&rsquo;usine de recyclage est situ\u00e9e dans la r\u00e9gion du Baix Llobregat (Barcelone) dans la municipalit\u00e9 de Vallirana, plus pr\u00e9cis\u00e9ment dans la zone industrielle de Can Prunera, Calle Solson\u00e8s num\u00e9ro 14, nef C. Le site a environ 1 184,80 m2, entre l&rsquo;usine et les bureaux et 3 318 m2 de terrasse et d&rsquo;espaces ext\u00e9rieurs. Elle dispose de machines et d&rsquo;installations sp\u00e9cialement con\u00e7ues pour la valorisation des d\u00e9chets de cuivre.<\/p>\n<p>L&rsquo;activit\u00e9 est autoris\u00e9e par la Mairie de Vallirana et enregistr\u00e9e par l&rsquo;autorit\u00e9 comp\u00e9tente, l&rsquo;Agence Catalane des D\u00e9chets, au Registre g\u00e9n\u00e9ral des gestionnaires de d\u00e9chets avec le code E-838.03. Il a \u00e9galement le code producteur P-12634.2 et NIMA 0800445982.<\/p>\n<p>Produit de la gestion de REDELCA, le cuivre issu du processus de r\u00e9cup\u00e9ration devient une mati\u00e8re premi\u00e8re de haute qualit\u00e9 pour le march\u00e9, respectant les principes d&rsquo;une \u00e9conomie circulaire. Son activit\u00e9 s&rsquo;exerce dans le cadre national et international.<\/p>\n<p>Afin de mener \u00e0 bien ses activit\u00e9s, REDELCA dispose d&rsquo;une \u00e9quipe humaine adapt\u00e9e \u00e0 ses objectifs, qui exerce les fonctions d\u00e9finies dans l&rsquo;organigramme de l&rsquo;entreprise.<\/p>\n<p>Conscients de la responsabilit\u00e9 dans la pr\u00e9servation de l&rsquo;environnement, les mat\u00e9riaux sont trait\u00e9s pour obtenir la plus haute qualit\u00e9 du produit et la minimisation des d\u00e9chets.<\/p>\n<\/div>\n<p><span onclick=\"llegirMesCompromis()\" id=\"btnCompromis\" class=\"llegirBtn\">+ Lire plus<\/span><\/p>\n<p>[\/et_pb_text][\/et_pb_column][\/et_pb_row][et_pb_row column_structure=\u00a0\u00bb1_3,1_3,1_3&Prime; _builder_version=\u00a0\u00bb4.16&Prime; background_size=\u00a0\u00bbinitial\u00a0\u00bb background_position=\u00a0\u00bbtop_left\u00a0\u00bb background_repeat=\u00a0\u00bbrepeat\u00a0\u00bb custom_padding=\u00a0\u00bb68px|0px|27px|0px|false|false\u00a0\u00bb global_colors_info=\u00a0\u00bb{}\u00a0\u00bb][et_pb_column type=\u00a0\u00bb1_3&Prime; _builder_version=\u00a0\u00bb4.16&Prime; custom_padding=\u00a0\u00bb|||\u00a0\u00bb global_colors_info=\u00a0\u00bb{}\u00a0\u00bb custom_padding__hover=\u00a0\u00bb|||\u00a0\u00bb][et_pb_image src=\u00a0\u00bbhttps:\/\/redelca.com\/wp-content\/uploads\/2018\/04\/oficinas.jpg\u00a0\u00bb align_tablet=\u00a0\u00bbcenter\u00a0\u00bb align_phone=\u00a0\u00bb\u00a0\u00bb align_last_edited=\u00a0\u00bbon|desktop\u00a0\u00bb _builder_version=\u00a0\u00bb4.16&Prime; max_width=\u00a0\u00bb90%\u00a0\u00bb max_width_tablet=\u00a0\u00bb\u00a0\u00bb max_width_phone=\u00a0\u00bb\u00a0\u00bb max_width_last_edited=\u00a0\u00bbon|desktop\u00a0\u00bb global_colors_info=\u00a0\u00bb{}\u00a0\u00bb][\/et_pb_image][\/et_pb_column][et_pb_column type=\u00a0\u00bb1_3&Prime; _builder_version=\u00a0\u00bb4.16&Prime; custom_padding=\u00a0\u00bb|||\u00a0\u00bb global_colors_info=\u00a0\u00bb{}\u00a0\u00bb custom_padding__hover=\u00a0\u00bb|||\u00a0\u00bb][et_pb_image src=\u00a0\u00bbhttps:\/\/redelca.com\/wp-content\/uploads\/2018\/04\/fabrica.jpg\u00a0\u00bb align=\u00a0\u00bbcenter\u00a0\u00bb align_tablet=\u00a0\u00bbcenter\u00a0\u00bb align_phone=\u00a0\u00bb\u00a0\u00bb align_last_edited=\u00a0\u00bbon|desktop\u00a0\u00bb _builder_version=\u00a0\u00bb4.16&Prime; max_width_tablet=\u00a0\u00bb\u00a0\u00bb max_width_phone=\u00a0\u00bb100%\u00a0\u00bb max_width_last_edited=\u00a0\u00bbon|desktop\u00a0\u00bb global_colors_info=\u00a0\u00bb{}\u00a0\u00bb][\/et_pb_image][\/et_pb_column][et_pb_column type=\u00a0\u00bb1_3&Prime; _builder_version=\u00a0\u00bb4.16&Prime; custom_padding=\u00a0\u00bb|||\u00a0\u00bb global_colors_info=\u00a0\u00bb{}\u00a0\u00bb custom_padding__hover=\u00a0\u00bb|||\u00a0\u00bb][et_pb_image src=\u00a0\u00bbhttps:\/\/redelca.com\/wp-content\/uploads\/2018\/04\/handshake-297272_640.png\u00a0\u00bb align_tablet=\u00a0\u00bbcenter\u00a0\u00bb align_phone=\u00a0\u00bb\u00a0\u00bb align_last_edited=\u00a0\u00bbon|desktop\u00a0\u00bb _builder_version=\u00a0\u00bb4.16&Prime; max_width_tablet=\u00a0\u00bb47%\u00a0\u00bb max_width_phone=\u00a0\u00bb47%\u00a0\u00bb max_width_last_edited=\u00a0\u00bbon|phone\u00a0\u00bb global_colors_info=\u00a0\u00bb{}\u00a0\u00bb][\/et_pb_image][et_pb_text _builder_version=\u00a0\u00bb4.16&Prime; text_orientation=\u00a0\u00bbcenter\u00a0\u00bb module_alignment=\u00a0\u00bbright\u00a0\u00bb global_colors_info=\u00a0\u00bb{}\u00a0\u00bb]<\/p>\n<h2>VOTRE ENTREPRISE DE CONFIANCE.<\/h2>\n<p>[\/et_pb_text][\/et_pb_column][\/et_pb_row][\/et_pb_section]<\/p>\n","protected":false},"excerpt":{"rendered":"<p>QUI EST REDELCA? Entreprise familiale, fond\u00e9e dans les ann\u00e9es 70 et bas\u00e9e \u00e0 Vallirana (Barcelone), notre entreprise est d\u00e9di\u00e9e \u00e0 la production de granul\u00e9s de cuivre, en utilisant toutes sortes de mat\u00e9riaux \u00e0 teneur en cuivre (c\u00e2bles, c\u00e2blage automobile, connecteurs, etc.). Nous sommes des gestionnaires de d\u00e9chets agr\u00e9\u00e9s par l&rsquo;Agence des D\u00e9chets de Catalogne, num\u00e9ro [&hellip;]<\/p>\n","protected":false},"author":1,"featured_media":0,"parent":0,"menu_order":0,"comment_status":"closed","ping_status":"closed","template":"","meta":{"_et_pb_use_builder":"on","_et_pb_old_content":"","_et_gb_content_width":"","footnotes":""},"class_list":["post-35431","page","type-page","status-publish","hentry"],"_links":{"self":[{"href":"https:\/\/redelca.com\/fr\/wp-json\/wp\/v2\/pages\/35431","targetHints":{"allow":["GET"]}}],"collection":[{"href":"https:\/\/redelca.com\/fr\/wp-json\/wp\/v2\/pages"}],"about":[{"href":"https:\/\/redelca.com\/fr\/wp-json\/wp\/v2\/types\/page"}],"author":[{"embeddable":true,"href":"https:\/\/redelca.com\/fr\/wp-json\/wp\/v2\/users\/1"}],"replies":[{"embeddable":true,"href":"https:\/\/redelca.com\/fr\/wp-json\/wp\/v2\/comments?post=35431"}],"version-history":[{"count":11,"href":"https:\/\/redelca.com\/fr\/wp-json\/wp\/v2\/pages\/35431\/revisions"}],"predecessor-version":[{"id":35938,"href":"https:\/\/redelca.com\/fr\/wp-json\/wp\/v2\/pages\/35431\/revisions\/35938"}],"wp:attachment":[{"href":"https:\/\/redelca.com\/fr\/wp-json\/wp\/v2\/media?parent=35431"}],"curies":[{"name":"wp","href":"https:\/\/api.w.org\/{rel}","templated":true}]}}