{"id":35430,"date":"2018-01-17T11:20:49","date_gmt":"2018-01-17T10:20:49","guid":{"rendered":"https:\/\/redelca.com\/el-cobre\/"},"modified":"2020-11-06T22:47:29","modified_gmt":"2020-11-06T21:47:29","slug":"le-cuivre","status":"publish","type":"page","link":"https:\/\/redelca.com\/fr\/le-cuivre\/","title":{"rendered":"LE CUIVRE"},"content":{"rendered":"<p>[et_pb_section fb_built=\u00a0\u00bb1&Prime; fullwidth=\u00a0\u00bbon\u00a0\u00bb _builder_version=\u00a0\u00bb4.5.6&Prime; use_background_color_gradient=\u00a0\u00bbon\u00a0\u00bb background_color_gradient_start=\u00a0\u00bbrgba(0,0,0,0.86)\u00a0\u00bb background_color_gradient_end=\u00a0\u00bbrgba(255,255,255,0)\u00a0\u00bb background_color_gradient_direction=\u00a0\u00bb1deg\u00a0\u00bb background_image=\u00a0\u00bbhttps:\/\/redelca.com\/wp-content\/uploads\/2018\/02\/copper-72062_1280.jpg\u00a0\u00bb background_blend=\u00a0\u00bboverlay\u00a0\u00bb custom_padding=\u00a0\u00bb0px|0px|0px|0px\u00a0\u00bb][et_pb_fullwidth_header title=\u00a0\u00bbLE CUIVRE\u00a0\u00bb button_one_url=\u00a0\u00bbredelca.com\/contacto\u00a0\u00bb title_font_color=\u00a0\u00bb#ffffff\u00a0\u00bb subhead_font_color=\u00a0\u00bb#ffffff\u00a0\u00bb _builder_version=\u00a0\u00bb4.5.6&Prime; title_text_color=\u00a0\u00bb#ffffff\u00a0\u00bb subhead_font=\u00a0\u00bb|||on|\u00a0\u00bb subhead_text_color=\u00a0\u00bb#ffffff\u00a0\u00bb background_color=\u00a0\u00bbrgba(255,255,255,0)\u00a0\u00bb background_layout=\u00a0\u00bblight\u00a0\u00bb custom_margin=\u00a0\u00bb|||\u00a0\u00bb custom_padding=\u00a0\u00bb20%||2%|\u00a0\u00bb custom_css_title=\u00a0\u00bbwidth:90%;\u00a0\u00bb button_one_text_size__hover_enabled=\u00a0\u00bboff\u00a0\u00bb button_two_text_size__hover_enabled=\u00a0\u00bboff\u00a0\u00bb button_one_text_color__hover_enabled=\u00a0\u00bboff\u00a0\u00bb button_two_text_color__hover_enabled=\u00a0\u00bboff\u00a0\u00bb button_one_border_width__hover_enabled=\u00a0\u00bboff\u00a0\u00bb button_two_border_width__hover_enabled=\u00a0\u00bboff\u00a0\u00bb button_one_border_color__hover_enabled=\u00a0\u00bboff\u00a0\u00bb button_two_border_color__hover_enabled=\u00a0\u00bboff\u00a0\u00bb button_one_border_radius__hover_enabled=\u00a0\u00bboff\u00a0\u00bb button_two_border_radius__hover_enabled=\u00a0\u00bboff\u00a0\u00bb button_one_letter_spacing__hover_enabled=\u00a0\u00bboff\u00a0\u00bb button_two_letter_spacing__hover_enabled=\u00a0\u00bboff\u00a0\u00bb button_one_bg_color__hover_enabled=\u00a0\u00bboff\u00a0\u00bb button_two_bg_color__hover_enabled=\u00a0\u00bboff\u00a0\u00bb][\/et_pb_fullwidth_header][\/et_pb_section][et_pb_section fb_built=\u00a0\u00bb1&Prime; disabled_on=\u00a0\u00bboff|off|off\u00a0\u00bb _builder_version=\u00a0\u00bb3.22&Prime; custom_padding=\u00a0\u00bb0px|0px|0px|0px\u00a0\u00bb][et_pb_row column_structure=\u00a0\u00bb1_2,1_2&Prime; use_custom_gutter=\u00a0\u00bbon\u00a0\u00bb gutter_width=\u00a0\u00bb1&Prime; make_equal=\u00a0\u00bbon\u00a0\u00bb module_class=\u00a0\u00bb et_pb_row_fullwidth\u00a0\u00bb _builder_version=\u00a0\u00bb3.25&Prime; background_color=\u00a0\u00bb#e1e1e1&Prime; width=\u00a0\u00bb100%\u00a0\u00bb width_tablet=\u00a0\u00bb100%\u00a0\u00bb width_phone=\u00a0\u00bb\u00a0\u00bb width_last_edited=\u00a0\u00bbon|desktop\u00a0\u00bb max_width=\u00a0\u00bb100%\u00a0\u00bb max_width_tablet=\u00a0\u00bb100%\u00a0\u00bb max_width_phone=\u00a0\u00bb\u00a0\u00bb max_width_last_edited=\u00a0\u00bbon|desktop\u00a0\u00bb custom_padding=\u00a0\u00bb0px|0px|0|0px\u00a0\u00bb make_fullwidth=\u00a0\u00bbon\u00a0\u00bb][et_pb_column type=\u00a0\u00bb1_2&Prime; _builder_version=\u00a0\u00bb3.25&Prime; background_color=\u00a0\u00bbrgba(225,225,225,0)\u00a0\u00bb custom_padding=\u00a0\u00bb|||\u00a0\u00bb custom_padding__hover=\u00a0\u00bb|||\u00a0\u00bb][et_pb_text _builder_version=\u00a0\u00bb4.5.6&Prime; text_font=\u00a0\u00bb||||||||\u00a0\u00bb ul_font=\u00a0\u00bb||||||||\u00a0\u00bb background_color=\u00a0\u00bb#e1e1e1&Prime; text_orientation=\u00a0\u00bbjustified\u00a0\u00bb custom_margin=\u00a0\u00bb|||\u00a0\u00bb custom_padding=\u00a0\u00bb40px|40px|40px|40px\u00a0\u00bb animation_style=\u00a0\u00bbbounce\u00a0\u00bb animation_direction=\u00a0\u00bbleft\u00a0\u00bb]<\/p>\n<h2 style=\"text-align: left;\">ATTRIBUTS DU CUIVRE<\/h2>\n<hr style=\"width: 40px; margin-left: 0px; border: 0px; border-bottom: 4px solid #ff6d00;\" \/>\n<p>Le cuivre est recyclable \u00e0 l&rsquo;infini sans aucune perte de performance et il est presque impossible de le distinguer du cuivre r\u00e9cemment extrait.<\/p>\n<p>Le cuivre a la plus longue histoire de recyclage de tous les mat\u00e9riaux connus de la civilisation. On estime que 80% de tout le cuivre extrait au cours des 10.000 derni\u00e8res ann\u00e9es est encore utilis\u00e9 quelque part aujourd&rsquo;hui. Les estimations r\u00e9v\u00e8lent \u00e9galement que 33% de la demande annuelle mondiale de cuivre provient du cuivre recycl\u00e9.<\/p>\n<p>Le cuivre est vital pour la sant\u00e9 des humains, des animaux et des plantes, et constitue un \u00e9l\u00e9ment essentiel du r\u00e9gime alimentaire de l&rsquo;homme.<br \/>L\u2019Organisation Mondiale de la Sant\u00e9 (OMS) estime que, dans le monde entier, les personnes sont davantage expos\u00e9es aux effets n\u00e9fastes sur leur sant\u00e9 d\u2019une carence en cuivre que d\u2019un exc\u00e8s de cuivre.<\/p>\n<p>On estime que les deux tiers des 550 millions de tonnes de cuivre produites depuis 1900 sont encore utilis\u00e9es \u00e0 des fins productives (Gl\u00f6ser, 2013). De cette quantit\u00e9:<br \/>Environ 70% sont utilis\u00e9s pour des applications \u00e9lectriques et 30% pour des applications non \u00e9lectriques.<br \/>Environ 45% sont utilis\u00e9s dans la g\u00e9n\u00e9ration et la transmission d\u2019\u00e9nergie, 20% dans la construction, 12.5% dans les appareils m\u00e9nagers et les produits \u00e9lectroniques, 12.5% dans les transports et 10% dans autres applications<br \/>Pour en savoir plus sur les stocks et les flux de cuivre, consultez la rubrique Recyclage du cuivre et sa disponibilit\u00e9 \u00e0 long terme.<\/p>\n<p>[\/et_pb_text][\/et_pb_column][et_pb_column type=\u00a0\u00bb1_2&Prime; _builder_version=\u00a0\u00bb3.25&Prime; background_image=\u00a0\u00bbhttps:\/\/redelca.com\/wp-content\/uploads\/2018\/04\/granalla-e1560506726512.jpg\u00a0\u00bb custom_padding=\u00a0\u00bb|||\u00a0\u00bb custom_padding__hover=\u00a0\u00bb|||\u00a0\u00bb][\/et_pb_column][\/et_pb_row][\/et_pb_section][et_pb_section fb_built=\u00a0\u00bb1&Prime; _builder_version=\u00a0\u00bb3.22&Prime; background_image=\u00a0\u00bbhttps:\/\/redelca.com\/wp-content\/uploads\/2017\/09\/park-429712_1280.jpg\u00a0\u00bb parallax=\u00a0\u00bbon\u00a0\u00bb parallax_method=\u00a0\u00bboff\u00a0\u00bb custom_padding=\u00a0\u00bb0px|0px|0px|0px\u00a0\u00bb][et_pb_row _builder_version=\u00a0\u00bb3.25&Prime; custom_padding=\u00a0\u00bb0px|0px|27px|0px\u00a0\u00bb][et_pb_column type=\u00a0\u00bb4_4&Prime; _builder_version=\u00a0\u00bb3.25&Prime; custom_padding=\u00a0\u00bb|||\u00a0\u00bb custom_padding__hover=\u00a0\u00bb|||\u00a0\u00bb][et_pb_divider show_divider=\u00a0\u00bboff\u00a0\u00bb _builder_version=\u00a0\u00bb3.2&Prime; height=\u00a0\u00bb100px\u00a0\u00bb][\/et_pb_divider][et_pb_text _builder_version=\u00a0\u00bb4.5.6&Prime; header_text_color=\u00a0\u00bb#ffffff\u00a0\u00bb background_layout=\u00a0\u00bbdark\u00a0\u00bb]<\/p>\n<h3 style=\"text-align: center;\">NOUS PRENONS SOIN DE L&rsquo;ENVIRONNEMENT<\/h3>\n<p>[\/et_pb_text][et_pb_divider show_divider=\u00a0\u00bboff\u00a0\u00bb _builder_version=\u00a0\u00bb3.2&Prime; height=\u00a0\u00bb50px\u00a0\u00bb][\/et_pb_divider][\/et_pb_column][\/et_pb_row][\/et_pb_section][et_pb_section fb_built=\u00a0\u00bb1&Prime; _builder_version=\u00a0\u00bb3.22&Prime; background_color=\u00a0\u00bb#e1e1e1&Prime; custom_padding=\u00a0\u00bb0|0px|0|0px\u00a0\u00bb][et_pb_row column_structure=\u00a0\u00bb1_2,1_2&Prime; use_custom_gutter=\u00a0\u00bbon\u00a0\u00bb gutter_width=\u00a0\u00bb1&Prime; make_equal=\u00a0\u00bbon\u00a0\u00bb module_class=\u00a0\u00bb et_pb_row_fullwidth\u00a0\u00bb _builder_version=\u00a0\u00bb3.25&Prime; background_color=\u00a0\u00bb#e1e1e1&Prime; width=\u00a0\u00bb100%\u00a0\u00bb width_tablet=\u00a0\u00bb100%\u00a0\u00bb width_phone=\u00a0\u00bb\u00a0\u00bb width_last_edited=\u00a0\u00bbon|desktop\u00a0\u00bb max_width=\u00a0\u00bb100%\u00a0\u00bb max_width_tablet=\u00a0\u00bb100%\u00a0\u00bb max_width_phone=\u00a0\u00bb\u00a0\u00bb max_width_last_edited=\u00a0\u00bbon|desktop\u00a0\u00bb custom_padding=\u00a0\u00bb0px|0px|0|0px\u00a0\u00bb make_fullwidth=\u00a0\u00bbon\u00a0\u00bb][et_pb_column type=\u00a0\u00bb1_2&Prime; _builder_version=\u00a0\u00bb3.25&Prime; background_color=\u00a0\u00bbrgba(225,225,225,0)\u00a0\u00bb background_image=\u00a0\u00bbhttps:\/\/redelca.com\/wp-content\/uploads\/2018\/04\/granalla-gran.jpg\u00a0\u00bb custom_padding=\u00a0\u00bb|||\u00a0\u00bb custom_padding__hover=\u00a0\u00bb|||\u00a0\u00bb][\/et_pb_column][et_pb_column type=\u00a0\u00bb1_2&Prime; _builder_version=\u00a0\u00bb3.25&Prime; custom_padding=\u00a0\u00bb|||\u00a0\u00bb custom_padding__hover=\u00a0\u00bb|||\u00a0\u00bb][et_pb_text _builder_version=\u00a0\u00bb4.5.6&Prime; text_font=\u00a0\u00bb||||||||\u00a0\u00bb ul_font=\u00a0\u00bb||||||||\u00a0\u00bb background_color=\u00a0\u00bb#e1e1e1&Prime; text_orientation=\u00a0\u00bbjustified\u00a0\u00bb custom_margin=\u00a0\u00bb|||\u00a0\u00bb custom_padding=\u00a0\u00bb40px|40px|40px|40px\u00a0\u00bb animation_style=\u00a0\u00bbbounce\u00a0\u00bb animation_direction=\u00a0\u00bbright\u00a0\u00bb]<\/p>\n<h2 style=\"text-align: left;\">RECYCLAGE DU CUIVRE<\/h2>\n<hr style=\"width: 40px; margin-left: 0px; border: 0px; border-bottom: 4px solid #ff6d00;\" \/>\n<p>Recycler le cuivre est un moyen hautement \u00e9co-efficace de r\u00e9introduire un mat\u00e9riel de grande valeur dans l&rsquo;\u00e9conomie. Neuf millions de tonnes de cuivre sont recycl\u00e9es chaque ann\u00e9e. Le recyclage du cuivre n\u00e9cessite jusqu&rsquo;\u00e0 85% moins d&rsquo;\u00e9nergie que la production primaire. Dans le monde entier, cela \u00e9conomise 40 millions de tonnes de CO2 par an, soit l&rsquo;\u00e9quivalent \u00e0 16 millions de voitures en moins sur les routes.<\/p>\n<p>On estime que depuis 1900, les deux tiers des 550 millions de tonnes de cuivre extraites sont encore utilis\u00e9s \u00e0 des fins productives. Pour que le recyclage soit efficace, il faut innover. Les efforts pour soutenir le recyclage peuvent \u00eatre mis en \u0153uvre dans la conception de nouveaux produits pour faciliter la r\u00e9cup\u00e9ration en fin de vie et les processus de recyclage industriels pour augmenter les rendements globaux. De plus, les politiques de r\u00e9glementation doivent continuer \u00e0 promouvoir la r\u00e9cup\u00e9ration et le recyclage, tant au niveau industriel que de la part des citoyens.<\/p>\n<p>La grande majorit\u00e9 (70%) du cuivre est destin\u00e9e \u00e0 des applications d&rsquo;utilisation finale, car il s&rsquo;agit du conducteur non pr\u00e9coce le plus efficace de la chaleur et de l&rsquo;\u00e9lectricit\u00e9. Ainsi, les produits contenant du cuivre ont tendance \u00e0 fonctionner plus efficacement. Le cuivre dans les syst\u00e8mes \u00e9lectriques peut permettre d\u2019\u00e9conomiser \u00e0 vie de 100 \u00e0 7 500 tonnes de CO2 et d\u2019\u00e9conomiser pour ses utilisateurs entre $ 25.000 y $ 2.5 millions de co\u00fbts d\u2019\u00e9nergie r\u00e9duits.<\/p>\n<p>La conductivit\u00e9 \u00e9lectrique et thermique sup\u00e9rieure du cuivre est la base de l&rsquo;efficacit\u00e9 \u00e9nerg\u00e9tique. Le cuivre est le conducteur le plus efficace de la chaleur et de l\u2019\u00e9lectricit\u00e9, ce qui fait que les produits contenant du cuivre ont donc tendance \u00e0 fonctionner plus efficacement. La grande majorit\u00e9 (70%) du cuivre est destin\u00e9e aux applications d&rsquo;utilisation finale qui b\u00e9n\u00e9ficient d&rsquo;un haut niveau d&rsquo;efficacit\u00e9.<br \/>L&rsquo;efficacit\u00e9 \u00e9nerg\u00e9tique contribue au d\u00e9veloppement durable et \u00e0 la croissance \u00e9conomique. Beaucoup des besoins qui d\u00e9finissent une qualit\u00e9 de vie moderne ont besoin d&rsquo;une source d&rsquo;\u00e9nergie, ce qui rend l&rsquo;approvisionnement en \u00e9nergie \/ s\u00e9curit\u00e9 fondamental pour un d\u00e9veloppement durable \u00e0 long terme.<\/p>\n<p>[\/et_pb_text][\/et_pb_column][\/et_pb_row][\/et_pb_section][et_pb_section fb_built=\u00a0\u00bb1&Prime; _builder_version=\u00a0\u00bb3.22&Prime; background_color=\u00a0\u00bb#ffffff\u00a0\u00bb custom_padding=\u00a0\u00bb0px|0px|0px|0px\u00a0\u00bb][et_pb_row column_structure=\u00a0\u00bb2_3,1_3&Prime; use_custom_gutter=\u00a0\u00bbon\u00a0\u00bb gutter_width=\u00a0\u00bb1&Prime; make_equal=\u00a0\u00bbon\u00a0\u00bb module_class=\u00a0\u00bb et_pb_row_fullwidth\u00a0\u00bb _builder_version=\u00a0\u00bb3.25&Prime; width=\u00a0\u00bb100%\u00a0\u00bb width_tablet=\u00a0\u00bb100%\u00a0\u00bb width_phone=\u00a0\u00bb\u00a0\u00bb width_last_edited=\u00a0\u00bbon|desktop\u00a0\u00bb max_width=\u00a0\u00bb100%\u00a0\u00bb max_width_tablet=\u00a0\u00bb100%\u00a0\u00bb max_width_phone=\u00a0\u00bb\u00a0\u00bb max_width_last_edited=\u00a0\u00bbon|desktop\u00a0\u00bb custom_padding=\u00a0\u00bb50px|0px|2px|0px\u00a0\u00bb make_fullwidth=\u00a0\u00bbon\u00a0\u00bb][et_pb_column type=\u00a0\u00bb2_3&Prime; _builder_version=\u00a0\u00bb3.25&Prime; custom_padding=\u00a0\u00bb|||\u00a0\u00bb custom_padding__hover=\u00a0\u00bb|||\u00a0\u00bb][et_pb_text _builder_version=\u00a0\u00bb4.5.6&Prime; background_color=\u00a0\u00bb#ffffff\u00a0\u00bb text_orientation=\u00a0\u00bbcenter\u00a0\u00bb module_alignment=\u00a0\u00bbright\u00a0\u00bb custom_padding_tablet=\u00a0\u00bb||25px|\u00a0\u00bb custom_padding_phone=\u00a0\u00bb|25px|0px|25px\u00a0\u00bb custom_padding_last_edited=\u00a0\u00bbon|phone\u00a0\u00bb]<\/p>\n<h2>SERVICE DE TOOLING DU CUIVRE POUR L&rsquo;\u00c9CONOMIE CIRCULAIRE<\/h2>\n<p>[\/et_pb_text][\/et_pb_column][et_pb_column type=\u00a0\u00bb1_3&Prime; _builder_version=\u00a0\u00bb3.25&Prime; custom_padding=\u00a0\u00bb|||\u00a0\u00bb custom_padding__hover=\u00a0\u00bb|||\u00a0\u00bb][et_pb_button button_url=\u00a0\u00bbhttps:\/\/redelca.com\/fr\/contact\/\u00a0\u00bb button_text=\u00a0\u00bb CONTACTER\u00a0\u00bb button_alignment=\u00a0\u00bbcenter\u00a0\u00bb _builder_version=\u00a0\u00bb4.5.6&Prime; custom_button=\u00a0\u00bbon\u00a0\u00bb button_letter_spacing=\u00a0\u00bb4px\u00a0\u00bb button_font=\u00a0\u00bb||||||||\u00a0\u00bb button_icon=\u00a0\u00bb%%22%%\u00a0\u00bb custom_margin=\u00a0\u00bb-20px||40px|\u00a0\u00bb custom_margin_tablet=\u00a0\u00bb||40px|\u00a0\u00bb custom_margin_phone=\u00a0\u00bb35px|40px|40px|40px\u00a0\u00bb custom_margin_last_edited=\u00a0\u00bbon|desktop\u00a0\u00bb custom_padding=\u00a0\u00bb|||\u00a0\u00bb animation_style=\u00a0\u00bbroll\u00a0\u00bb box_shadow_style=\u00a0\u00bbpreset1&Prime; button_letter_spacing_hover=\u00a0\u00bb6px\u00a0\u00bb button_bg_color_hover=\u00a0\u00bbrgba(0,0,0,0.07)\u00a0\u00bb button_text_size__hover_enabled=\u00a0\u00bboff\u00a0\u00bb button_one_text_size__hover_enabled=\u00a0\u00bboff\u00a0\u00bb button_two_text_size__hover_enabled=\u00a0\u00bboff\u00a0\u00bb button_text_color__hover_enabled=\u00a0\u00bboff\u00a0\u00bb button_one_text_color__hover_enabled=\u00a0\u00bboff\u00a0\u00bb button_two_text_color__hover_enabled=\u00a0\u00bboff\u00a0\u00bb button_border_width__hover_enabled=\u00a0\u00bboff\u00a0\u00bb button_one_border_width__hover_enabled=\u00a0\u00bboff\u00a0\u00bb button_two_border_width__hover_enabled=\u00a0\u00bboff\u00a0\u00bb button_border_color__hover_enabled=\u00a0\u00bboff\u00a0\u00bb button_one_border_color__hover_enabled=\u00a0\u00bboff\u00a0\u00bb button_two_border_color__hover_enabled=\u00a0\u00bboff\u00a0\u00bb button_border_radius__hover_enabled=\u00a0\u00bboff\u00a0\u00bb button_one_border_radius__hover_enabled=\u00a0\u00bboff\u00a0\u00bb button_two_border_radius__hover_enabled=\u00a0\u00bboff\u00a0\u00bb button_letter_spacing__hover_enabled=\u00a0\u00bbon\u00a0\u00bb button_letter_spacing__hover=\u00a0\u00bb6px\u00a0\u00bb button_one_letter_spacing__hover_enabled=\u00a0\u00bboff\u00a0\u00bb button_two_letter_spacing__hover_enabled=\u00a0\u00bboff\u00a0\u00bb button_bg_color__hover_enabled=\u00a0\u00bbon\u00a0\u00bb button_bg_color__hover=\u00a0\u00bbrgba(0,0,0,0.07)\u00a0\u00bb button_one_bg_color__hover_enabled=\u00a0\u00bboff\u00a0\u00bb button_two_bg_color__hover_enabled=\u00a0\u00bboff\u00a0\u00bb][\/et_pb_button][\/et_pb_column][\/et_pb_row][\/et_pb_section]<\/p>\n","protected":false},"excerpt":{"rendered":"<p>ATTRIBUTS DU CUIVRE Le cuivre est recyclable \u00e0 l&rsquo;infini sans aucune perte de performance et il est presque impossible de le distinguer du cuivre r\u00e9cemment extrait. Le cuivre a la plus longue histoire de recyclage de tous les mat\u00e9riaux connus de la civilisation. On estime que 80% de tout le cuivre extrait au cours des [&hellip;]<\/p>\n","protected":false},"author":1,"featured_media":0,"parent":0,"menu_order":0,"comment_status":"closed","ping_status":"closed","template":"","meta":{"_et_pb_use_builder":"on","_et_pb_old_content":"","_et_gb_content_width":"","footnotes":""},"class_list":["post-35430","page","type-page","status-publish","hentry"],"_links":{"self":[{"href":"https:\/\/redelca.com\/fr\/wp-json\/wp\/v2\/pages\/35430","targetHints":{"allow":["GET"]}}],"collection":[{"href":"https:\/\/redelca.com\/fr\/wp-json\/wp\/v2\/pages"}],"about":[{"href":"https:\/\/redelca.com\/fr\/wp-json\/wp\/v2\/types\/page"}],"author":[{"embeddable":true,"href":"https:\/\/redelca.com\/fr\/wp-json\/wp\/v2\/users\/1"}],"replies":[{"embeddable":true,"href":"https:\/\/redelca.com\/fr\/wp-json\/wp\/v2\/comments?post=35430"}],"version-history":[{"count":5,"href":"https:\/\/redelca.com\/fr\/wp-json\/wp\/v2\/pages\/35430\/revisions"}],"predecessor-version":[{"id":35578,"href":"https:\/\/redelca.com\/fr\/wp-json\/wp\/v2\/pages\/35430\/revisions\/35578"}],"wp:attachment":[{"href":"https:\/\/redelca.com\/fr\/wp-json\/wp\/v2\/media?parent=35430"}],"curies":[{"name":"wp","href":"https:\/\/api.w.org\/{rel}","templated":true}]}}