{"id":34681,"date":"2018-01-17T11:20:49","date_gmt":"2018-01-17T10:20:49","guid":{"rendered":"http:\/\/redelca.com\/?page_id=34681"},"modified":"2020-10-09T11:37:33","modified_gmt":"2020-10-09T10:37:33","slug":"el-cobre","status":"publish","type":"page","link":"https:\/\/redelca.com\/es\/el-cobre\/","title":{"rendered":"El cobre"},"content":{"rendered":"<p>[et_pb_section fb_built=\u00bb1&#8243; fullwidth=\u00bbon\u00bb _builder_version=\u00bb4.5.6&#8243; use_background_color_gradient=\u00bbon\u00bb background_color_gradient_start=\u00bbrgba(0,0,0,0.86)\u00bb background_color_gradient_end=\u00bbrgba(255,255,255,0)\u00bb background_color_gradient_direction=\u00bb1deg\u00bb background_image=\u00bbhttps:\/\/redelca.com\/wp-content\/uploads\/2018\/02\/copper-72062_1280.jpg\u00bb background_blend=\u00bboverlay\u00bb custom_padding=\u00bb0px|0px|0px|0px\u00bb hover_enabled=\u00bb0&#8243; title_text=\u00bbreciclaje del cobre\u00bb][et_pb_fullwidth_header title=\u00bbEL COBRE\u00bb button_one_url=\u00bbredelca.com\/contacto\u00bb title_font_color=\u00bb#ffffff\u00bb subhead_font_color=\u00bb#ffffff\u00bb _builder_version=\u00bb4.5.6&#8243; title_text_color=\u00bb#ffffff\u00bb subhead_font=\u00bb|||on|\u00bb subhead_text_color=\u00bb#ffffff\u00bb background_color=\u00bbrgba(255,255,255,0)\u00bb background_layout=\u00bblight\u00bb custom_margin=\u00bb|||\u00bb custom_padding=\u00bb20%||2%|\u00bb hover_enabled=\u00bb0&#8243; custom_css_title=\u00bbwidth:90%;\u00bb button_one_text_size__hover_enabled=\u00bboff\u00bb button_two_text_size__hover_enabled=\u00bboff\u00bb button_one_text_color__hover_enabled=\u00bboff\u00bb button_two_text_color__hover_enabled=\u00bboff\u00bb button_one_border_width__hover_enabled=\u00bboff\u00bb button_two_border_width__hover_enabled=\u00bboff\u00bb button_one_border_color__hover_enabled=\u00bboff\u00bb button_two_border_color__hover_enabled=\u00bboff\u00bb button_one_border_radius__hover_enabled=\u00bboff\u00bb button_two_border_radius__hover_enabled=\u00bboff\u00bb button_one_letter_spacing__hover_enabled=\u00bboff\u00bb button_two_letter_spacing__hover_enabled=\u00bboff\u00bb button_one_bg_color__hover_enabled=\u00bboff\u00bb button_two_bg_color__hover_enabled=\u00bboff\u00bb][\/et_pb_fullwidth_header][\/et_pb_section][et_pb_section fb_built=\u00bb1&#8243; disabled_on=\u00bboff|off|off\u00bb _builder_version=\u00bb3.22&#8243; custom_padding=\u00bb0px|0px|0px|0px\u00bb][et_pb_row use_custom_gutter=\u00bbon\u00bb gutter_width=\u00bb1&#8243; make_equal=\u00bbon\u00bb module_class=\u00bb et_pb_row_fullwidth\u00bb _builder_version=\u00bb3.25&#8243; background_color=\u00bb#e1e1e1&#8243; width=\u00bb100%\u00bb width_tablet=\u00bb100%\u00bb width_last_edited=\u00bbon|desktop\u00bb max_width=\u00bb100%\u00bb max_width_tablet=\u00bb100%\u00bb max_width_last_edited=\u00bbon|desktop\u00bb custom_padding=\u00bb0px|0px|0|0px\u00bb make_fullwidth=\u00bbon\u00bb column_structure=\u00bb1_2,1_2&#8243;][et_pb_column type=\u00bb1_2&#8243; _builder_version=\u00bb3.25&#8243; background_color=\u00bbrgba(225,225,225,0)\u00bb custom_padding=\u00bb|||\u00bb custom_padding__hover=\u00bb|||\u00bb][et_pb_text _builder_version=\u00bb3.27.4&#8243; text_font=\u00bb||||||||\u00bb ul_font=\u00bb||||||||\u00bb background_color=\u00bb#e1e1e1&#8243; text_orientation=\u00bbjustified\u00bb custom_margin=\u00bb|||\u00bb custom_padding=\u00bb40px|40px|40px|40px\u00bb animation_style=\u00bbbounce\u00bb animation_direction=\u00bbleft\u00bb]<\/p>\n<h2 style=\"text-align: left;\">ATRIBUTOS DEL COBRE<\/h2>\n<hr style=\"width: 40px; margin-left: 0px; border: 0px; border-bottom: 4px solid #ff6d00;\" \/>\n<p>El cobre es infinitamente reciclable sin ninguna p\u00e9rdida de rendimiento y es casi indistinguible del cobre reci\u00e9n extra\u00eddo.<\/p>\n<p>El cobre tiene el historial de reciclaje m\u00e1s largo de cualquier material conocido por la civilizaci\u00f3n. Se estima que el 80 por ciento de todo el cobre extra\u00eddo durante los \u00faltimos 10.000 a\u00f1os todav\u00eda se usa en alg\u00fan lugar hoy en d\u00eda. Las estimaciones tambi\u00e9n revelan que el 33% de la demanda anual mundial de cobre proviene del cobre reciclado.<\/p>\n<p>El cobre es vital para la salud de los seres humanos, los animales y las plantas, y una parte esencial de la dieta humana.<br \/> La Organizaci\u00f3n Mundial de la Salud (OMS) estima que, en todo el mundo, las personas tienen un mayor riesgo de efectos adversos para la salud por la deficiencia de cobre que por el exceso de cobre.<\/p>\n<p>Se estima que dos tercios de los 550 millones de toneladas de cobre producidas desde 1900 todav\u00eda se encuentran en uso productivo (Gl\u00f6ser, 2013). De esta cantidad:<br \/> Aproximadamente el 70 por ciento se usa para aplicaciones el\u00e9ctricas y el 30 por ciento para aplicaciones no el\u00e9ctricas.<br \/> Alrededor del 45 por ciento se utiliza en la generaci\u00f3n y transmisi\u00f3n de energ\u00eda, el 20 por ciento en la construcci\u00f3n, el 12,5 por ciento en electrodom\u00e9sticos y productos electr\u00f3nicos, el 12,5 por ciento en el transporte y el 10 por ciento en otras aplicaciones.<br \/> Para descubrir m\u00e1s acerca de las existencias y flujos de cobre, siga leyendo sobre reciclaje de cobre y disponibilidad a largo plazo.<\/p>\n<p>[\/et_pb_text][\/et_pb_column][et_pb_column type=\u00bb1_2&#8243; _builder_version=\u00bb3.25&#8243; background_image=\u00bbhttps:\/\/redelca.com\/wp-content\/uploads\/2018\/04\/granalla-e1560506726512.jpg\u00bb custom_padding=\u00bb|||\u00bb custom_padding__hover=\u00bb|||\u00bb][\/et_pb_column][\/et_pb_row][\/et_pb_section][et_pb_section fb_built=\u00bb1&#8243; _builder_version=\u00bb3.22&#8243; background_image=\u00bbhttps:\/\/redelca.com\/wp-content\/uploads\/2017\/09\/park-429712_1280.jpg\u00bb parallax=\u00bbon\u00bb parallax_method=\u00bboff\u00bb custom_padding=\u00bb0px|0px|0px|0px\u00bb][et_pb_row _builder_version=\u00bb3.25&#8243; custom_padding=\u00bb0px|0px|27px|0px\u00bb][et_pb_column type=\u00bb4_4&#8243; _builder_version=\u00bb3.25&#8243; custom_padding=\u00bb|||\u00bb custom_padding__hover=\u00bb|||\u00bb][et_pb_divider show_divider=\u00bboff\u00bb _builder_version=\u00bb3.2&#8243; height=\u00bb100px\u00bb][\/et_pb_divider][et_pb_text _builder_version=\u00bb3.27.4&#8243; header_text_color=\u00bb#ffffff\u00bb background_layout=\u00bbdark\u00bb]<\/p>\n<h3 style=\"text-align: center;\">CUIDAMOS EL MEDIO AMBIENTE<\/h3>\n<p>[\/et_pb_text][et_pb_divider show_divider=\u00bboff\u00bb _builder_version=\u00bb3.2&#8243; height=\u00bb50px\u00bb][\/et_pb_divider][\/et_pb_column][\/et_pb_row][\/et_pb_section][et_pb_section fb_built=\u00bb1&#8243; _builder_version=\u00bb3.22&#8243; background_color=\u00bb#e1e1e1&#8243; custom_padding=\u00bb0|0px|0|0px\u00bb][et_pb_row use_custom_gutter=\u00bbon\u00bb gutter_width=\u00bb1&#8243; make_equal=\u00bbon\u00bb module_class=\u00bb et_pb_row_fullwidth\u00bb _builder_version=\u00bb3.25&#8243; background_color=\u00bb#e1e1e1&#8243; width=\u00bb100%\u00bb width_tablet=\u00bb100%\u00bb width_last_edited=\u00bbon|desktop\u00bb max_width=\u00bb100%\u00bb max_width_tablet=\u00bb100%\u00bb max_width_last_edited=\u00bbon|desktop\u00bb custom_padding=\u00bb0px|0px|0|0px\u00bb make_fullwidth=\u00bbon\u00bb column_structure=\u00bb1_2,1_2&#8243;][et_pb_column type=\u00bb1_2&#8243; _builder_version=\u00bb3.25&#8243; background_color=\u00bbrgba(225,225,225,0)\u00bb background_image=\u00bbhttps:\/\/redelca.com\/wp-content\/uploads\/2018\/04\/granalla-gran.jpg\u00bb custom_padding=\u00bb|||\u00bb custom_padding__hover=\u00bb|||\u00bb][\/et_pb_column][et_pb_column type=\u00bb1_2&#8243; _builder_version=\u00bb3.25&#8243; custom_padding=\u00bb|||\u00bb custom_padding__hover=\u00bb|||\u00bb][et_pb_text _builder_version=\u00bb3.27.4&#8243; text_font=\u00bb||||||||\u00bb ul_font=\u00bb||||||||\u00bb background_color=\u00bb#e1e1e1&#8243; text_orientation=\u00bbjustified\u00bb custom_margin=\u00bb|||\u00bb custom_padding=\u00bb40px|40px|40px|40px\u00bb animation_style=\u00bbbounce\u00bb animation_direction=\u00bbright\u00bb]<\/p>\n<h2 style=\"text-align: left;\">RECICLAJE DEL COBRE<\/h2>\n<hr style=\"width: 40px; margin-left: 0px; border: 0px; border-bottom: 4px solid #ff6d00;\" \/>\n<p>Reciclar cobre es una forma altamente ecoeficiente de reintroducir un material valioso en la econom\u00eda. Nueve millones de toneladas de cobre se reciclan cada a\u00f1o. El reciclaje de cobre requiere hasta un 85 por ciento menos de energ\u00eda que la producci\u00f3n primaria. En todo el mundo, esto ahorra 40 millones de toneladas de CO2 al a\u00f1o, el equivalente a sacar 16 millones de autom\u00f3viles de la carretera.<\/p>\n<p>Se estima que desde 1900, dos tercios de los 550 millones de toneladas de cobre extra\u00eddo se encuentran todav\u00eda en uso productivo. Para que el reciclaje sea efectivo, se necesita innovaci\u00f3n. Los esfuerzos para apoyar el reciclaje se pueden implementar en el dise\u00f1o de nuevos productos para facilitar la recuperaci\u00f3n al final de la vida \u00fatil y los procesos de reciclaje industrial para aumentar los rendimientos generales. Adem\u00e1s, las pol\u00edticas regulatorias deben continuar fomentando la recuperaci\u00f3n y el reciclaje, tanto a nivel industrial como por parte de los ciudadanos.<\/p>\n<p>La gran mayor\u00eda (70 por ciento) del cobre se destina a aplicaciones de uso final porque es el conductor no precoz m\u00e1s eficiente del calor y la electricidad. Entonces, las cosas que contienen cobre tienden a operar de manera m\u00e1s eficiente. El cobre en los sistemas el\u00e9ctricos puede ofrecer ahorros de por vida de 100 a 7.500 toneladas de emisiones de CO2 y ahorrar a sus usuarios entre $ 25,000 y $ 2.5 millones en costos de energ\u00eda reducidos.<\/p>\n<p>La conductividad el\u00e9ctrica y t\u00e9rmica superior del cobre es la base de la eficiencia energ\u00e9tica. El cobre es el conductor m\u00e1s eficiente del calor y la electricidad, por lo que las cosas que contienen cobre tienden a funcionar de manera m\u00e1s eficiente. La gran mayor\u00eda (70 por ciento) del cobre se destina a aplicaciones de uso final que se benefician de su alto nivel de eficiencia.<\/p>\n<p>La eficiencia energ\u00e9tica contribuye al desarrollo sostenible y al crecimiento econ\u00f3mico. Muchas de las necesidades que definen una calidad de vida moderna requieren una fuente de energ\u00eda, lo que hace que el suministro de energ\u00eda \/ seguridad sea fundamental para el desarrollo sostenible a largo plazo.<\/p>\n<p>[\/et_pb_text][\/et_pb_column][\/et_pb_row][\/et_pb_section][et_pb_section fb_built=\u00bb1&#8243; _builder_version=\u00bb3.22&#8243; background_color=\u00bb#ffffff\u00bb custom_padding=\u00bb0px|0px|0px|0px\u00bb][et_pb_row use_custom_gutter=\u00bbon\u00bb gutter_width=\u00bb1&#8243; make_equal=\u00bbon\u00bb module_class=\u00bb et_pb_row_fullwidth\u00bb _builder_version=\u00bb3.25&#8243; width=\u00bb100%\u00bb width_tablet=\u00bb100%\u00bb width_last_edited=\u00bbon|desktop\u00bb max_width=\u00bb100%\u00bb max_width_tablet=\u00bb100%\u00bb max_width_last_edited=\u00bbon|desktop\u00bb custom_padding=\u00bb50px|0px|2px|0px\u00bb make_fullwidth=\u00bbon\u00bb column_structure=\u00bb2_3,1_3&#8243;][et_pb_column type=\u00bb2_3&#8243; _builder_version=\u00bb3.25&#8243; custom_padding=\u00bb|||\u00bb custom_padding__hover=\u00bb|||\u00bb][et_pb_text _builder_version=\u00bb3.27.4&#8243; background_color=\u00bb#ffffff\u00bb text_orientation=\u00bbcenter\u00bb module_alignment=\u00bbright\u00bb custom_padding_tablet=\u00bb||25px|\u00bb custom_padding_phone=\u00bb|25px|0px|25px\u00bb custom_padding_last_edited=\u00bbon|phone\u00bb]<\/p>\n<h2>SERVICIO DE TOOLING DE COBRE PARA ECONOM\u00cdA CIRCULAR<\/h2>\n<p>[\/et_pb_text][\/et_pb_column][et_pb_column type=\u00bb1_3&#8243; _builder_version=\u00bb3.25&#8243; custom_padding=\u00bb|||\u00bb custom_padding__hover=\u00bb|||\u00bb][et_pb_button button_url=\u00bbhttps:\/\/redelca.com\/contacto\/\u00bb button_text=\u00bbCONTACTAR\u00bb button_alignment=\u00bbcenter\u00bb _builder_version=\u00bb3.16&#8243; custom_button=\u00bbon\u00bb button_letter_spacing=\u00bb4px\u00bb button_font=\u00bb||||||||\u00bb button_icon=\u00bb%%22%%\u00bb custom_margin=\u00bb-20px||40px|\u00bb custom_margin_tablet=\u00bb||40px|\u00bb custom_margin_phone=\u00bb35px|40px|40px|40px\u00bb custom_margin_last_edited=\u00bbon|desktop\u00bb custom_padding=\u00bb|||\u00bb animation_style=\u00bbroll\u00bb box_shadow_style=\u00bbpreset1&#8243; button_letter_spacing_hover=\u00bb6px\u00bb button_bg_color_hover=\u00bbrgba(0,0,0,0.07)\u00bb button_text_size__hover_enabled=\u00bboff\u00bb button_one_text_size__hover_enabled=\u00bboff\u00bb button_two_text_size__hover_enabled=\u00bboff\u00bb button_text_color__hover_enabled=\u00bboff\u00bb button_one_text_color__hover_enabled=\u00bboff\u00bb button_two_text_color__hover_enabled=\u00bboff\u00bb button_border_width__hover_enabled=\u00bboff\u00bb button_one_border_width__hover_enabled=\u00bboff\u00bb button_two_border_width__hover_enabled=\u00bboff\u00bb button_border_color__hover_enabled=\u00bboff\u00bb button_one_border_color__hover_enabled=\u00bboff\u00bb button_two_border_color__hover_enabled=\u00bboff\u00bb button_border_radius__hover_enabled=\u00bboff\u00bb button_one_border_radius__hover_enabled=\u00bboff\u00bb button_two_border_radius__hover_enabled=\u00bboff\u00bb button_letter_spacing__hover_enabled=\u00bbon\u00bb button_letter_spacing__hover=\u00bb6px\u00bb button_one_letter_spacing__hover_enabled=\u00bboff\u00bb button_two_letter_spacing__hover_enabled=\u00bboff\u00bb button_bg_color__hover_enabled=\u00bbon\u00bb button_bg_color__hover=\u00bbrgba(0,0,0,0.07)\u00bb button_one_bg_color__hover_enabled=\u00bboff\u00bb button_two_bg_color__hover_enabled=\u00bboff\u00bb][\/et_pb_button][\/et_pb_column][\/et_pb_row][\/et_pb_section]<\/p>\n","protected":false},"excerpt":{"rendered":"<p>ATRIBUTOS DEL COBRE El cobre es infinitamente reciclable sin ninguna p\u00e9rdida de rendimiento y es casi indistinguible del cobre reci\u00e9n extra\u00eddo. El cobre tiene el historial de reciclaje m\u00e1s largo de cualquier material conocido por la civilizaci\u00f3n. Se estima que el 80 por ciento de todo el cobre extra\u00eddo durante los \u00faltimos 10.000 a\u00f1os todav\u00eda [&hellip;]<\/p>\n","protected":false},"author":1,"featured_media":0,"parent":0,"menu_order":0,"comment_status":"closed","ping_status":"closed","template":"","meta":{"_et_pb_use_builder":"on","_et_pb_old_content":"","_et_gb_content_width":"","footnotes":""},"class_list":["post-34681","page","type-page","status-publish","hentry"],"_links":{"self":[{"href":"https:\/\/redelca.com\/es\/wp-json\/wp\/v2\/pages\/34681","targetHints":{"allow":["GET"]}}],"collection":[{"href":"https:\/\/redelca.com\/es\/wp-json\/wp\/v2\/pages"}],"about":[{"href":"https:\/\/redelca.com\/es\/wp-json\/wp\/v2\/types\/page"}],"author":[{"embeddable":true,"href":"https:\/\/redelca.com\/es\/wp-json\/wp\/v2\/users\/1"}],"replies":[{"embeddable":true,"href":"https:\/\/redelca.com\/es\/wp-json\/wp\/v2\/comments?post=34681"}],"version-history":[{"count":21,"href":"https:\/\/redelca.com\/es\/wp-json\/wp\/v2\/pages\/34681\/revisions"}],"predecessor-version":[{"id":35323,"href":"https:\/\/redelca.com\/es\/wp-json\/wp\/v2\/pages\/34681\/revisions\/35323"}],"wp:attachment":[{"href":"https:\/\/redelca.com\/es\/wp-json\/wp\/v2\/media?parent=34681"}],"curies":[{"name":"wp","href":"https:\/\/api.w.org\/{rel}","templated":true}]}}