{"id":34493,"date":"2017-10-13T12:13:19","date_gmt":"2017-10-13T11:13:19","guid":{"rendered":"http:\/\/redelca.com\/?page_id=34493"},"modified":"2023-05-04T17:19:54","modified_gmt":"2023-05-04T16:19:54","slug":"empresa","status":"publish","type":"page","link":"https:\/\/redelca.com\/es\/empresa\/","title":{"rendered":"EMPRESA"},"content":{"rendered":"<p>[et_pb_section fb_built=\u00bb1&#8243; disabled_on=\u00bboff|off|off\u00bb _builder_version=\u00bb4.16&#8243; custom_padding=\u00bb0px|0px|0px|0px\u00bb global_colors_info=\u00bb{}\u00bb][et_pb_row disabled_on=\u00bboff|off|off\u00bb _builder_version=\u00bb4.20.4&#8243; _module_preset=\u00bbdefault\u00bb width=\u00bb90%\u00bb max_width=\u00bb90%\u00bb custom_padding=\u00bb2px||1px|||\u00bb hover_enabled=\u00bb0&#8243; global_colors_info=\u00bb{}\u00bb sticky_enabled=\u00bb0&#8243;][et_pb_column type=\u00bb4_4&#8243; _builder_version=\u00bb4.20.4&#8243; _module_preset=\u00bbdefault\u00bb global_colors_info=\u00bb{}\u00bb][et_pb_video src=\u00bb\/redelca.mp4&#8243; image_src=\u00bbhttps:\/\/redelca.com\/wp-content\/uploads\/2023\/05\/fondo.png\u00bb play_icon_color=\u00bb#E09900&#8243; _builder_version=\u00bb4.20.4&#8243; _module_preset=\u00bbdefault\u00bb global_colors_info=\u00bb{}\u00bb][\/et_pb_video][\/et_pb_column][\/et_pb_row][et_pb_row column_structure=\u00bb1_2,1_2&#8243; use_custom_gutter=\u00bbon\u00bb gutter_width=\u00bb1&#8243; make_equal=\u00bbon\u00bb custom_padding_last_edited=\u00bbon|desktop\u00bb module_class=\u00bb et_pb_row_fullwidth\u00bb _builder_version=\u00bb4.16&#8243; background_color=\u00bb#e1e1e1&#8243; width=\u00bb100%\u00bb width_tablet=\u00bb100%\u00bb width_phone=\u00bb\u00bb width_last_edited=\u00bbon|desktop\u00bb max_width=\u00bb100%\u00bb max_width_tablet=\u00bb100%\u00bb max_width_phone=\u00bb\u00bb max_width_last_edited=\u00bbon|desktop\u00bb custom_padding=\u00bb0px|0px|0|120px\u00bb custom_padding_tablet=\u00bb|||0px\u00bb custom_padding_phone=\u00bb0px|0px|0|0px\u00bb make_fullwidth=\u00bbon\u00bb global_colors_info=\u00bb{}\u00bb][et_pb_column type=\u00bb1_2&#8243; _builder_version=\u00bb4.16&#8243; background_color=\u00bbrgba(225,225,225,0)\u00bb background_blend=\u00bbsaturation\u00bb custom_padding=\u00bb|||\u00bb global_colors_info=\u00bb{}\u00bb custom_padding__hover=\u00bb|||\u00bb][et_pb_text _builder_version=\u00bb4.18.0&#8243; text_font=\u00bb||||||||\u00bb header_font=\u00bb||||||||\u00bb header_2_font=\u00bb||||||||\u00bb background_color=\u00bb#e1e1e1&#8243; text_orientation=\u00bbjustified\u00bb custom_margin=\u00bb30px|15%|0px||false|false\u00bb custom_padding=\u00bb40px|40px|40px|40px\u00bb animation_style=\u00bbslide\u00bb animation_direction=\u00bbleft\u00bb global_colors_info=\u00bb{}\u00bb]<\/p>\n<h2 style=\"text-align: left;\">\u00bfQUI\u00c9N ES REDELCA?<\/h2>\n<hr style=\"width: 40px; margin-left: 0px; border: 0px; border-bottom: 4px solid #ff6d00;\" \/>\n<p>Empresa familiar fundada en los a\u00f1os 70 en Vallirana (Barcelona). Nos dedicamos a la producci\u00f3n de granulado de cobre, utilizando todo tipo de materiales con contenido de cobre (cables, cableado de coches, conectores, etc.).<\/p>\n<div id=\"quiMes\" class=\"more\">Somos gestores de residuos acreditados por la Agencia de Residuos de Catalu\u00f1a, n\u00famero degestor E-838.03. Ponemos a su disposici\u00f3n, bajo dep\u00f3sito, contenedores. Nuestros transportistas est\u00e1n autorizados por la Agencia de Residuos de Catalu\u00f1a. Gestionamos la documentaci\u00f3n medioambiental necesaria: hojas de seguimiento de residuos, acuses de recibo de residuos, certificados de destrucci\u00f3n de materiales.<\/div>\n<p><span onclick=\"llegirMesQui()\" id=\"btnQui\" class=\"llegirBtn\">+ Leer M\u00e1s<\/span>[\/et_pb_text][et_pb_code _builder_version=\u00bb4.18.0&#8243; _module_preset=\u00bbdefault\u00bb global_colors_info=\u00bb{}\u00bb]<\/p>\n<style><!-- [et_pb_line_break_holder] -->#quiMes{display:none;}<!-- [et_pb_line_break_holder] -->#clientsMes{display:none;}<!-- [et_pb_line_break_holder] -->#instalaMes{display:none;}<!-- [et_pb_line_break_holder] -->#compromisMes{display:none;}<!-- [et_pb_line_break_holder] -->.llegirBtn{color:#ff9500;cursor:pointer;}<!-- [et_pb_line_break_holder] --><\/style>\n<p><!-- [et_pb_line_break_holder] --><script><!-- [et_pb_line_break_holder] -->function llegirMesQui(){<!-- [et_pb_line_break_holder] -->  if(jQuery('#quiMes').is(\":visible\")){<!-- [et_pb_line_break_holder] -->    jQuery('#quiMes').hide('slow');<!-- [et_pb_line_break_holder] -->    jQuery('#btnQui').text('+ Leer M\u00e1s');<!-- [et_pb_line_break_holder] -->  }else{<!-- [et_pb_line_break_holder] -->    jQuery('#quiMes').show('slow');<!-- [et_pb_line_break_holder] -->    jQuery('#btnQui').text('- Leer Menos');<!-- [et_pb_line_break_holder] -->  }<!-- [et_pb_line_break_holder] -->}<!-- [et_pb_line_break_holder] -->  function llegirMesClients(){<!-- [et_pb_line_break_holder] -->  if(jQuery('#clientsMes').is(\":visible\")){<!-- [et_pb_line_break_holder] -->    jQuery('#clientsMes').hide('slow');<!-- [et_pb_line_break_holder] -->    jQuery('#btnClients').text('+ Leer M\u00e1s');<!-- [et_pb_line_break_holder] -->  }else{<!-- [et_pb_line_break_holder] -->    jQuery('#clientsMes').show('slow');<!-- [et_pb_line_break_holder] -->    jQuery('#btnClients').text('- Leer Menos');<!-- [et_pb_line_break_holder] -->  }<!-- [et_pb_line_break_holder] -->}<!-- [et_pb_line_break_holder] -->    function llegirMesInstala(){<!-- [et_pb_line_break_holder] -->  if(jQuery('#instalaMes').is(\":visible\")){<!-- [et_pb_line_break_holder] -->    jQuery('#instalaMes').hide('slow');<!-- [et_pb_line_break_holder] -->    jQuery('#btnInstala').text('+ Leer M\u00e1s');<!-- [et_pb_line_break_holder] -->  }else{<!-- [et_pb_line_break_holder] -->    jQuery('#instalaMes').show('slow');<!-- [et_pb_line_break_holder] -->    jQuery('#btnInstala').text('- Leer Menos');<!-- [et_pb_line_break_holder] -->  }<!-- [et_pb_line_break_holder] -->}<!-- [et_pb_line_break_holder] -->     function llegirMesCompromis(){<!-- [et_pb_line_break_holder] -->  if(jQuery('#compromisMes').is(\":visible\")){<!-- [et_pb_line_break_holder] -->    jQuery('#compromisMes').hide('slow');<!-- [et_pb_line_break_holder] -->    jQuery('#btnCompromis').text('+ Leer M\u00e1s');<!-- [et_pb_line_break_holder] -->  }else{<!-- [et_pb_line_break_holder] -->    jQuery('#compromisMes').show('slow');<!-- [et_pb_line_break_holder] -->    jQuery('#btnCompromis').text('- Leer Menos');<!-- [et_pb_line_break_holder] -->  }<!-- [et_pb_line_break_holder] -->}<!-- [et_pb_line_break_holder] --><\/script>[\/et_pb_code][\/et_pb_column][et_pb_column type=\u00bb1_2&#8243; _builder_version=\u00bb4.16&#8243; custom_padding=\u00bb|||\u00bb global_colors_info=\u00bb{}\u00bb custom_padding__hover=\u00bb|||\u00bb][et_pb_text _builder_version=\u00bb4.18.0&#8243; text_font=\u00bb||||||||\u00bb header_font=\u00bb||||||||\u00bb header_2_font=\u00bb||||||||\u00bb background_color=\u00bb#e1e1e1&#8243; text_orientation=\u00bbjustified\u00bb custom_margin=\u00bb30px|15%|0px||false|false\u00bb custom_padding=\u00bb40px|40px|40px|40px\u00bb animation_style=\u00bbslide\u00bb animation_direction=\u00bbbottom\u00bb global_colors_info=\u00bb{}\u00bb]<\/p>\n<h2>NUESTROS CLIENTES<\/h2>\n<hr style=\"width: 40px; margin-left: 0px; border: 0px; border-bottom: 4px solid #ff6d00;\" \/>\n<p>Los clientes de Redelca valoran nuestro fabricado por recurrencia y constancia en servicio y producto. Nuestro material siempre es utilizado para su proceso productivo en el que necesitan acreditar su origen y la metodolog\u00eda de ensayos de producto.<\/p>\n<div id=\"clientsMes\" class=\"more\">La constante dedicaci\u00f3n durante a\u00f1os en busca de la mejora continua de nuestro fabricado forma parte natural de nuestro ADN. Nuestro objetivo es conseguir la meta inalcanzable de la excelencia\u00a0 siguiendo la pol\u00edtica de la econom\u00eda circular de las materias primas finitas.<\/div>\n<p><span onclick=\"llegirMesClients()\" id=\"btnClients\" class=\"llegirBtn\">+ Leer M\u00e1s<\/span>[\/et_pb_text][\/et_pb_column][\/et_pb_row][et_pb_row column_structure=\u00bb1_2,1_2&#8243; use_custom_gutter=\u00bbon\u00bb gutter_width=\u00bb1&#8243; make_equal=\u00bbon\u00bb custom_padding_last_edited=\u00bbon|desktop\u00bb module_class=\u00bb et_pb_row_fullwidth\u00bb _builder_version=\u00bb4.16&#8243; background_color=\u00bb#e1e1e1&#8243; width=\u00bb100%\u00bb width_tablet=\u00bb100%\u00bb width_phone=\u00bb\u00bb width_last_edited=\u00bbon|desktop\u00bb max_width=\u00bb100%\u00bb max_width_tablet=\u00bb100%\u00bb max_width_phone=\u00bb\u00bb max_width_last_edited=\u00bbon|desktop\u00bb custom_padding=\u00bb0px|0px|0|120px\u00bb custom_padding_tablet=\u00bb|||0px\u00bb custom_padding_phone=\u00bb0px|0px|0|0px\u00bb make_fullwidth=\u00bbon\u00bb global_colors_info=\u00bb{}\u00bb][et_pb_column type=\u00bb1_2&#8243; _builder_version=\u00bb4.16&#8243; background_color=\u00bbrgba(225,225,225,0)\u00bb background_blend=\u00bbsaturation\u00bb custom_padding=\u00bb|||\u00bb global_colors_info=\u00bb{}\u00bb custom_padding__hover=\u00bb|||\u00bb][et_pb_text _builder_version=\u00bb4.18.0&#8243; text_font=\u00bb||||||||\u00bb background_enable_color=\u00bboff\u00bb text_orientation=\u00bbjustified\u00bb custom_margin=\u00bb20px|15%|0px||false|false\u00bb custom_padding=\u00bb10px|40px|40px|40px|false|false\u00bb animation_style=\u00bbslide\u00bb animation_direction=\u00bbbottom\u00bb global_colors_info=\u00bb{}\u00bb]<\/p>\n<h2>INSTALACIONES<\/h2>\n<hr style=\"width: 40px; margin-left: 0px; border: 0px; border-bottom: 4px solid #ff6d00;\" \/>\n<p>Las nuevas instalaciones e inversiones en la planta, tanto de cobre como de aluminio, nos han aportado m\u00e1s posibilidades de adaptar nuestros servicios de transformaci\u00f3n a los requerimientos de los clientes. En estos momentos, adem\u00e1s de separar el cobre y el aluminio del pl\u00e1stico, podemos separar diversos materiales tales como cables m\u00faltiples, con plomo, aluminio, hierro &#8230;<\/p>\n<div id=\"instalaMes\" class=\"more\">\n<p>Tambi\u00e9n tenemos una gran variedad de maquinaria para conseguir el desbobinaje de diferentes tipolog\u00edas de bobinas, tanto met\u00e1licas como de madera.<\/p>\n<\/div>\n<p><span onclick=\"llegirMesInstala()\" id=\"btnInstala\" class=\"llegirBtn\">+ Leer M\u00e1s<\/span>[\/et_pb_text][\/et_pb_column][et_pb_column type=\u00bb1_2&#8243; _builder_version=\u00bb4.16&#8243; custom_padding=\u00bb|||\u00bb global_colors_info=\u00bb{}\u00bb custom_padding__hover=\u00bb|||\u00bb][et_pb_text _builder_version=\u00bb4.18.0&#8243; text_font=\u00bb||||||||\u00bb background_enable_color=\u00bboff\u00bb text_orientation=\u00bbjustified\u00bb custom_margin=\u00bb20px|15%|0px||false|false\u00bb custom_padding=\u00bb10px|40px|40px|40px|false|false\u00bb animation_style=\u00bbslide\u00bb animation_direction=\u00bbbottom\u00bb global_colors_info=\u00bb{}\u00bb]<\/p>\n<h2>COMPROMISO MEDIOAMBIENTAL<\/h2>\n<hr style=\"width: 40px; margin-left: 0px; border: 0px; border-bottom: 4px solid #ff6d00;\" \/>\n<p>RECUPERADORA DEL CABLE Y GESTI\u00d3N DE RESIDUOS S.L. (Redelca en adelante) se funda en los a\u00f1os 70. Su actividad principal se centra en el reciclaje de materiales con contenido de cobre que se generan en procesos industriales, especialmente en el \u00e1mbito de los componentes para el sector automoci\u00f3n, facilitando as\u00ed potenciar la econom\u00eda circular. M\u00e1s all\u00e1 de la comercializaci\u00f3n de productos met\u00e1licos ordinarios, Redelca destaca por la fabricaci\u00f3n de granallas recicladas de cobre de diferentes calidades, las cuales destacan por el elevado grado de pureza met\u00e1lica y el bajo nivel de impropios.<\/p>\n<div id=\"compromisMes\" class=\"more\">\n<p>Tras llevar a cabo un proceso de internacionalizaci\u00f3n de la empresa -principalmente en lo referente a los proveedores que suministran los materiales met\u00e1licos residuales, pero tambi\u00e9n en cuanto a clientes que adquieren los productos met\u00e1licos reciclados-, el principal objetivo de la Direcci\u00f3n de la organizaci\u00f3n radica en optimizar los est\u00e1ndares de calidad del producto y del servicio que ofrecemos al cliente, en un marco de respeto al entorno, econom\u00eda circular, sostenibilidad y a las medidas de seguridad.<\/p>\n<p>Particularmente, Redelca no deja de avanzar en aquellas tecnolog\u00edas de producci\u00f3n que permitan mejorar la calidad del producto reciclado, minimizar el impacto ambiental de nuestra actividad, en un uso m\u00e1s eficiente de los recursos que se invierten y en una mayor garant\u00eda de las condiciones de seguridad y salud para nuestros trabajadores y trabajadoras. Destacar en este sentido que el objetivo a largo plazo de Redelca es el de reintroducir en el circuito productivo la totalidad de los materiales que recoge.<\/p>\n<p>La planta de reciclaje se encuentra ubicada en la comarca del Baix Llobregat (Barcelona) en el municipio de Vallirana, concretamente en el Pol\u00edgono industrial Can Prunera, calle Solson\u00e8s n\u00famero 14 nave C. El emplazamiento dispone de unos 1.184,80 m2, entre planta y oficinas y de 3.318 m2 de patios y espacio exterior. Cuenta con maquinaria e instalaciones especialmente dise\u00f1adas para la valorizaci\u00f3n de los residuos de cobre.<\/p>\n<p>La actividad se encuentra autorizada por el ayuntamiento de Vallirana y registrada por la autoridad competente la Agencia de Residus de Catalunya en el Registre General de Gestors de Residus con el c\u00f3digo E-838.03. Tambi\u00e9n dispone de c\u00f3digo de Productor P-12634.2 y NIMA 0800445982.<\/p>\n<p>Como producto de la gesti\u00f3n de REDELCA, el cobre obtenido del proceso de recuperaci\u00f3n se convierte en una materia prima de alta calidad para el mercado cumpliendo con los principios de una Econom\u00eda circular. Su actividad se desarrolla en el contexto de \u00e1mbito nacional e internacional.<\/p>\n<p>Para llevar a buen t\u00e9rmino sus actividades, REDELCA dispone del equipo humano adecuado a sus fines, que desarrolla las funciones definidas en el organigrama de la empresa.<\/p>\n<p>Consciente de la responsabilidad en la preservaci\u00f3n del medio ambiente los materiales son tratados para conseguir la m\u00e1xima calidad del producto y la minimizaci\u00f3n de residuos.<\/p>\n<\/div>\n<p><span onclick=\"llegirMesCompromis()\" id=\"btnCompromis\" class=\"llegirBtn\">+ Leer M\u00e1s<\/span>[\/et_pb_text][\/et_pb_column][\/et_pb_row][et_pb_row use_custom_gutter=\u00bbon\u00bb gutter_width=\u00bb1&#8243; make_equal=\u00bbon\u00bb custom_padding_last_edited=\u00bbon|desktop\u00bb module_id=\u00bbcompromiso_medioambiental\u00bb module_class=\u00bb et_pb_row_fullwidth\u00bb _builder_version=\u00bb4.16&#8243; background_enable_color=\u00bboff\u00bb width=\u00bb100%\u00bb width_tablet=\u00bb100%\u00bb width_phone=\u00bb\u00bb width_last_edited=\u00bbon|desktop\u00bb max_width=\u00bb100%\u00bb max_width_tablet=\u00bb100%\u00bb max_width_phone=\u00bb\u00bb max_width_last_edited=\u00bbon|desktop\u00bb custom_padding=\u00bb0px|0px|0|120px\u00bb custom_padding_tablet=\u00bb|||0px\u00bb custom_padding_phone=\u00bb0px|0px|0|0px\u00bb make_fullwidth=\u00bbon\u00bb global_colors_info=\u00bb{}\u00bb][et_pb_column type=\u00bb4_4&#8243; _builder_version=\u00bb4.16&#8243; background_color=\u00bbrgba(225,225,225,0)\u00bb background_blend=\u00bbsaturation\u00bb custom_padding=\u00bb|||\u00bb global_colors_info=\u00bb{}\u00bb custom_padding__hover=\u00bb|||\u00bb][\/et_pb_column][\/et_pb_row][et_pb_row column_structure=\u00bb1_3,1_3,1_3&#8243; _builder_version=\u00bb4.16&#8243; background_size=\u00bbinitial\u00bb background_position=\u00bbtop_left\u00bb background_repeat=\u00bbrepeat\u00bb custom_padding=\u00bb68px|0px|27px|0px|false|false\u00bb global_colors_info=\u00bb{}\u00bb][et_pb_column type=\u00bb1_3&#8243; _builder_version=\u00bb4.16&#8243; custom_padding=\u00bb|||\u00bb global_colors_info=\u00bb{}\u00bb custom_padding__hover=\u00bb|||\u00bb][et_pb_image src=\u00bbhttps:\/\/redelca.com\/wp-content\/uploads\/2018\/04\/oficinas.jpg\u00bb align_tablet=\u00bbcenter\u00bb align_phone=\u00bb\u00bb align_last_edited=\u00bbon|desktop\u00bb _builder_version=\u00bb4.16&#8243; max_width=\u00bb90%\u00bb max_width_tablet=\u00bb\u00bb max_width_phone=\u00bb\u00bb max_width_last_edited=\u00bbon|desktop\u00bb global_colors_info=\u00bb{}\u00bb][\/et_pb_image][\/et_pb_column][et_pb_column type=\u00bb1_3&#8243; _builder_version=\u00bb4.16&#8243; custom_padding=\u00bb|||\u00bb global_colors_info=\u00bb{}\u00bb custom_padding__hover=\u00bb|||\u00bb][et_pb_image src=\u00bbhttps:\/\/redelca.com\/wp-content\/uploads\/2018\/04\/fabrica.jpg\u00bb align=\u00bbcenter\u00bb align_tablet=\u00bbcenter\u00bb align_phone=\u00bb\u00bb align_last_edited=\u00bbon|desktop\u00bb _builder_version=\u00bb4.16&#8243; max_width_tablet=\u00bb\u00bb max_width_phone=\u00bb100%\u00bb max_width_last_edited=\u00bbon|desktop\u00bb global_colors_info=\u00bb{}\u00bb][\/et_pb_image][\/et_pb_column][et_pb_column type=\u00bb1_3&#8243; _builder_version=\u00bb4.16&#8243; custom_padding=\u00bb|||\u00bb global_colors_info=\u00bb{}\u00bb custom_padding__hover=\u00bb|||\u00bb][et_pb_image src=\u00bbhttps:\/\/redelca.com\/wp-content\/uploads\/2018\/04\/handshake-297272_640.png\u00bb align_tablet=\u00bbcenter\u00bb align_phone=\u00bb\u00bb align_last_edited=\u00bbon|desktop\u00bb _builder_version=\u00bb4.16&#8243; max_width_tablet=\u00bb47%\u00bb max_width_phone=\u00bb47%\u00bb max_width_last_edited=\u00bbon|phone\u00bb global_colors_info=\u00bb{}\u00bb][\/et_pb_image][et_pb_text _builder_version=\u00bb4.16&#8243; text_orientation=\u00bbcenter\u00bb module_alignment=\u00bbright\u00bb global_colors_info=\u00bb{}\u00bb]<\/p>\n<h2>TU EMPRESA DE CONFIANZA.<\/h2>\n<p>[\/et_pb_text][\/et_pb_column][\/et_pb_row][\/et_pb_section]<\/p>\n","protected":false},"excerpt":{"rendered":"<p>\u00bfQUI\u00c9N ES REDELCA? Empresa familiar fundada en los a\u00f1os 70 en Vallirana (Barcelona). Nos dedicamos a la producci\u00f3n de granulado de cobre, utilizando todo tipo de materiales con contenido de cobre (cables, cableado de coches, conectores, etc.). Somos gestores de residuos acreditados por la Agencia de Residuos de Catalu\u00f1a, n\u00famero degestor E-838.03. Ponemos a su [&hellip;]<\/p>\n","protected":false},"author":1,"featured_media":0,"parent":0,"menu_order":0,"comment_status":"closed","ping_status":"closed","template":"","meta":{"_et_pb_use_builder":"on","_et_pb_old_content":"","_et_gb_content_width":"","footnotes":""},"class_list":["post-34493","page","type-page","status-publish","hentry"],"_links":{"self":[{"href":"https:\/\/redelca.com\/es\/wp-json\/wp\/v2\/pages\/34493","targetHints":{"allow":["GET"]}}],"collection":[{"href":"https:\/\/redelca.com\/es\/wp-json\/wp\/v2\/pages"}],"about":[{"href":"https:\/\/redelca.com\/es\/wp-json\/wp\/v2\/types\/page"}],"author":[{"embeddable":true,"href":"https:\/\/redelca.com\/es\/wp-json\/wp\/v2\/users\/1"}],"replies":[{"embeddable":true,"href":"https:\/\/redelca.com\/es\/wp-json\/wp\/v2\/comments?post=34493"}],"version-history":[{"count":95,"href":"https:\/\/redelca.com\/es\/wp-json\/wp\/v2\/pages\/34493\/revisions"}],"predecessor-version":[{"id":35935,"href":"https:\/\/redelca.com\/es\/wp-json\/wp\/v2\/pages\/34493\/revisions\/35935"}],"wp:attachment":[{"href":"https:\/\/redelca.com\/es\/wp-json\/wp\/v2\/media?parent=34493"}],"curies":[{"name":"wp","href":"https:\/\/api.w.org\/{rel}","templated":true}]}}