{"id":34489,"date":"2017-10-13T12:13:05","date_gmt":"2017-10-13T11:13:05","guid":{"rendered":"http:\/\/redelca.com\/?page_id=34489"},"modified":"2020-10-09T12:52:35","modified_gmt":"2020-10-09T11:52:35","slug":"productos","status":"publish","type":"page","link":"https:\/\/redelca.com\/es\/productos\/","title":{"rendered":"PRODUCTOS"},"content":{"rendered":"<p>[et_pb_section fb_built=\u00bb1&#8243; disabled_on=\u00bboff|off|off\u00bb _builder_version=\u00bb3.22&#8243; custom_padding=\u00bb0px|0px|0px|0px\u00bb][et_pb_row column_structure=\u00bb2_3,1_3&#8243; use_custom_gutter=\u00bbon\u00bb gutter_width=\u00bb1&#8243; make_equal=\u00bbon\u00bb module_class=\u00bb et_pb_row_fullwidth\u00bb _builder_version=\u00bb3.25&#8243; background_color=\u00bb#e1e1e1&#8243; width=\u00bb100%\u00bb width_tablet=\u00bb100%\u00bb width_phone=\u00bb\u00bb width_last_edited=\u00bbon|desktop\u00bb max_width=\u00bb100%\u00bb max_width_tablet=\u00bb100%\u00bb max_width_phone=\u00bb\u00bb max_width_last_edited=\u00bbon|desktop\u00bb custom_padding=\u00bb0px|0px|0px|0px\u00bb make_fullwidth=\u00bbon\u00bb][et_pb_column type=\u00bb2_3&#8243; _builder_version=\u00bb3.25&#8243; background_color=\u00bbrgba(225,225,225,0)\u00bb background_image=\u00bbhttps:\/\/redelca.com\/wp-content\/uploads\/2018\/04\/compramos-cable.jpg\u00bb background_blend=\u00bbcolor\u00bb custom_padding=\u00bb10%||10%|\u00bb custom_padding__hover=\u00bb|||\u00bb][\/et_pb_column][et_pb_column type=\u00bb1_3&#8243; _builder_version=\u00bb3.25&#8243; custom_padding=\u00bb|||\u00bb custom_padding__hover=\u00bb|||\u00bb][et_pb_text _builder_version=\u00bb3.27.4&#8243; background_color=\u00bb#e1e1e1&#8243; custom_margin=\u00bb10%|15%|10%|\u00bb custom_padding=\u00bb40px|40px|40px|40px\u00bb animation_style=\u00bbroll\u00bb animation_direction=\u00bbright\u00bb]<\/p>\n<h2>\u00bfQU\u00c9 MATERIALES COMPRA REDELCA?<\/h2>\n<hr style=\"width: 40px; margin-left: 0px; border: 0px; border-bottom: 4px solid #ff6d00;\" \/>\n<p>Cobre puro<br \/> Cables<br \/> Cables de bateria<br \/> Fusibles<br \/> Terminales<br \/> Cableados<br \/> Piezas de lat\u00f3n<br \/> Piezas de bronce<br \/> Piezas de cobre esta\u00f1ado<br \/> Metales mezclados y otros aleados<\/p>\n<p>[\/et_pb_text][\/et_pb_column][\/et_pb_row][\/et_pb_section][et_pb_section fb_built=\u00bb1&#8243; _builder_version=\u00bb3.22&#8243; custom_padding=\u00bb0|0px|0|0px\u00bb top_divider_style=\u00bbwave\u00bb top_divider_color=\u00bb#ff9500&#8243; top_divider_height=\u00bb235px\u00bb][et_pb_row column_structure=\u00bb1_2,1_4,1_4&#8243; module_class=\u00bb et_pb_row_fullwidth\u00bb _builder_version=\u00bb3.25&#8243; width=\u00bb89%\u00bb width_tablet=\u00bb80%\u00bb width_phone=\u00bb\u00bb width_last_edited=\u00bbon|desktop\u00bb max_width=\u00bb89%\u00bb max_width_tablet=\u00bb80%\u00bb max_width_phone=\u00bb\u00bb max_width_last_edited=\u00bbon|desktop\u00bb custom_padding=\u00bb27px|0px|0|0px\u00bb make_fullwidth=\u00bbon\u00bb][et_pb_column type=\u00bb1_2&#8243; _builder_version=\u00bb3.25&#8243; custom_padding=\u00bb|||\u00bb custom_padding__hover=\u00bb|||\u00bb][et_pb_image src=\u00bbhttps:\/\/redelca.com\/wp-content\/uploads\/2018\/04\/autmocion.png\u00bb align_tablet=\u00bbcenter\u00bb align_phone=\u00bb\u00bb align_last_edited=\u00bbon|desktop\u00bb _builder_version=\u00bb3.23&#8243;][\/et_pb_image][\/et_pb_column][et_pb_column type=\u00bb1_4&#8243; _builder_version=\u00bb3.25&#8243; custom_padding=\u00bb|||\u00bb custom_padding__hover=\u00bb|||\u00bb][et_pb_text _builder_version=\u00bb3.27.4&#8243; text_font=\u00bb||||||||\u00bb text_orientation=\u00bbcenter\u00bb]<\/p>\n<h2><strong>ESPECIALIZADOS EN EL SECTOR DE COMPONENTES DE AUTOMOCI\u00d3N<\/strong><\/h2>\n<p>[\/et_pb_text][et_pb_blurb image=\u00bbhttps:\/\/redelca.com\/wp-content\/uploads\/2018\/04\/eco-vehiculo.gif\u00bb image_max_width=\u00bb41%\u00bb content_max_width=\u00bb461px\u00bb disabled_on=\u00bbon|on|off\u00bb _builder_version=\u00bb3.0.106&#8243; animation_style=\u00bbslide\u00bb animation_direction=\u00bbleft\u00bb animation_duration=\u00bb2000ms\u00bb animation=\u00bbleft\u00bb][\/et_pb_blurb][\/et_pb_column][et_pb_column type=\u00bb1_4&#8243; _builder_version=\u00bb3.25&#8243; custom_padding=\u00bb|||\u00bb custom_padding__hover=\u00bb|||\u00bb][et_pb_blurb image=\u00bbhttps:\/\/redelca.com\/wp-content\/uploads\/2018\/04\/compramos.png\u00bb image_max_width=\u00bb75%\u00bb disabled_on=\u00bbon|on|off\u00bb _builder_version=\u00bb3.0.106&#8243; custom_margin=\u00bb55px|||\u00bb][\/et_pb_blurb][\/et_pb_column][\/et_pb_row][\/et_pb_section][et_pb_section fb_built=\u00bb1&#8243; disabled_on=\u00bbon|on|\u00bb _builder_version=\u00bb4.5.6&#8243; background_color=\u00bb#ff9500&#8243; custom_padding=\u00bb0px|0px|0px|0px\u00bb][et_pb_row _builder_version=\u00bb3.25&#8243; background_color=\u00bb#ff9500&#8243;][et_pb_column type=\u00bb4_4&#8243; _builder_version=\u00bb3.25&#8243; custom_padding=\u00bb|||\u00bb custom_padding__hover=\u00bb|||\u00bb][et_pb_text _builder_version=\u00bb3.27.4&#8243; text_font=\u00bb||||||||\u00bb background_color=\u00bb#ff9500&#8243; text_orientation=\u00bbright\u00bb module_alignment=\u00bbright\u00bb]<\/p>\n<h2 style=\"text-align: center;\">COMPROMETIDOS CON EL MEDIO AMBIENTE.<\/h2>\n<p>[\/et_pb_text][\/et_pb_column][\/et_pb_row][\/et_pb_section][et_pb_section fb_built=\u00bb1&#8243; disabled_on=\u00bbon|on|\u00bb _builder_version=\u00bb3.22&#8243; custom_padding=\u00bb0px|0px|0px|0px\u00bb][et_pb_row column_structure=\u00bb1_3,2_3&#8243; use_custom_gutter=\u00bbon\u00bb gutter_width=\u00bb1&#8243; module_class=\u00bb et_pb_row_fullwidth\u00bb _builder_version=\u00bb3.25&#8243; background_color=\u00bb#e1e1e1&#8243; width=\u00bb100%\u00bb width_tablet=\u00bb100%\u00bb width_phone=\u00bb\u00bb width_last_edited=\u00bbon|desktop\u00bb max_width=\u00bb100%\u00bb max_width_tablet=\u00bb100%\u00bb max_width_phone=\u00bb\u00bb max_width_last_edited=\u00bbon|desktop\u00bb custom_padding=\u00bb0px|0px|0px|0px\u00bb make_fullwidth=\u00bbon\u00bb][et_pb_column type=\u00bb1_3&#8243; _builder_version=\u00bb3.25&#8243; custom_padding=\u00bb|||\u00bb custom_padding__hover=\u00bb|||\u00bb][et_pb_text _builder_version=\u00bb3.27.4&#8243; text_font=\u00bb||||||||\u00bb background_color=\u00bb#e1e1e1&#8243; custom_margin=\u00bb10%|0px|10%|15%\u00bb custom_padding=\u00bb40px|40px|40px|40px\u00bb animation_style=\u00bbroll\u00bb animation_direction=\u00bbright\u00bb]<\/p>\n<h2>\u00bfQU\u00c9 MATERIALES PRODUCE REDELCA?<\/h2>\n<hr style=\"width: 40px; margin-left: 0px; border: 0px; border-bottom: 4px solid #ff6d00;\" \/>\n<p>Mediante un proceso complejo de trituraci\u00f3n y con el uso de maquinaria moderna REDELCA consigue producir granalla de cobre de alta calidad, que se podria usar en cualquier operaci\u00f3n de fundici\u00f3n (cobre, aleados, y metales)<\/p>\n<p>[\/et_pb_text][et_pb_code text_orientation=\u00bbcenter\u00bb max_width=\u00bb85%\u00bb module_alignment=\u00bbcenter\u00bb]<iframe loading=\"lazy\" width=\"560\" height=\"315\" src=\"https:\/\/www.youtube.com\/embed\/31ePnrU4vSQ?rel=0&#038;controls=0\" frameborder=\"0\" allow=\"autoplay; encrypted-media\" allowfullscreen><\/iframe>[\/et_pb_code][\/et_pb_column][et_pb_column type=\u00bb2_3&#8243; _builder_version=\u00bb3.25&#8243; background_image=\u00bbhttps:\/\/redelca.com\/wp-content\/uploads\/2018\/04\/granalla-e1560506726512.jpg\u00bb custom_padding=\u00bb20%||20%|\u00bb custom_padding__hover=\u00bb|||\u00bb][\/et_pb_column][\/et_pb_row][\/et_pb_section][et_pb_section fb_built=\u00bb1&#8243; disabled_on=\u00bbon|on|\u00bb _builder_version=\u00bb4.5.6&#8243; background_color=\u00bb#ff9500&#8243; custom_padding=\u00bb0px|0px|0px|0px\u00bb][et_pb_row _builder_version=\u00bb4.5.6&#8243; background_color=\u00bb#ff9500&#8243;][et_pb_column type=\u00bb4_4&#8243; _builder_version=\u00bb4.5.6&#8243; custom_padding=\u00bb|||\u00bb custom_padding__hover=\u00bb|||\u00bb][et_pb_text _builder_version=\u00bb3.27.4&#8243; text_orientation=\u00bbright\u00bb module_alignment=\u00bbright\u00bb]<\/p>\n<h2 style=\"text-align: center;\">APLICACIONES DEL COBRE<\/h2>\n<p>[\/et_pb_text][\/et_pb_column][\/et_pb_row][\/et_pb_section][et_pb_section fb_built=\u00bb1&#8243; disabled_on=\u00bbon|on|off\u00bb _builder_version=\u00bb3.22&#8243; custom_padding=\u00bb0px|0px|0px|0px\u00bb][et_pb_row column_structure=\u00bb2_3,1_3&#8243; use_custom_gutter=\u00bbon\u00bb gutter_width=\u00bb1&#8243; make_equal=\u00bbon\u00bb module_class=\u00bb et_pb_row_fullwidth\u00bb _builder_version=\u00bb4.5.6&#8243; background_color=\u00bb#e1e1e1&#8243; width=\u00bb100%\u00bb width_tablet=\u00bb100%\u00bb width_phone=\u00bb\u00bb width_last_edited=\u00bbon|desktop\u00bb max_width=\u00bb100%\u00bb max_width_tablet=\u00bb100%\u00bb max_width_phone=\u00bb\u00bb max_width_last_edited=\u00bbon|desktop\u00bb custom_padding=\u00bb0px|0px|0px|0px\u00bb hover_enabled=\u00bb0&#8243; make_fullwidth=\u00bbon\u00bb][et_pb_column type=\u00bb2_3&#8243; _builder_version=\u00bb3.25&#8243; background_color=\u00bbrgba(225,225,225,0)\u00bb background_image=\u00bbhttps:\/\/redelca.com\/wp-content\/uploads\/2018\/04\/copper-beauty.jpg\u00bb background_blend=\u00bbcolor\u00bb custom_padding=\u00bb20%||20%|\u00bb custom_padding__hover=\u00bb|||\u00bb][\/et_pb_column][et_pb_column type=\u00bb1_3&#8243; _builder_version=\u00bb4.5.6&#8243; custom_padding=\u00bb|||\u00bb hover_enabled=\u00bb0&#8243; custom_padding__hover=\u00bb|||\u00bb background_color=\u00bb#e2e2e2&#8243;][et_pb_text _builder_version=\u00bb3.27.4&#8243; background_color=\u00bb#e1e1e1&#8243; custom_margin=\u00bb10%|15%|13%|||\u00bb custom_padding=\u00bb40px|40px|40px|40px\u00bb animation_style=\u00bbroll\u00bb animation_direction=\u00bbright\u00bb]<\/p>\n<h2>\u00bfQU\u00c9 APLICACIONES TIENE NUESTRO PRODUCTO?<\/h2>\n<hr style=\"width: 40px; margin-left: 0px; border: 0px; border-bottom: 4px solid #ff6d00;\" \/>\n<p>El cobre posee propiedades f\u00edsicas, qu\u00edmicas, mec\u00e1nicas y biol\u00f3gicas que propician su uso industrial. Es un material importante en multitud de actividades econ\u00f3micas y ha sido considerado un recurso estrat\u00e9gico en situaciones de conflicto.<\/p>\n<p>Aplicaciones el\u00e9ctricas, energ\u00e9ticas y telecomunicaciones<br \/>\nAplicaciones en Energ\u00edas Renovables<br \/>\nMedios de transporte<br \/>\nConstrucci\u00f3n y ornamentaci\u00f3n<br \/>\nSector farmac\u00e9utico y alimentario<br \/>\nMonedas[\/et_pb_text][\/et_pb_column][\/et_pb_row][\/et_pb_section][et_pb_section fb_built=\u00bb1&#8243; disabled_on=\u00bb||on\u00bb _builder_version=\u00bb3.22&#8243; min_height=\u00bb1400px\u00bb custom_padding=\u00bb0px|0px|0px|0px\u00bb][et_pb_row column_structure=\u00bb1_2,1_2&#8243; use_custom_gutter=\u00bbon\u00bb gutter_width=\u00bb1&#8243; make_equal=\u00bbon\u00bb disabled_on=\u00bboff|off|on\u00bb module_class=\u00bb et_pb_row_fullwidth\u00bb _builder_version=\u00bb3.25&#8243; width=\u00bb100%\u00bb width_tablet=\u00bb100%\u00bb width_phone=\u00bb\u00bb width_last_edited=\u00bbon|desktop\u00bb max_width=\u00bb100%\u00bb max_width_tablet=\u00bb100%\u00bb max_width_phone=\u00bb\u00bb max_width_last_edited=\u00bbon|desktop\u00bb custom_margin=\u00bb0px|0px|0px|0px\u00bb custom_padding=\u00bb0px|0px|0px|0px\u00bb make_fullwidth=\u00bbon\u00bb][et_pb_column type=\u00bb1_2&#8243; _builder_version=\u00bb3.25&#8243; background_color=\u00bbrgba(225,225,225,0)\u00bb background_blend=\u00bbhue\u00bb custom_padding=\u00bb||0px|\u00bb custom_padding__hover=\u00bb|||\u00bb][et_pb_text _builder_version=\u00bb3.27.4&#8243; background_color=\u00bb#e1e1e1&#8243; custom_margin=\u00bb0px|0px|0px|0px\u00bb custom_padding=\u00bb40px|40px|40px|40px\u00bb animation_style=\u00bbroll\u00bb animation_direction=\u00bbright\u00bb]<\/p>\n<h2>\u00bfQU\u00c9 MATERIALES COMPRA REDELCA?<\/h2>\n<hr style=\"width: 40px; margin-left: 0px; border: 0px; border-bottom: 4px solid #ff6d00;\" \/>\n<p>Cobre puro<br \/> Cables<br \/> Cables de bateria<br \/> Fusibles<br \/> Terminales<br \/> Cableados<br \/> Piezas de lat\u00f3n<br \/> Piezas de bronce<br \/> Piezas de cobre esta\u00f1ado<br \/> Metales mezclados y otros aleados<\/p>\n<p>[\/et_pb_text][\/et_pb_column][et_pb_column type=\u00bb1_2&#8243; _builder_version=\u00bb3.25&#8243; background_image=\u00bbhttps:\/\/redelca.com\/wp-content\/uploads\/2018\/04\/compramos-cable.jpg\u00bb custom_padding=\u00bb|||\u00bb custom_padding__hover=\u00bb|||\u00bb][et_pb_divider show_divider=\u00bboff\u00bb _builder_version=\u00bb3.2&#8243; custom_css_main_element=\u00bbheight:200px !important;\u00bb][\/et_pb_divider][\/et_pb_column][\/et_pb_row][et_pb_row column_structure=\u00bb1_2,1_2&#8243; use_custom_gutter=\u00bbon\u00bb gutter_width=\u00bb1&#8243; make_equal=\u00bbon\u00bb disabled_on=\u00bboff|off|on\u00bb module_class=\u00bb et_pb_row_fullwidth\u00bb _builder_version=\u00bb3.25&#8243; width=\u00bb100%\u00bb width_tablet=\u00bb100%\u00bb width_phone=\u00bb\u00bb width_last_edited=\u00bbon|desktop\u00bb max_width=\u00bb100%\u00bb max_width_tablet=\u00bb100%\u00bb max_width_phone=\u00bb\u00bb max_width_last_edited=\u00bbon|desktop\u00bb custom_margin=\u00bb0px|0px|0px|0px\u00bb custom_padding=\u00bb0px|0px|0px|0px\u00bb make_fullwidth=\u00bbon\u00bb][et_pb_column type=\u00bb1_2&#8243; _builder_version=\u00bb3.25&#8243; background_color=\u00bbrgba(225,225,225,0)\u00bb background_blend=\u00bbhue\u00bb custom_padding=\u00bb||0px|\u00bb custom_padding__hover=\u00bb|||\u00bb][et_pb_text _builder_version=\u00bb3.27.4&#8243; background_color=\u00bb#e1e1e1&#8243; custom_margin=\u00bb0px|0px|0px|0px\u00bb custom_padding=\u00bb40px|40px|40px|40px\u00bb animation_style=\u00bbroll\u00bb animation_direction=\u00bbright\u00bb]<\/p>\n<h2>\u00bfQU\u00c9 MATERIALES PRODUCE REDELCA?<\/h2>\n<hr style=\"width: 40px; margin-left: 0px; border: 0px; border-bottom: 4px solid #ff6d00;\" \/>\n<p>Mediante un proceso complejo de trituraci\u00f3n y con el uso de maquinaria moderna REDELCA consigue producir granalla de cobre de alta calidad, que se podria usar en cualquier operaci\u00f3n de fundici\u00f3n (cobre, aleados, y metales)<\/p>\n<p>[\/et_pb_text][et_pb_code text_orientation=\u00bbcenter\u00bb]<iframe loading=\"lazy\" width=\"560\" height=\"315\" src=\"https:\/\/www.youtube.com\/embed\/31ePnrU4vSQ?rel=0&#038;controls=0\" frameborder=\"0\" allow=\"autoplay; encrypted-media\" allowfullscreen><\/iframe>[\/et_pb_code][\/et_pb_column][et_pb_column type=\u00bb1_2&#8243; _builder_version=\u00bb3.25&#8243; background_image=\u00bbhttps:\/\/redelca.com\/wp-content\/uploads\/2018\/04\/granalla.jpg\u00bb custom_padding=\u00bb|||\u00bb custom_padding__hover=\u00bb|||\u00bb][et_pb_divider show_divider=\u00bboff\u00bb _builder_version=\u00bb3.2&#8243; custom_css_main_element=\u00bbheight:200px !important;\u00bb][\/et_pb_divider][\/et_pb_column][\/et_pb_row][et_pb_row column_structure=\u00bb1_2,1_2&#8243; use_custom_gutter=\u00bbon\u00bb gutter_width=\u00bb1&#8243; make_equal=\u00bbon\u00bb disabled_on=\u00bboff|off|on\u00bb module_class=\u00bb et_pb_row_fullwidth\u00bb _builder_version=\u00bb3.25&#8243; width=\u00bb100%\u00bb width_tablet=\u00bb100%\u00bb width_phone=\u00bb\u00bb width_last_edited=\u00bbon|desktop\u00bb max_width=\u00bb100%\u00bb max_width_tablet=\u00bb100%\u00bb max_width_phone=\u00bb\u00bb max_width_last_edited=\u00bbon|desktop\u00bb custom_margin=\u00bb0px|0px|0px|0px\u00bb custom_padding=\u00bb0px|0px|0px|0px\u00bb make_fullwidth=\u00bbon\u00bb][et_pb_column type=\u00bb1_2&#8243; _builder_version=\u00bb3.25&#8243; background_color=\u00bbrgba(225,225,225,0)\u00bb background_blend=\u00bbhue\u00bb custom_padding=\u00bb||0px|\u00bb custom_padding__hover=\u00bb|||\u00bb][et_pb_text _builder_version=\u00bb3.27.4&#8243; background_color=\u00bb#e1e1e1&#8243; custom_margin=\u00bb0px|0px|0px|0px\u00bb custom_padding=\u00bb40px|40px|40px|40px\u00bb animation_style=\u00bbroll\u00bb animation_direction=\u00bbright\u00bb]<\/p>\n<h2>\u00bfQU\u00c9 APLICACIONES TIENE NUESTRO PRODUCTO?<\/h2>\n<hr style=\"width: 40px; margin-left: 0px; border: 0px; border-bottom: 4px solid #ff6d00;\" \/>\n<p style=\"font-weight: 400;\">El cobre posee propiedades f\u00edsicas, qu\u00edmicas, mec\u00e1nicas y biol\u00f3gicas que propician su uso industrial. Es un material importante en multitud de actividades econ\u00f3micas y ha sido considerado un recurso estrat\u00e9gico en situaciones de conflicto.<\/p>\n<p>Aplicaciones el\u00e9ctricas, energ\u00e9ticas y telecomunicaciones<br \/>\nAplicaciones en Energ\u00edas Renovables<br \/>\nMedios de transporte<br \/>\nConstrucci\u00f3n y ornamentaci\u00f3n<br \/>\nSector farmac\u00e9utico y alimentario<br \/>\nMonedas[\/et_pb_text][\/et_pb_column][et_pb_column type=\u00bb1_2&#8243; _builder_version=\u00bb3.25&#8243; background_image=\u00bbhttps:\/\/redelca.com\/wp-content\/uploads\/2018\/04\/copper-beauty-1.jpg\u00bb custom_padding=\u00bb|||\u00bb custom_padding__hover=\u00bb|||\u00bb][et_pb_divider show_divider=\u00bboff\u00bb _builder_version=\u00bb3.2&#8243; custom_css_main_element=\u00bbheight:200px !important;\u00bb][\/et_pb_divider][\/et_pb_column][\/et_pb_row][\/et_pb_section][et_pb_section fb_built=\u00bb1&#8243; _builder_version=\u00bb4.5.6&#8243; _module_preset=\u00bbdefault\u00bb custom_margin=\u00bb-72px|||||\u00bb custom_padding=\u00bb||26px|||\u00bb][et_pb_row _builder_version=\u00bb4.5.6&#8243; _module_preset=\u00bbdefault\u00bb][et_pb_column type=\u00bb4_4&#8243; _builder_version=\u00bb4.5.6&#8243; _module_preset=\u00bbdefault\u00bb][\/et_pb_column][\/et_pb_row][\/et_pb_section]<\/p>\n","protected":false},"excerpt":{"rendered":"<p>\u00bfQU\u00c9 MATERIALES COMPRA REDELCA? Cobre puro Cables Cables de bateria Fusibles Terminales Cableados Piezas de lat\u00f3n Piezas de bronce Piezas de cobre esta\u00f1ado Metales mezclados y otros aleadosESPECIALIZADOS EN EL SECTOR DE COMPONENTES DE AUTOMOCI\u00d3NCOMPROMETIDOS CON EL MEDIO AMBIENTE. \u00bfQU\u00c9 MATERIALES PRODUCE REDELCA? Mediante un proceso complejo de trituraci\u00f3n y con el uso de maquinaria [&hellip;]<\/p>\n","protected":false},"author":1,"featured_media":0,"parent":0,"menu_order":0,"comment_status":"closed","ping_status":"closed","template":"","meta":{"_et_pb_use_builder":"on","_et_pb_old_content":"","_et_gb_content_width":"","footnotes":""},"class_list":["post-34489","page","type-page","status-publish","hentry"],"_links":{"self":[{"href":"https:\/\/redelca.com\/es\/wp-json\/wp\/v2\/pages\/34489","targetHints":{"allow":["GET"]}}],"collection":[{"href":"https:\/\/redelca.com\/es\/wp-json\/wp\/v2\/pages"}],"about":[{"href":"https:\/\/redelca.com\/es\/wp-json\/wp\/v2\/types\/page"}],"author":[{"embeddable":true,"href":"https:\/\/redelca.com\/es\/wp-json\/wp\/v2\/users\/1"}],"replies":[{"embeddable":true,"href":"https:\/\/redelca.com\/es\/wp-json\/wp\/v2\/comments?post=34489"}],"version-history":[{"count":47,"href":"https:\/\/redelca.com\/es\/wp-json\/wp\/v2\/pages\/34489\/revisions"}],"predecessor-version":[{"id":35344,"href":"https:\/\/redelca.com\/es\/wp-json\/wp\/v2\/pages\/34489\/revisions\/35344"}],"wp:attachment":[{"href":"https:\/\/redelca.com\/es\/wp-json\/wp\/v2\/media?parent=34489"}],"curies":[{"name":"wp","href":"https:\/\/api.w.org\/{rel}","templated":true}]}}