{"id":34486,"date":"2017-10-13T12:12:51","date_gmt":"2017-10-13T11:12:51","guid":{"rendered":"http:\/\/redelca.com\/?page_id=34486"},"modified":"2020-10-09T11:43:04","modified_gmt":"2020-10-09T10:43:04","slug":"servicios","status":"publish","type":"page","link":"https:\/\/redelca.com\/es\/servicios\/","title":{"rendered":"SERVICIOS"},"content":{"rendered":"<p>[et_pb_section fb_built=\u00bb1&#8243; fullwidth=\u00bbon\u00bb _builder_version=\u00bb3.22&#8243; use_background_color_gradient=\u00bbon\u00bb background_color_gradient_start=\u00bbrgba(0,0,0,0.86)\u00bb background_color_gradient_end=\u00bbrgba(255,255,255,0)\u00bb background_color_gradient_direction=\u00bb1deg\u00bb background_image=\u00bbhttps:\/\/redelca.com\/wp-content\/uploads\/2017\/11\/copper-1504098_1280.jpg\u00bb background_blend=\u00bboverlay\u00bb custom_padding=\u00bb0px|0px|0px|0px\u00bb][et_pb_fullwidth_header title=\u00bbVALORIZACI\u00d3N DE METALES, COMPROMETIDOS CON LA CALIDAD Y MEDIO AMBIENTE \u00bb subhead=\u00bbM\u00c1S DE 30 A\u00d1OS HACIENDO UN MUNDO MEJOR\u00bb button_one_url=\u00bbredelca.com\/contacto\u00bb title_font_color=\u00bb#ffffff\u00bb subhead_font_color=\u00bb#ffffff\u00bb _builder_version=\u00bb3.16&#8243; title_text_color=\u00bb#ffffff\u00bb subhead_font=\u00bb|||on|\u00bb subhead_text_color=\u00bb#ffffff\u00bb background_color=\u00bbrgba(255, 255, 255, 0)\u00bb background_layout=\u00bblight\u00bb custom_margin=\u00bb|||\u00bb custom_padding=\u00bb20%||2%|\u00bb custom_css_title=\u00bbwidth:90%;\u00bb button_one_text_size__hover_enabled=\u00bboff\u00bb button_two_text_size__hover_enabled=\u00bboff\u00bb button_one_text_color__hover_enabled=\u00bboff\u00bb button_two_text_color__hover_enabled=\u00bboff\u00bb button_one_border_width__hover_enabled=\u00bboff\u00bb button_two_border_width__hover_enabled=\u00bboff\u00bb button_one_border_color__hover_enabled=\u00bboff\u00bb button_two_border_color__hover_enabled=\u00bboff\u00bb button_one_border_radius__hover_enabled=\u00bboff\u00bb button_two_border_radius__hover_enabled=\u00bboff\u00bb button_one_letter_spacing__hover_enabled=\u00bboff\u00bb button_two_letter_spacing__hover_enabled=\u00bboff\u00bb button_one_bg_color__hover_enabled=\u00bboff\u00bb button_two_bg_color__hover_enabled=\u00bboff\u00bb][\/et_pb_fullwidth_header][\/et_pb_section][et_pb_section fb_built=\u00bb1&#8243; _builder_version=\u00bb3.22&#8243; custom_padding=\u00bb0px|0px|0px|0px\u00bb][et_pb_row use_custom_gutter=\u00bbon\u00bb gutter_width=\u00bb1&#8243; make_equal=\u00bbon\u00bb module_class=\u00bb et_pb_row_fullwidth\u00bb _builder_version=\u00bb3.25&#8243; width=\u00bb100%\u00bb width_tablet=\u00bb100%\u00bb width_last_edited=\u00bbon|desktop\u00bb max_width=\u00bb100%\u00bb max_width_tablet=\u00bb100%\u00bb max_width_last_edited=\u00bbon|desktop\u00bb custom_padding=\u00bb0px|0px|0px|0px\u00bb make_fullwidth=\u00bbon\u00bb column_structure=\u00bb1_3,1_3,1_3&#8243;][et_pb_column type=\u00bb1_3&#8243; _builder_version=\u00bb3.25&#8243; background_color=\u00bb#ff6d00&#8243; custom_padding=\u00bb|||\u00bb custom_padding__hover=\u00bb|||\u00bb][et_pb_text _builder_version=\u00bb4.5.6&#8243; background_layout=\u00bbdark\u00bb custom_padding=\u00bb40px|40px|40px|40px\u00bb hover_enabled=\u00bb0&#8243; border_style=\u00bbsolid\u00bb]<\/p>\n<h2>NUESTROS CLIENTES PRINCIPALES<\/h2>\n<hr style=\"width: 40px; margin-left: 0px; border: 0px; border-bottom: 4px solid #fff;\">\n<br \/>\nLas diferentes calidades de nuestro producto se vende en:<br \/>\nFabricantes \/ Fundiciones de cobre<br \/>\nFabricantes \/ Fundiciones de aleados (Lat\u00f3n, bronce, etc.)<br \/>\nIndustria metal\u00fargica<br \/>\nIndustria farmac\u00e9utica<br \/>\nAgrifood<br \/>\nOrfebreria y joyeria<br \/>\n[\/et_pb_text][\/et_pb_column][et_pb_column type=\u00bb1_3&#8243; _builder_version=\u00bb3.25&#8243; background_color=\u00bbrgba(255,109,0,0.87)\u00bb custom_padding=\u00bb|||\u00bb custom_padding__hover=\u00bb|||\u00bb][et_pb_text _builder_version=\u00bb3.27.4&#8243; background_layout=\u00bbdark\u00bb custom_padding=\u00bb40px|40px|40px|40px\u00bb border_style=\u00bbsolid\u00bb]<\/p>\n<h2>SECTORES PRINCIPALES DE ACTUACI\u00d3N<\/h2>\n<hr style=\"width: 40px; margin-left: 0px; border: 0px; border-bottom: 4px solid #fff;\">\n<br \/>\nREDELCA trabaja principalmente en los siguientes sectores:<br \/>\nAutomoci\u00f3n<br \/>\nFabricantes de cables<br \/>\nNavieras<br \/>\nOtras industrias relacionadas con productos de cobre<br \/>\n[\/et_pb_text][\/et_pb_column][et_pb_column type=\u00bb1_3&#8243; _builder_version=\u00bb3.25&#8243; background_color=\u00bbrgba(255,109,0,0.79)\u00bb custom_padding=\u00bb|||\u00bb custom_padding__hover=\u00bb|||\u00bb][et_pb_text _builder_version=\u00bb3.27.4&#8243; background_layout=\u00bbdark\u00bb custom_padding=\u00bb40px|40px|40px|40px\u00bb border_style=\u00bbsolid\u00bb]<\/p>\n<h2>\u00bfQU\u00c9 SERVICIOS OFRECE REDELCA?<\/h2>\n<hr style=\"width: 40px; margin-left: 0px; border: 0px; border-bottom: 4px solid #fff;\" \/>\n<br \/>\nServicios log\u00edsticos, incluyendo transporte y personal in situ.<br \/>\nControl y seguridad in situ<br \/>\nSafety pack mejorar\u00e1 embalaje y control<br \/>\n[\/et_pb_text][\/et_pb_column][\/et_pb_row][\/et_pb_section][et_pb_section fb_built=\u00bb1&#8243; _builder_version=\u00bb3.22&#8243; background_color=\u00bb#ffffff\u00bb custom_padding=\u00bb0px|0px|0px|0px\u00bb][et_pb_row use_custom_gutter=\u00bbon\u00bb gutter_width=\u00bb1&#8243; make_equal=\u00bbon\u00bb module_class=\u00bb et_pb_row_fullwidth\u00bb _builder_version=\u00bb3.25&#8243; width=\u00bb100%\u00bb width_tablet=\u00bb100%\u00bb width_last_edited=\u00bbon|desktop\u00bb max_width=\u00bb100%\u00bb max_width_tablet=\u00bb100%\u00bb max_width_last_edited=\u00bbon|desktop\u00bb custom_padding=\u00bb50px|0px|2px|0px\u00bb make_fullwidth=\u00bbon\u00bb column_structure=\u00bb2_3,1_3&#8243;][et_pb_column type=\u00bb2_3&#8243; _builder_version=\u00bb3.25&#8243; custom_padding=\u00bb|||\u00bb custom_padding__hover=\u00bb|||\u00bb][et_pb_text _builder_version=\u00bb3.27.4&#8243; background_color=\u00bb#ffffff\u00bb text_orientation=\u00bbcenter\u00bb module_alignment=\u00bbright\u00bb custom_margin=\u00bb|||\u00bb custom_margin_tablet=\u00bb||20px|\u00bb custom_margin_phone=\u00bb|||\u00bb custom_margin_last_edited=\u00bbon|phone\u00bb custom_padding=\u00bb|25px||25px\u00bb]<\/p>\n<h2>SERVICIO DE TOOLING DE COBRE PARA ECONOM\u00cdA CIRCULAR<\/h2>\n<p>[\/et_pb_text][\/et_pb_column][et_pb_column type=\u00bb1_3&#8243; _builder_version=\u00bb3.25&#8243; custom_padding=\u00bb|||\u00bb custom_padding__hover=\u00bb|||\u00bb][et_pb_button button_url=\u00bbhttps:\/\/redelca.com\/contacto\/\u00bb button_text=\u00bbCONTACTAR\u00bb button_alignment=\u00bbcenter\u00bb _builder_version=\u00bb3.16&#8243; custom_button=\u00bbon\u00bb button_letter_spacing=\u00bb4px\u00bb button_font=\u00bb||||||||\u00bb button_icon=\u00bb%%22%%\u00bb custom_margin=\u00bb-20px||40px|\u00bb custom_margin_tablet=\u00bb||40px|\u00bb custom_margin_phone=\u00bb35px|40px|40px|40px\u00bb custom_margin_last_edited=\u00bbon|phone\u00bb custom_padding=\u00bb|||\u00bb animation_style=\u00bbroll\u00bb box_shadow_style=\u00bbpreset1&#8243; button_letter_spacing_hover=\u00bb6px\u00bb button_bg_color_hover=\u00bbrgba(0,0,0,0.07)\u00bb button_text_size__hover_enabled=\u00bboff\u00bb button_one_text_size__hover_enabled=\u00bboff\u00bb button_two_text_size__hover_enabled=\u00bboff\u00bb button_text_color__hover_enabled=\u00bboff\u00bb button_one_text_color__hover_enabled=\u00bboff\u00bb button_two_text_color__hover_enabled=\u00bboff\u00bb button_border_width__hover_enabled=\u00bboff\u00bb button_one_border_width__hover_enabled=\u00bboff\u00bb button_two_border_width__hover_enabled=\u00bboff\u00bb button_border_color__hover_enabled=\u00bboff\u00bb button_one_border_color__hover_enabled=\u00bboff\u00bb button_two_border_color__hover_enabled=\u00bboff\u00bb button_border_radius__hover_enabled=\u00bboff\u00bb button_one_border_radius__hover_enabled=\u00bboff\u00bb button_two_border_radius__hover_enabled=\u00bboff\u00bb button_letter_spacing__hover_enabled=\u00bbon\u00bb button_letter_spacing__hover=\u00bb6px\u00bb button_one_letter_spacing__hover_enabled=\u00bboff\u00bb button_two_letter_spacing__hover_enabled=\u00bboff\u00bb button_bg_color__hover_enabled=\u00bbon\u00bb button_bg_color__hover=\u00bbrgba(0,0,0,0.07)\u00bb button_one_bg_color__hover_enabled=\u00bboff\u00bb button_two_bg_color__hover_enabled=\u00bboff\u00bb][\/et_pb_button][\/et_pb_column][\/et_pb_row][\/et_pb_section][et_pb_section fb_built=\u00bb1&#8243; _builder_version=\u00bb3.22&#8243; use_background_color_gradient=\u00bbon\u00bb background_color_gradient_start=\u00bbrgba(0,0,0,0.25)\u00bb background_color_gradient_end=\u00bbrgba(255,255,255,0.07)\u00bb background_color_gradient_type=\u00bbradial\u00bb background_color_gradient_overlays_image=\u00bbon\u00bb background_image=\u00bbhttps:\/\/redelca.com\/wp-content\/uploads\/2018\/04\/tree-3285406_1920.jpg\u00bb background_position=\u00bbtop_center\u00bb custom_padding=\u00bb0px|0px|0px|0px\u00bb][et_pb_row _builder_version=\u00bb3.25&#8243; custom_padding=\u00bb0px|0px|27px|0px\u00bb][et_pb_column type=\u00bb4_4&#8243; _builder_version=\u00bb3.25&#8243; custom_padding=\u00bb|||\u00bb custom_padding__hover=\u00bb|||\u00bb][et_pb_divider show_divider=\u00bboff\u00bb _builder_version=\u00bb3.2&#8243; height=\u00bb100px\u00bb][\/et_pb_divider][et_pb_text _builder_version=\u00bb3.27.4&#8243; header_text_color=\u00bb#ffffff\u00bb background_layout=\u00bbdark\u00bb]<\/p>\n<h3 style=\"text-align: center;\">CUIDAMOS EL MEDIO AMBIENTE<\/h3>\n<p><img loading=\"lazy\" decoding=\"async\" src=\"https:\/\/redelca.com\/wp-content\/uploads\/2018\/04\/recycle-29227_640.png\" width=\"72\" height=\"72\" alt=\"\" class=\"wp-image-34858 alignnone size-full\" style=\"display: block; margin-left: auto; margin-right: auto;\" \/>[\/et_pb_text][et_pb_divider show_divider=\u00bboff\u00bb _builder_version=\u00bb3.2&#8243; height=\u00bb50px\u00bb][\/et_pb_divider][\/et_pb_column][\/et_pb_row][\/et_pb_section]<\/p>\n","protected":false},"excerpt":{"rendered":"<p>NUESTROS CLIENTES PRINCIPALES Las diferentes calidades de nuestro producto se vende en: Fabricantes \/ Fundiciones de cobre Fabricantes \/ Fundiciones de aleados (Lat\u00f3n, bronce, etc.) Industria metal\u00fargica Industria farmac\u00e9utica Agrifood Orfebreria y joyeria SECTORES PRINCIPALES DE ACTUACI\u00d3N REDELCA trabaja principalmente en los siguientes sectores: Automoci\u00f3n Fabricantes de cables Navieras Otras industrias relacionadas con productos de [&hellip;]<\/p>\n","protected":false},"author":1,"featured_media":0,"parent":0,"menu_order":0,"comment_status":"closed","ping_status":"closed","template":"","meta":{"_et_pb_use_builder":"on","_et_pb_old_content":"","_et_gb_content_width":"","footnotes":""},"class_list":["post-34486","page","type-page","status-publish","hentry"],"_links":{"self":[{"href":"https:\/\/redelca.com\/es\/wp-json\/wp\/v2\/pages\/34486","targetHints":{"allow":["GET"]}}],"collection":[{"href":"https:\/\/redelca.com\/es\/wp-json\/wp\/v2\/pages"}],"about":[{"href":"https:\/\/redelca.com\/es\/wp-json\/wp\/v2\/types\/page"}],"author":[{"embeddable":true,"href":"https:\/\/redelca.com\/es\/wp-json\/wp\/v2\/users\/1"}],"replies":[{"embeddable":true,"href":"https:\/\/redelca.com\/es\/wp-json\/wp\/v2\/comments?post=34486"}],"version-history":[{"count":19,"href":"https:\/\/redelca.com\/es\/wp-json\/wp\/v2\/pages\/34486\/revisions"}],"predecessor-version":[{"id":35328,"href":"https:\/\/redelca.com\/es\/wp-json\/wp\/v2\/pages\/34486\/revisions\/35328"}],"wp:attachment":[{"href":"https:\/\/redelca.com\/es\/wp-json\/wp\/v2\/media?parent=34486"}],"curies":[{"name":"wp","href":"https:\/\/api.w.org\/{rel}","templated":true}]}}