{"id":35802,"date":"2018-07-03T18:23:51","date_gmt":"2018-07-03T17:23:51","guid":{"rendered":"https:\/\/redelca.com\/politica-de-cookies\/"},"modified":"2022-11-10T10:55:21","modified_gmt":"2022-11-10T09:55:21","slug":"politica-de-cookies","status":"publish","type":"page","link":"https:\/\/redelca.com\/ca\/politica-de-cookies\/","title":{"rendered":"Pol\u00edtica de cookies"},"content":{"rendered":"<p>[et_pb_section fb_built=&#8221;1&#8243; _builder_version=&#8221;4.16&#8243; global_colors_info=&#8221;{}&#8221;][et_pb_row _builder_version=&#8221;4.16&#8243; background_size=&#8221;initial&#8221; background_position=&#8221;top_left&#8221; background_repeat=&#8221;repeat&#8221; global_colors_info=&#8221;{}&#8221;][et_pb_column type=&#8221;4_4&#8243; _builder_version=&#8221;4.16&#8243; custom_padding=&#8221;|||&#8221; global_colors_info=&#8221;{}&#8221; custom_padding__hover=&#8221;|||&#8221;][et_pb_text _builder_version=&#8221;4.18.0&#8243; hover_enabled=&#8221;0&#8243; global_colors_info=&#8221;{}&#8221; sticky_enabled=&#8221;0&#8243;]<\/p>\n<h1><strong>Pol\u00edtica de cookies<\/strong><\/h1>\n<p>En compliment del deure d\u2019informaci\u00f3 recollit a l&#8217;apartat 2n de l&#8217;article 22 de la Llei 34\/2002, d&#8217;11 de juliol, de serveis de la societat de la informaci\u00f3 i del comer\u00e7 electr\u00f2nic, aquesta pol\u00edtica de cookies t\u00e9 per finalitat informar de manera clara i precisa sobre les cookies que s&#8217;utilitzen a la p\u00e0gina web de REDELCA.<\/p>\n<p><strong>Qu\u00e8 s\u00f3n les Cookies?<\/strong><\/p>\n<p>Una cookie \u00e9s un fitxer de mida petita que els llocs web envien al navegador i es descarreguen al vostre ordinador. Les cookies permeten que la p\u00e0gina web emmagatzemi i recuperi la informaci\u00f3 sobre la vostra visita, com el vostre idioma preferit i altres opcions, per tal de millorar els serveis que s&#8217;ofereixen i contribuir a tenir una millor experi\u00e8ncia de navegaci\u00f3 per a l&#8217;usuari.<\/p>\n<p><strong>Tipus de cookies<\/strong><\/p>\n<p>Hi ha molts tipus de cookies, depenent de la seva finalitat i del temps que romanguin emmagatzemades al navegador de l&#8217;usuari (n&#8217;hi ha que nom\u00e9s s&#8217;instal\u00b7len durant la sessi\u00f3 i d&#8217;altres que poden romandre durant anys (cookies persistents). En base a aquests criteris, hi ha cookies que requereixen el consentiment de l&#8217;usuari de la p\u00e0gina web i altres que no (cookies exceptuades).<\/p>\n<p>Les Cookies exceptuades s\u00f3n, entre d&#8217;altres, aquelles que s\u00f3n imprescindibles perqu\u00e8 l&#8217;ordinador de l&#8217;usuari i els servidors de https:\/\/redelca.com\/ puguin comunicar-se entre si i permetre a l&#8217;usuari navegar per la p\u00e0gina web d&#8217;una manera m\u00e9s r\u00e0pida, sense recollir dades protegides.<\/p>\n<p>En funci\u00f3 de qui gestioni el domini, des d&#8217;on s&#8217;envien les cookies i es tractin les dades, es distingir\u00e0 entre Cookies pr\u00f2pies i Cookies que pertanyen a tercers. Finalment, en funci\u00f3 de la finalitat per a la que es tracti la informaci\u00f3 recopilada, les cookies es poden classificar en les categories seg\u00fcents:<\/p>\n<ul>\n<li><strong>Cookies t\u00e8cniques<\/strong>: permeten a l&#8217;usuari navegar pel lloc web i utilitzar alguns dels serveis oferts per aquest (com, per exemple, controlar el tr\u00e0nsit i la comunicaci\u00f3 de dades, identificar la sessi\u00f3, accedir a parts d&#8217;acc\u00e9s restringit, recordar els elements que integren una comanda, fer el proc\u00e9s de compra d&#8217;una comanda, fer la sol\u00b7licitud d&#8217;inscripci\u00f3 o participaci\u00f3 en un esdeveniment, utilitzar elements de seguretat durant la navegaci\u00f3, emmagatzemar continguts per a la difusi\u00f3 de v\u00eddeos o so o compartir continguts a trav\u00e9s de xarxes socials.)<\/li>\n<li><strong>Cookies de personalitzaci\u00f3: <\/strong>permeten que l&#8217;usuari accedeixi al lloc web amb unes caracter\u00edstiques determinades, com ara l&#8217;idioma.<\/li>\n<li><strong>Cookies de seguretat: <\/strong>serveixen per impedir o dificultar els atacs contra el lloc web.<\/li>\n<li><strong>Cookies anal\u00edtiques: <\/strong>permeten al responsable o per tercers el seguiment del comportament de l&#8217;usuari, aix\u00ed com quantificar el nombre d&#8217;usuaris, realitzar la mesura i l&#8217;an\u00e0lisi estad\u00edstica de la utilitzaci\u00f3 que fan els usuaris del servei ofert. Per aix\u00f2 s&#8217;analitza la seva navegaci\u00f3 a la p\u00e0gina web per tal de millorar l&#8217;oferta de productes o serveis que ofereix <a href=\"https:\/\/redelca.com\/\">https:\/\/redelca.com\/<\/a>.<\/li>\n<li><strong>Cookies publicit\u00e0ries: <\/strong>permeten la gesti\u00f3 dels espais publicitaris sobre la base de criteris concrets. Per exemple, la freq\u00fc\u00e8ncia d\u2019acc\u00e9s, el contingut editat, etc. Les cookies de publicitat permeten a trav\u00e9s de la gesti\u00f3 de la publicitat emmagatzemar informaci\u00f3 del comportament a trav\u00e9s de l&#8217;observaci\u00f3 d&#8217;h\u00e0bits, estudiant els accessos i formant un perfil de prefer\u00e8ncies de l&#8217;usuari, per oferir publicitat relacionada amb els interessos del perfil.<\/li>\n<li><strong>Cookies comportamentals: <\/strong>s\u00f3n aquelles que, tractades per https:\/\/redelca.com\/ o per tercers, permeten gestionar de la manera m\u00e9s efica\u00e7 possible l&#8217;oferta dels espais publicitaris que hi ha a la p\u00e0gina web, adequant el contingut de l&#8217;anunci al contingut del servei sol\u00b7licitat o a l&#8217;\u00fas que faci l&#8217;usuari de la p\u00e0gina web. Per fer-ho, REDELCA pot analitzar els h\u00e0bits de navegaci\u00f3 de l&#8217;usuari a Internet i mostrar publicitat relacionada amb el seu perfil de navegaci\u00f3.<\/li>\n<li><strong>Cookies de geolocalitzaci\u00f3: <\/strong>utilitzades per identificar el pa\u00eds on es troba l\u2019usuari.<\/li>\n<\/ul>\n<p>&nbsp;<\/p>\n<p><strong>L&#8217;acceptaci\u00f3 de les cookies a la nostra plataforma<\/strong><\/p>\n<p>La Llei 34\/2002, de 11 de juliol, de Serveis de la Societat de la Informaci\u00f3 i de Comer\u00e7 Electr\u00f2nic (d&#8217;ara endavant, LSSICE), en relaci\u00f3 amb les cookies, exigeix que els Usuaris siguin informats amb car\u00e0cter previ a l&#8217;experi\u00e8ncia de navegaci\u00f3 a la plataforma sobre l&#8217;\u00fas, tipus i finalitat de les Cookies. Aquesta \u00e9s la ra\u00f3 per la qual hem implementat un av\u00eds informatiu que es desplega un cop accedeix a la nostra web, informant de manera pr\u00e8via i expressa, complint amb aquest precepte legal.<\/p>\n<p>\u00c9s important que tingueu en compte que en aquest av\u00eds trobareu tres opcions: la primera, que podreu utilitzar per acceptar la instal\u00b7laci\u00f3 de les cookies al vostre equip, la segona, que us permetr\u00e0 configurar quines cookies acceptes que s&#8217;instal\u00b7lin i quines cookies rebutja, i la tercera opci\u00f3 que us permetr\u00e0 rebutjar la instal\u00b7laci\u00f3 de totes les cookies, excepte les necess\u00e0ries per poder continuar navegant per la web.<\/p>\n<p><strong>Autoritzaci\u00f3 per a l&#8217;\u00fas de cookies<\/strong><strong>\u00a0<\/strong><\/p>\n<p>De conformitat amb l&#8217;av\u00eds de cookies que apareix al lloc web, l&#8217;usuari pot consentir expressament l&#8217;\u00fas de cookies que requereixin consentiment; no obstant aix\u00f2, l\u2019\u00fas de cookies t\u00e8cniques o necess\u00e0ries no requereix de consentiment. No obstant, l\u2019usuari pot modificar la configuraci\u00f3 del seu navegador per rebutjar l\u2019\u00fas de les cookies.<\/p>\n<p><strong>Com modificar la configuraci\u00f3 de les cookies<\/strong><\/p>\n<p>Vost\u00e8 pot restringir, bloquejar o esborrar les cookies de REDELCA o qualsevol altra p\u00e0gina web utilitzant el seu navegador. A cada navegador l&#8217;operativa \u00e9s diferent, podeu trobar com fer-ho al men\u00fa d&#8217;ajuda del vostre navegador on s&#8217;estableix el procediment per a la seva eliminaci\u00f3. Per a m\u00e9s informaci\u00f3:<\/p>\n<p>Google Chrome:<a href=\"https:\/\/support.google.com\/chrome\/answer\/95647?co=GENIE.Platform%3DDesktop&amp;hl=es\">https:\/\/support.google.com\/chrome\/answer\/95647?co=GENIE.Platform%3DDesktop&amp;hl=ca<\/a><\/p>\n<p>Mozilla Firefox:<a href=\"https:\/\/support.mozilla.org\/es\/kb\/habilitar-y-deshabilitar-cookies-sitios-web-rastrear-preferencias\">https:\/\/support.mozilla.org\/es\/kb\/habilitar-y-deshabilitar-cookies-llocs-web-rastrear-prefer\u00e8ncies<\/a><\/p>\n<p>Safari:<a href=\"https:\/\/support.apple.com\/es-es\/guide\/safari\/sfri11471\/mac\">https:\/\/support.apple.com\/ca-gui\/guide\/safari\/sfri11471\/mac<\/a><\/p>\n<p>Internet Explorer:<a href=\"https:\/\/support.microsoft.com\/es-es\/help\/278835\/how-to-delete-cookie-files-in-internet-explorer\">https:\/\/support.microsoft.com\/ca-help\/278835\/how-to-delete-cookie-files-in-internet-explorer<\/a><\/p>\n<p>\u00c9s possible que al deshabilitar les cookies la p\u00e0gina web no funcioni correctament o no pugui accedir a determinades funcions de la mateixa.<\/p>\n<p><strong>Sobre les cookies de les xarxes socials<\/strong><\/p>\n<p>Finalment, volem advertir-vos que la nostra plataforma no administra les xarxes socials o plataforma de tercers com Facebook, Instagram, LinkedIn, Twitter, Youtube, entre d&#8217;altres, on REDELCA t\u00e9 pres\u00e8ncia, amb la qual cosa tampoc \u00e9s responsable de les cookies que instal\u00b7lin aquestes plataformes.<\/p>\n<p>En qualitat d&#8217;Usuari de la nostra plataforma en l\u00ednia, est\u00e0 obligat a consultar les pol\u00edtiques de privacitat i cookies d&#8217;aquestes xarxes per estar al corrent del tipus i finalitats i decidir acceptar-les o rebutjar-les.<\/p>\n<p>Cookies utilitzades per Facebook: <a href=\"https:\/\/www.facebook.com\/help\/cookies\/\">https:\/\/www.facebook.com\/help\/cookies\/<\/a><\/p>\n<p>Cookies utilitzades per Instagram: <a href=\"https:\/\/help.instagram.com\/1896641480634370\">https:\/\/help.instagram.com\/1896641480634370<\/a><\/p>\n<p>Cookies utilitzades per Twitter: <a href=\"https:\/\/help.twitter.com\/ca\/rules-and-policies\/twitter-cookies\">https:\/\/help.twitter.com\/ca\/rules-and-policies\/twitter-cookies<\/a><\/p>\n<p>Cookies utilitzades per Youtube: <a href=\"https:\/\/policies.google.com\/technologies\/cookies?hl=ca-419\">https:\/\/policies.google.com\/technologies\/cookies?hl=ca-419<\/a><\/p>\n<p>Cookies utilitzades per Linkedin: <a href=\"https:\/\/www.linkedin.com\/legal\/cookie-policy?_l=ca_ES\">https:\/\/www.linkedin.com\/legal\/cookie-policy?_l=ca_ES<\/a><\/p>\n<p><strong>Les cookies utilitzades a la web<\/strong><strong>\u00a0<\/strong><\/p>\n<p>Al portal web s&#8217;utilitzen diferents tipus de cookies amb diferents finalitats, a continuaci\u00f3, s&#8217;enumeren les cookies emprades:<\/p>\n<p><a class=\"medium cli-plugin-button cli-plugin-main-button cli_settings_button\" style=\"margin: 0px 5px 0px 0px; color: #333333; background-color: #dedfe0;\" role=\"button\">Configuraci\u00f3n de cookies<\/a><\/p>\n<p>Ni aquesta web ni els seus representants legals es fan responsables del contingut ni de la veracitat de les pol\u00edtiques de privacitat que puguin tenir els tercers esmentats en aquesta pol\u00edtica de cookies.<\/p>\n<p><strong>Modificaci\u00f3 de les condicions<\/strong><\/p>\n<p>REDELCA es reserva expressament el dret a modificar unilateralment, totalment o parcialment, sense necessitat de previ av\u00eds, aquesta Pol\u00edtica de Cookies. L&#8217;usuari reconeix i accepta que \u00e9s responsabilitat seva revisar aquesta Pol\u00edtica de Cookies.&lt;a role=&#8221;button&#8221; class=&#8221;medium cli-plugin-button cli-plugin-main-button cli_settings_button&#8221; style=&#8221;margin: 0px 5px 0px 0px; color: rgb(51, 51, 51); background-color: rgb(222, 223, 224);&#8221;&gt;Configuraci\u00f3n de cookies&lt;\/a&gt;<\/p>\n<p>[\/et_pb_text][\/et_pb_column][\/et_pb_row][\/et_pb_section]<\/p>\n","protected":false},"excerpt":{"rendered":"<p>Pol\u00edtica de cookies En compliment del deure d\u2019informaci\u00f3 recollit a l&#8217;apartat 2n de l&#8217;article 22 de la Llei 34\/2002, d&#8217;11 de juliol, de serveis de la societat de la informaci\u00f3 i del comer\u00e7 electr\u00f2nic, aquesta pol\u00edtica de cookies t\u00e9 per finalitat informar de manera clara i precisa sobre les cookies que s&#8217;utilitzen a la p\u00e0gina [&hellip;]<\/p>\n","protected":false},"author":1,"featured_media":0,"parent":0,"menu_order":0,"comment_status":"closed","ping_status":"closed","template":"","meta":{"_et_pb_use_builder":"on","_et_pb_old_content":"","_et_gb_content_width":"","footnotes":""},"class_list":["post-35802","page","type-page","status-publish","hentry"],"_links":{"self":[{"href":"https:\/\/redelca.com\/ca\/wp-json\/wp\/v2\/pages\/35802","targetHints":{"allow":["GET"]}}],"collection":[{"href":"https:\/\/redelca.com\/ca\/wp-json\/wp\/v2\/pages"}],"about":[{"href":"https:\/\/redelca.com\/ca\/wp-json\/wp\/v2\/types\/page"}],"author":[{"embeddable":true,"href":"https:\/\/redelca.com\/ca\/wp-json\/wp\/v2\/users\/1"}],"replies":[{"embeddable":true,"href":"https:\/\/redelca.com\/ca\/wp-json\/wp\/v2\/comments?post=35802"}],"version-history":[{"count":4,"href":"https:\/\/redelca.com\/ca\/wp-json\/wp\/v2\/pages\/35802\/revisions"}],"predecessor-version":[{"id":35828,"href":"https:\/\/redelca.com\/ca\/wp-json\/wp\/v2\/pages\/35802\/revisions\/35828"}],"wp:attachment":[{"href":"https:\/\/redelca.com\/ca\/wp-json\/wp\/v2\/media?parent=35802"}],"curies":[{"name":"wp","href":"https:\/\/api.w.org\/{rel}","templated":true}]}}