{"id":35523,"date":"2018-07-03T18:26:31","date_gmt":"2018-07-03T17:26:31","guid":{"rendered":"https:\/\/redelca.com\/aviso-legal\/"},"modified":"2022-11-10T09:45:25","modified_gmt":"2022-11-10T08:45:25","slug":"avis-legal","status":"publish","type":"page","link":"https:\/\/redelca.com\/ca\/avis-legal\/","title":{"rendered":"Avis legal"},"content":{"rendered":"<p>[et_pb_section fb_built=&#8221;1&#8243; _builder_version=&#8221;4.16&#8243; global_colors_info=&#8221;{}&#8221;][et_pb_row _builder_version=&#8221;4.16&#8243; background_size=&#8221;initial&#8221; background_position=&#8221;top_left&#8221; background_repeat=&#8221;repeat&#8221; global_colors_info=&#8221;{}&#8221;][et_pb_column type=&#8221;4_4&#8243; _builder_version=&#8221;4.16&#8243; custom_padding=&#8221;|||&#8221; global_colors_info=&#8221;{}&#8221; custom_padding__hover=&#8221;|||&#8221;][et_pb_text _builder_version=&#8221;4.18.0&#8243; hover_enabled=&#8221;0&#8243; global_colors_info=&#8221;{}&#8221; sticky_enabled=&#8221;0&#8243;]<\/p>\n<h1>Av\u00eds legal<\/h1>\n<p>En compliment amb el deure informaci\u00f3 recollit a l&#8217;article 10 de la Llei 34\/2002, d&#8217;11 de juliol, de Serveis de la Societat de la Informaci\u00f3 i del Comer\u00e7 Electr\u00f2nic, us informem que el Lloc Web i el portal d&#8217;Internet https:\/\/redelca.com\/ (d&#8217;ara endavant, el &#8220;Web&#8221;) \u00e9s titularitat de RECUPERADORA DEL CABLE I GESTION DE RESIDUS SL, amb domicili social a PI Can Prunera &#8211; C\/Solson\u00e8s n\u00ba 14 Nau C amb CIF n\u00ba B60220837. Aquest av\u00eds legal regula les condicions d\u2019\u00fas del portal esmentat d\u2019Internet.<\/p>\n<p><strong>Llei aplicable i jurisdicci\u00f3<\/strong><\/p>\n<p><strong>\u00a0<\/strong>Amb car\u00e0cter general les relacions entre REDELCA i els usuaris dels seus serveis telem\u00e0tics, presents a la web, estan sotmeses a la legislaci\u00f3 i jurisdicci\u00f3 espanyoles.<\/p>\n<p><strong>Acceptaci\u00f3 de l\u2019usuari<\/strong><\/p>\n<p>Aquest Av\u00eds Legal regula l&#8217;acc\u00e9s i la utilitzaci\u00f3 de la p\u00e0gina web que REDELCA posa a disposici\u00f3 dels usuaris d&#8217;Internet. Es considera usuari la persona que accedeixi, navegui, utilitzi o participi als serveis i activitats de la p\u00e0gina web.<\/p>\n<p>L&#8217;usuari queda informat, i accepta, que l&#8217;acc\u00e9s a la present web no suposa, de cap manera, l&#8217;inici d&#8217;una relaci\u00f3 comercial amb REDELCA.<\/p>\n<p>L&#8217;acc\u00e9s i navegaci\u00f3 al lloc web per part de l&#8217;usuari suposa l&#8217;acceptaci\u00f3 de la totalitat de les presents Condicions d&#8217;\u00das. En cas de desacord amb les condicions cal abstenir-se a fer servir el lloc web.<\/p>\n<p><strong>Acc\u00e9s a la web<\/strong><\/p>\n<p>L&#8217;acc\u00e9s a la p\u00e0gina web per part dels usuaris \u00e9s de car\u00e0cter lliure i gratu\u00eft. Alguns serveis es poden trobar subjectes a contractaci\u00f3 pr\u00e8via del servei.<\/p>\n<p>Si \u00e9s necessari que l&#8217;usuari aporti dades personals per accedir a algun dels serveis, la recollida i el tractament de les dades es realitzar\u00e0 de conformitat amb la normativa vigent, en concret amb el RGPD.<\/p>\n<p><strong>Contingut i \u00fas<\/strong><\/p>\n<p>La visita al lloc web per part de l&#8217;usuari haur\u00e0 de fer-se de forma responsable i de conformitat amb la legalitat vigent, la bona fe, i respectant els drets de propietat intel\u00b7lectual i industrial de titularitat de REDELCA o qualsevol altra persona f\u00edsica o jur\u00eddica .<\/p>\n<p>L&#8217;\u00fas de qualsevol dels continguts del lloc web amb finalitats que siguin o poguessin ser il\u00b7l\u00edcites queda totalment prohibit, aix\u00ed com la realitzaci\u00f3 de qualsevol acci\u00f3 que causi o pugui causar danys o alteracions de qualsevol tipus no consentides per REDELCA, al lloc web o als seus continguts.<\/p>\n<p>El titular del web no s&#8217;identifica amb les opinions abocades al mateix pels seus col\u00b7laboradors. L&#8217;empresa es reserva el dret d&#8217;efectuar sense previ av\u00eds les modificacions que consideri oportunes a la seva Web, podent canviar, suprimir o afegir tant els continguts i serveis que es prestin a trav\u00e9s d&#8217;aquesta com la forma en qu\u00e8 aquests apareguin presentats o localitzats als vostres servidors.<\/p>\n<p><strong>Propietat intel\u00b7lectual i industrial<\/strong><\/p>\n<p>Els drets de propietat intel\u00b7lectual del contingut de les p\u00e0gines web, el seu disseny gr\u00e0fic i codis s\u00f3n titularitat de REDELCA i, per tant, queda prohibida la reproducci\u00f3, distribuci\u00f3, comunicaci\u00f3 p\u00fablica, transformaci\u00f3 o qualsevol altra activitat que es realitzi amb els continguts de la p\u00e0gina web, ni tan sols, encara que se citin les fonts, llevat que es compti amb el consentiment previ, expr\u00e9s i per escrit de REDELCA. Tots els noms comercials, marques o signes diferents de qualsevol classe continguts a les p\u00e0gines web de l&#8217;empresa s\u00f3n propietat de REDELCA i estan protegits per llei.<\/p>\n<p>REDELCA no concedeix cap llic\u00e8ncia o autoritzaci\u00f3 d&#8217;\u00fas de cap mena sobre els seus drets de propietat intel\u00b7lectual i industrial o sobre qualsevol altra propietat o dret relacionat amb el lloc web, i en cap cas s&#8217;entendr\u00e0 que l&#8217;acc\u00e9s i la navegaci\u00f3 dels usuaris implica una ren\u00fancia , transmissi\u00f3, llic\u00e8ncia o cessi\u00f3 total ni parcial dels drets esmentats per part de REDELCA.<\/p>\n<p>Qualsevol \u00fas d\u2019aquests continguts no autoritzat pr\u00e8viament per part de REDELCA, ser\u00e0 considerat un incompliment greu dels drets de propietat intel\u00b7lectual o industrial i donar\u00e0 lloc a les responsabilitats legalment establertes. REDELCA es reserva el dret d&#8217;exercir davant de l&#8217;usuari les accions judicials i extrajudicials que corresponguin.<\/p>\n<p><strong>Responsabilitat i garanties<\/strong><\/p>\n<p>REDELCA declara que ha adoptat les mesures necess\u00e0ries que, dins de les seves possibilitats i l&#8217;estat de la tecnologia, permetin el funcionament correcte del seu lloc web, aix\u00ed com l&#8217;abs\u00e8ncia de virus i components nocius. No obstant aix\u00f2, REDELCA no es pot fer responsable de les situacions seg\u00fcents que s&#8217;enumeren a t\u00edtol enunciatiu, per\u00f2 no limitatiu:<\/p>\n<ul>\n<li>La continu\u00eftat i disponibilitat dels continguts.<\/li>\n<li>L&#8217;abs\u00e8ncia d&#8217;errors en aquests continguts ni la correcci\u00f3 de qualsevol defecte que pugui oc\u00f3rrer.<\/li>\n<li>L&#8217;abs\u00e8ncia de virus i\/o altres components nocius.<\/li>\n<li>Els danys o perjudicis que causi qualsevol persona que vulneri els sistemes de seguretat de REDELCA.<\/li>\n<li>L&#8217;\u00fas que els usuaris puguin fer dels continguts inclosos al web. En conseq\u00fc\u00e8ncia, REDELCA no garanteix que l&#8217;\u00fas que els usuaris puguin fer dels continguts que s&#8217;incloguin al lloc web, s&#8217;ajustin al present av\u00eds legal, ni que l&#8217;\u00fas del lloc web es faci de forma diligent.<\/li>\n<li>L&#8217;\u00fas per menors d&#8217;edat del lloc web o de l&#8217;enviament de les vostres dades personals sense el perm\u00eds dels vostres tutors, sent els tutors responsables de l&#8217;\u00fas que facin d&#8217;Internet.<\/li>\n<li>Els continguts als quals l\u2019usuari pugui accedir a trav\u00e9s d\u2019enlla\u00e7os no autoritzats o introdu\u00efts per usuaris mitjan\u00e7ant comentaris o eines similars.<\/li>\n<li>La introducci\u00f3 de dades err\u00f2nies per part de l\u2019usuari o d\u2019un tercer.<\/li>\n<\/ul>\n<p>REDELCA podr\u00e0 suspendre temporalment i sense av\u00eds previ, l&#8217;accessibilitat al lloc web amb motiu d&#8217;operacions de manteniment, reparaci\u00f3, actualitzaci\u00f3 o millora. Aix\u00f2 no obstant, sempre que les circumst\u00e0ncies ho permetin, REDELCA comunicar\u00e0 a l&#8217;usuari, amb antelaci\u00f3 suficient, la data prevista per a la suspensi\u00f3 dels continguts.<\/p>\n<p>Aix\u00ed mateix, de conformitat amb els arts. 11 i 16 de la Llei 34\/2002, de 11 de juliol, de serveis de la societat de la informaci\u00f3 i de comer\u00e7 electr\u00f2nic (LSSICE), REDELCA es compromet a l&#8217;eliminaci\u00f3 o, si escau, bloqueig dels continguts que poguessin afectar o ser contraris a la legislaci\u00f3 vigent, els drets de tercers o la moral i ordre p\u00fablic.<\/p>\n<p><strong>Cookies<\/strong><\/p>\n<p>REDELCA utilitza cookies, per optimitzar i personalitzar la vostra navegaci\u00f3 pel lloc web. Les cookies s\u00f3n fitxers f\u00edsics d&#8217;informaci\u00f3 que s&#8217;allotgen al mateix terminal de l&#8217;usuari, la informaci\u00f3 recollida mitjan\u00e7ant les cookies serveix per facilitar la navegaci\u00f3 de l&#8217;usuari pel portal i optimitzar l&#8217;experi\u00e8ncia de navegaci\u00f3. Les dades recopilades mitjan\u00e7ant les cookies poden ser compartides amb els seus creadors, per\u00f2 en cap cas la informaci\u00f3 obtinguda per aquestes no ser\u00e0 associada a dades personals ni a dades que puguin identificar l&#8217;usuari.<\/p>\n<p>&nbsp;<\/p>\n<p>No obstant aix\u00f2, si l&#8217;usuari no desitja que s&#8217;instal\u00b7lin cookies al vostre disc dur, teniu la possibilitat de configurar el navegador de manera que impedeixi la instal\u00b7laci\u00f3 d&#8217;aquests fitxers. Per obtenir m\u00e9s informaci\u00f3 consulteu la nostra <u>Pol\u00edtica de Cookies.<\/u><\/p>\n<p><strong>\u00a0<\/strong><strong>Enlla\u00e7os (links)<\/strong><\/p>\n<p>La pres\u00e8ncia d\u2019enlla\u00e7os (links) a la p\u00e0gina web de REDELCA cap a altres llocs d\u2019Internet t\u00e9 finalitat merament informativa i en cap cas suposen suggeriment, invitaci\u00f3 o recomanaci\u00f3 sobre aquests. REDELCA no assumir\u00e0 responsabilitat pels continguts d&#8217;un enlla\u00e7 pertanyent a un lloc web ali\u00e8, ni garantir\u00e0 la fiabilitat, exactitud, amplitud, veracitat, validesa i disponibilitat t\u00e8cnica.<\/p>\n<p>En cas que en altres llocs web s&#8217;estableixin enlla\u00e7os a la p\u00e0gina web de REDELCA, no s&#8217;entendr\u00e0 que REDELCA ha autoritzat l&#8217;enlla\u00e7 o el contingut del lloc web on es cont\u00e9 l&#8217;enlla\u00e7, tampoc no es podr\u00e0 incloure a la p\u00e0gina de l&#8217;enlla\u00e7 continguts inapropiats, difamatoris, il\u00b7legals, obscens o il\u00b7l\u00edcits, ni altres continguts que siguin contraris a la legalitat vigent.<\/p>\n<p>REDELCA es reserva la possibilitat de contactar amb el propietari del lloc web on s&#8217;estableixi l&#8217;enlla\u00e7 si considera que s&#8217;incompleix la normativa, aix\u00ed com d&#8217;exercir les accions judicials i extrajudicials corresponents.<\/p>\n<p><strong>Modificaci\u00f3 de les condicions<\/strong><\/p>\n<p>REDELCA es reserva expressament el dret a modificar unilateralment, totalment o parcialment, sense necessitat de previ av\u00eds, aquest Av\u00eds Legal. L&#8217;usuari reconeix i accepta que \u00e9s responsabilitat seva revisar peri\u00f2dicament aquest Av\u00eds Legal.<\/p>\n<p>[\/et_pb_text][\/et_pb_column][\/et_pb_row][\/et_pb_section]<\/p>\n","protected":false},"excerpt":{"rendered":"<p>Av\u00eds legal En compliment amb el deure informaci\u00f3 recollit a l&#8217;article 10 de la Llei 34\/2002, d&#8217;11 de juliol, de Serveis de la Societat de la Informaci\u00f3 i del Comer\u00e7 Electr\u00f2nic, us informem que el Lloc Web i el portal d&#8217;Internet https:\/\/redelca.com\/ (d&#8217;ara endavant, el &#8220;Web&#8221;) \u00e9s titularitat de RECUPERADORA DEL CABLE I GESTION DE [&hellip;]<\/p>\n","protected":false},"author":1,"featured_media":0,"parent":0,"menu_order":0,"comment_status":"closed","ping_status":"closed","template":"","meta":{"_et_pb_use_builder":"on","_et_pb_old_content":"","_et_gb_content_width":"","footnotes":""},"class_list":["post-35523","page","type-page","status-publish","hentry"],"_links":{"self":[{"href":"https:\/\/redelca.com\/ca\/wp-json\/wp\/v2\/pages\/35523","targetHints":{"allow":["GET"]}}],"collection":[{"href":"https:\/\/redelca.com\/ca\/wp-json\/wp\/v2\/pages"}],"about":[{"href":"https:\/\/redelca.com\/ca\/wp-json\/wp\/v2\/types\/page"}],"author":[{"embeddable":true,"href":"https:\/\/redelca.com\/ca\/wp-json\/wp\/v2\/users\/1"}],"replies":[{"embeddable":true,"href":"https:\/\/redelca.com\/ca\/wp-json\/wp\/v2\/comments?post=35523"}],"version-history":[{"count":6,"href":"https:\/\/redelca.com\/ca\/wp-json\/wp\/v2\/pages\/35523\/revisions"}],"predecessor-version":[{"id":35810,"href":"https:\/\/redelca.com\/ca\/wp-json\/wp\/v2\/pages\/35523\/revisions\/35810"}],"wp:attachment":[{"href":"https:\/\/redelca.com\/ca\/wp-json\/wp\/v2\/media?parent=35523"}],"curies":[{"name":"wp","href":"https:\/\/api.w.org\/{rel}","templated":true}]}}