{"id":35284,"date":"2017-10-13T12:12:51","date_gmt":"2017-10-13T11:12:51","guid":{"rendered":"https:\/\/redelca.com\/servicios\/"},"modified":"2020-10-23T08:45:16","modified_gmt":"2020-10-23T07:45:16","slug":"serveis","status":"publish","type":"page","link":"https:\/\/redelca.com\/ca\/serveis\/","title":{"rendered":"SERVEIS"},"content":{"rendered":"<p>[et_pb_section fb_built=&#8221;1&#8243; fullwidth=&#8221;on&#8221; _builder_version=&#8221;3.22&#8243; use_background_color_gradient=&#8221;on&#8221; background_color_gradient_start=&#8221;rgba(0,0,0,0.86)&#8221; background_color_gradient_end=&#8221;rgba(255,255,255,0)&#8221; background_color_gradient_direction=&#8221;1deg&#8221; background_image=&#8221;https:\/\/redelca.com\/wp-content\/uploads\/2017\/11\/copper-1504098_1280.jpg&#8221; background_blend=&#8221;overlay&#8221; custom_padding=&#8221;0px|0px|0px|0px&#8221;][et_pb_fullwidth_header title=&#8221;VALORITZACI\u00d3 DE METALLS, COMPROMESOS AMB LA QUALITAT I EL MEDI AMBIENT&#8221; subhead=&#8221;M\u00c9S DE 30 ANYS FENT UN M\u00d3N MILLOR&#8221; button_one_url=&#8221;redelca.com\/contacto&#8221; title_font_color=&#8221;#ffffff&#8221; subhead_font_color=&#8221;#ffffff&#8221; _builder_version=&#8221;3.16&#8243; title_text_color=&#8221;#ffffff&#8221; subhead_font=&#8221;|||on|&#8221; subhead_text_color=&#8221;#ffffff&#8221; background_color=&#8221;rgba(255, 255, 255, 0)&#8221; background_layout=&#8221;light&#8221; custom_margin=&#8221;|||&#8221; custom_padding=&#8221;20%||2%|&#8221; custom_css_title=&#8221;width:90%;&#8221; button_one_text_size__hover_enabled=&#8221;off&#8221; button_two_text_size__hover_enabled=&#8221;off&#8221; button_one_text_color__hover_enabled=&#8221;off&#8221; button_two_text_color__hover_enabled=&#8221;off&#8221; button_one_border_width__hover_enabled=&#8221;off&#8221; button_two_border_width__hover_enabled=&#8221;off&#8221; button_one_border_color__hover_enabled=&#8221;off&#8221; button_two_border_color__hover_enabled=&#8221;off&#8221; button_one_border_radius__hover_enabled=&#8221;off&#8221; button_two_border_radius__hover_enabled=&#8221;off&#8221; button_one_letter_spacing__hover_enabled=&#8221;off&#8221; button_two_letter_spacing__hover_enabled=&#8221;off&#8221; button_one_bg_color__hover_enabled=&#8221;off&#8221; button_two_bg_color__hover_enabled=&#8221;off&#8221;][\/et_pb_fullwidth_header][\/et_pb_section][et_pb_section fb_built=&#8221;1&#8243; _builder_version=&#8221;3.22&#8243; custom_padding=&#8221;0px|0px|0px|0px&#8221;][et_pb_row column_structure=&#8221;1_3,1_3,1_3&#8243; use_custom_gutter=&#8221;on&#8221; gutter_width=&#8221;1&#8243; make_equal=&#8221;on&#8221; module_class=&#8221; et_pb_row_fullwidth&#8221; _builder_version=&#8221;3.25&#8243; width=&#8221;100%&#8221; width_tablet=&#8221;100%&#8221; width_phone=&#8221;&#8221; width_last_edited=&#8221;on|desktop&#8221; max_width=&#8221;100%&#8221; max_width_tablet=&#8221;100%&#8221; max_width_phone=&#8221;&#8221; max_width_last_edited=&#8221;on|desktop&#8221; custom_padding=&#8221;0px|0px|0px|0px&#8221; make_fullwidth=&#8221;on&#8221;][et_pb_column type=&#8221;1_3&#8243; _builder_version=&#8221;3.25&#8243; background_color=&#8221;#ff6d00&#8243; custom_padding=&#8221;|||&#8221; custom_padding__hover=&#8221;|||&#8221;][et_pb_text _builder_version=&#8221;4.5.6&#8243; background_layout=&#8221;dark&#8221; custom_padding=&#8221;40px|40px|40px|40px&#8221; hover_enabled=&#8221;0&#8243; border_style=&#8221;solid&#8221;]<\/p>\n<h2>ELS NOSTRES CLIENTS PRINCIPALS<\/h2>\n<hr style=\"width: 40px; margin-left: 0px; border: 0px; border-bottom: 4px solid #fff;\" \/>\n<br \/>\nLes diferents qualitats del nostre producte es venen a:<br \/>\nFabricants \/ Foneries de coure<br \/>\nFabricants \/ Foneries d\u2019aliatges (llaut\u00f3, bronze, etc.)<br \/>\nInd\u00fastria metal\u2022l\u00fargica<br \/>\nInd\u00fastria farmac\u00e8utica<br \/>\nAgrifood<br \/>\nOrfebreria i joieria[\/et_pb_text][\/et_pb_column][et_pb_column type=&#8221;1_3&#8243; _builder_version=&#8221;3.25&#8243; background_color=&#8221;rgba(255,109,0,0.87)&#8221; custom_padding=&#8221;|||&#8221; custom_padding__hover=&#8221;|||&#8221;][et_pb_text _builder_version=&#8221;3.27.4&#8243; background_layout=&#8221;dark&#8221; custom_padding=&#8221;40px|40px|40px|40px&#8221; border_style=&#8221;solid&#8221;]<\/p>\n<h2>SECTORS PRINCIPALS D\u2019ACTUACI\u00d3<\/h2>\n<hr style=\"width: 40px; margin-left: 0px; border: 0px; border-bottom: 4px solid #fff;\">\n<br \/>\nREDELCA treballa principalment en els sectors seg\u00fcents:<br \/>\nAutomoci\u00f3<br \/>\nFabricants de cables<br \/>\nNavilieres<br \/>\nAltres ind\u00fastries relacionades amb productes de coure[\/et_pb_text][\/et_pb_column][et_pb_column type=&#8221;1_3&#8243; _builder_version=&#8221;3.25&#8243; background_color=&#8221;rgba(255,109,0,0.79)&#8221; custom_padding=&#8221;|||&#8221; custom_padding__hover=&#8221;|||&#8221;][et_pb_text _builder_version=&#8221;3.27.4&#8243; background_layout=&#8221;dark&#8221; custom_padding=&#8221;40px|40px|40px|40px&#8221; border_style=&#8221;solid&#8221;]<\/p>\n<h2>QUINS SERVEIS OFEREIX REDELCA?<\/h2>\n<hr style=\"width: 40px; margin-left: 0px; border: 0px; border-bottom: 4px solid #fff;\" \/>\n<br \/>\nServeis log\u00edstics, inclosos transport i personal in situ<br \/>\nControl i seguretat in situ<br \/>\nSafetypack per millorar l\u2019embalatge i el control[\/et_pb_text][\/et_pb_column][\/et_pb_row][\/et_pb_section][et_pb_section fb_built=&#8221;1&#8243; _builder_version=&#8221;3.22&#8243; background_color=&#8221;#ffffff&#8221; custom_padding=&#8221;0px|0px|0px|0px&#8221;][et_pb_row column_structure=&#8221;2_3,1_3&#8243; use_custom_gutter=&#8221;on&#8221; gutter_width=&#8221;1&#8243; make_equal=&#8221;on&#8221; module_class=&#8221; et_pb_row_fullwidth&#8221; _builder_version=&#8221;3.25&#8243; width=&#8221;100%&#8221; width_tablet=&#8221;100%&#8221; width_phone=&#8221;&#8221; width_last_edited=&#8221;on|desktop&#8221; max_width=&#8221;100%&#8221; max_width_tablet=&#8221;100%&#8221; max_width_phone=&#8221;&#8221; max_width_last_edited=&#8221;on|desktop&#8221; custom_padding=&#8221;50px|0px|2px|0px&#8221; make_fullwidth=&#8221;on&#8221;][et_pb_column type=&#8221;2_3&#8243; _builder_version=&#8221;3.25&#8243; custom_padding=&#8221;|||&#8221; custom_padding__hover=&#8221;|||&#8221;][et_pb_text _builder_version=&#8221;3.27.4&#8243; background_color=&#8221;#ffffff&#8221; text_orientation=&#8221;center&#8221; module_alignment=&#8221;right&#8221; custom_margin=&#8221;|||&#8221; custom_margin_tablet=&#8221;||20px|&#8221; custom_margin_phone=&#8221;|||&#8221; custom_margin_last_edited=&#8221;on|phone&#8221; custom_padding=&#8221;|25px||25px&#8221;]<\/p>\n<h2>SERVEI DE TOOLING DE COURE PER A UNA ECONOMIA CIRCULAR<\/h2>\n<p>[\/et_pb_text][\/et_pb_column][et_pb_column type=&#8221;1_3&#8243; _builder_version=&#8221;3.25&#8243; custom_padding=&#8221;|||&#8221; custom_padding__hover=&#8221;|||&#8221;][et_pb_button button_url=&#8221;https:\/\/redelca.com\/ca\/contacte\/&#8221; button_text=&#8221;CONTACTE&#8221; button_alignment=&#8221;center&#8221; _builder_version=&#8221;3.26.8&#8243; custom_button=&#8221;on&#8221; button_letter_spacing=&#8221;4px&#8221; button_font=&#8221;||||||||&#8221; button_icon=&#8221;%%22%%&#8221; custom_margin=&#8221;-20px||40px|&#8221; custom_margin_tablet=&#8221;||40px|&#8221; custom_margin_phone=&#8221;35px|40px|40px|40px&#8221; custom_margin_last_edited=&#8221;on|phone&#8221; custom_padding=&#8221;|||&#8221; animation_style=&#8221;roll&#8221; box_shadow_style=&#8221;preset1&#8243; button_letter_spacing_hover=&#8221;6px&#8221; button_bg_color_hover=&#8221;rgba(0,0,0,0.07)&#8221; button_text_size__hover_enabled=&#8221;off&#8221; button_one_text_size__hover_enabled=&#8221;off&#8221; button_two_text_size__hover_enabled=&#8221;off&#8221; button_text_color__hover_enabled=&#8221;off&#8221; button_one_text_color__hover_enabled=&#8221;off&#8221; button_two_text_color__hover_enabled=&#8221;off&#8221; button_border_width__hover_enabled=&#8221;off&#8221; button_one_border_width__hover_enabled=&#8221;off&#8221; button_two_border_width__hover_enabled=&#8221;off&#8221; button_border_color__hover_enabled=&#8221;off&#8221; button_one_border_color__hover_enabled=&#8221;off&#8221; button_two_border_color__hover_enabled=&#8221;off&#8221; button_border_radius__hover_enabled=&#8221;off&#8221; button_one_border_radius__hover_enabled=&#8221;off&#8221; button_two_border_radius__hover_enabled=&#8221;off&#8221; button_letter_spacing__hover_enabled=&#8221;on&#8221; button_letter_spacing__hover=&#8221;6px&#8221; button_one_letter_spacing__hover_enabled=&#8221;off&#8221; button_two_letter_spacing__hover_enabled=&#8221;off&#8221; button_bg_color__hover_enabled=&#8221;on&#8221; button_bg_color__hover=&#8221;rgba(0,0,0,0.07)&#8221; button_one_bg_color__hover_enabled=&#8221;off&#8221; button_two_bg_color__hover_enabled=&#8221;off&#8221;][\/et_pb_button][\/et_pb_column][\/et_pb_row][\/et_pb_section][et_pb_section fb_built=&#8221;1&#8243; _builder_version=&#8221;3.22&#8243; use_background_color_gradient=&#8221;on&#8221; background_color_gradient_start=&#8221;rgba(0,0,0,0.25)&#8221; background_color_gradient_end=&#8221;rgba(255,255,255,0.07)&#8221; background_color_gradient_type=&#8221;radial&#8221; background_color_gradient_overlays_image=&#8221;on&#8221; background_image=&#8221;https:\/\/redelca.com\/wp-content\/uploads\/2018\/04\/tree-3285406_1920.jpg&#8221; background_position=&#8221;top_center&#8221; custom_padding=&#8221;0px|0px|0px|0px&#8221;][et_pb_row _builder_version=&#8221;3.25&#8243; custom_padding=&#8221;0px|0px|27px|0px&#8221;][et_pb_column type=&#8221;4_4&#8243; _builder_version=&#8221;3.25&#8243; custom_padding=&#8221;|||&#8221; custom_padding__hover=&#8221;|||&#8221;][et_pb_divider show_divider=&#8221;off&#8221; _builder_version=&#8221;3.2&#8243; height=&#8221;100px&#8221;][\/et_pb_divider][et_pb_text _builder_version=&#8221;3.27.4&#8243; header_text_color=&#8221;#ffffff&#8221; background_layout=&#8221;dark&#8221;]<\/p>\n<h3 style=\"text-align: center;\">CUIDEM EL MEDI AMBIENT<\/h3>\n<p><img loading=\"lazy\" decoding=\"async\" src=\"https:\/\/redelca.com\/wp-content\/uploads\/2018\/04\/recycle-29227_640.png\" width=\"72\" height=\"72\" alt=\"\" class=\"wp-image-34858 alignnone size-full\" style=\"display: block; margin-left: auto; margin-right: auto;\" \/>[\/et_pb_text][et_pb_divider show_divider=&#8221;off&#8221; _builder_version=&#8221;3.2&#8243; height=&#8221;50px&#8221;][\/et_pb_divider][\/et_pb_column][\/et_pb_row][\/et_pb_section]<\/p>\n","protected":false},"excerpt":{"rendered":"<p>ELS NOSTRES CLIENTS PRINCIPALS Les diferents qualitats del nostre producte es venen a: Fabricants \/ Foneries de coure Fabricants \/ Foneries d\u2019aliatges (llaut\u00f3, bronze, etc.) Ind\u00fastria metal\u2022l\u00fargica Ind\u00fastria farmac\u00e8utica Agrifood Orfebreria i joieriaSECTORS PRINCIPALS D\u2019ACTUACI\u00d3 REDELCA treballa principalment en els sectors seg\u00fcents: Automoci\u00f3 Fabricants de cables Navilieres Altres ind\u00fastries relacionades amb productes de coureQUINS SERVEIS [&hellip;]<\/p>\n","protected":false},"author":1,"featured_media":0,"parent":0,"menu_order":0,"comment_status":"closed","ping_status":"closed","template":"","meta":{"_et_pb_use_builder":"on","_et_pb_old_content":"","_et_gb_content_width":"","footnotes":""},"class_list":["post-35284","page","type-page","status-publish","hentry"],"_links":{"self":[{"href":"https:\/\/redelca.com\/ca\/wp-json\/wp\/v2\/pages\/35284","targetHints":{"allow":["GET"]}}],"collection":[{"href":"https:\/\/redelca.com\/ca\/wp-json\/wp\/v2\/pages"}],"about":[{"href":"https:\/\/redelca.com\/ca\/wp-json\/wp\/v2\/types\/page"}],"author":[{"embeddable":true,"href":"https:\/\/redelca.com\/ca\/wp-json\/wp\/v2\/users\/1"}],"replies":[{"embeddable":true,"href":"https:\/\/redelca.com\/ca\/wp-json\/wp\/v2\/comments?post=35284"}],"version-history":[{"count":4,"href":"https:\/\/redelca.com\/ca\/wp-json\/wp\/v2\/pages\/35284\/revisions"}],"predecessor-version":[{"id":35375,"href":"https:\/\/redelca.com\/ca\/wp-json\/wp\/v2\/pages\/35284\/revisions\/35375"}],"wp:attachment":[{"href":"https:\/\/redelca.com\/ca\/wp-json\/wp\/v2\/media?parent=35284"}],"curies":[{"name":"wp","href":"https:\/\/api.w.org\/{rel}","templated":true}]}}