{"id":35275,"date":"2017-10-13T12:13:05","date_gmt":"2017-10-13T11:13:05","guid":{"rendered":"https:\/\/redelca.com\/productos\/"},"modified":"2020-10-23T08:55:57","modified_gmt":"2020-10-23T07:55:57","slug":"productes","status":"publish","type":"page","link":"https:\/\/redelca.com\/ca\/productes\/","title":{"rendered":"PRODUCTES"},"content":{"rendered":"<p>[et_pb_section fb_built=&#8221;1&#8243; disabled_on=&#8221;off|off|off&#8221; _builder_version=&#8221;3.22&#8243; custom_padding=&#8221;0px|0px|0px|0px&#8221;][et_pb_row column_structure=&#8221;2_3,1_3&#8243; use_custom_gutter=&#8221;on&#8221; gutter_width=&#8221;1&#8243; make_equal=&#8221;on&#8221; module_class=&#8221; et_pb_row_fullwidth&#8221; _builder_version=&#8221;3.25&#8243; background_color=&#8221;#e1e1e1&#8243; width=&#8221;100%&#8221; width_tablet=&#8221;100%&#8221; width_phone=&#8221;&#8221; width_last_edited=&#8221;on|desktop&#8221; max_width=&#8221;100%&#8221; max_width_tablet=&#8221;100%&#8221; max_width_phone=&#8221;&#8221; max_width_last_edited=&#8221;on|desktop&#8221; custom_padding=&#8221;0px|0px|0px|0px&#8221; make_fullwidth=&#8221;on&#8221;][et_pb_column type=&#8221;2_3&#8243; _builder_version=&#8221;3.25&#8243; background_color=&#8221;rgba(225,225,225,0)&#8221; background_image=&#8221;https:\/\/redelca.com\/wp-content\/uploads\/2018\/04\/compramos-cable.jpg&#8221; background_blend=&#8221;color&#8221; custom_padding=&#8221;10%||10%|&#8221; custom_padding__hover=&#8221;|||&#8221;][\/et_pb_column][et_pb_column type=&#8221;1_3&#8243; _builder_version=&#8221;3.25&#8243; custom_padding=&#8221;|||&#8221; custom_padding__hover=&#8221;|||&#8221;][et_pb_text _builder_version=&#8221;3.27.4&#8243; background_color=&#8221;#e1e1e1&#8243; custom_margin=&#8221;10%|15%|10%|&#8221; custom_padding=&#8221;40px|40px|40px|40px&#8221; animation_style=&#8221;roll&#8221; animation_direction=&#8221;right&#8221;]<\/p>\n<h2>QUINS MATERIALS COMPRA REDELCA?<\/h2>\n<hr style=\"width: 40px; margin-left: 0px; border: 0px; border-bottom: 4px solid #ff6d00;\" \/>\n<p>Coure pur<br \/>\nCables<br \/>\nCables de bateria<br \/>\nFusibles<br \/>\nTerminals<br \/>\nCablatges<br \/>\nPeces de llaut\u00f3<br \/>\nPeces de bronze<br \/>\nPeces de coure estanyat<br \/>\nMetalls barrejats i altres aliatges<br \/>\n[\/et_pb_text][\/et_pb_column][\/et_pb_row][\/et_pb_section][et_pb_section fb_built=&#8221;1&#8243; _builder_version=&#8221;3.22&#8243; custom_padding=&#8221;0|0px|0|0px&#8221; top_divider_style=&#8221;wave&#8221; top_divider_color=&#8221;#ff9500&#8243; top_divider_height=&#8221;235px&#8221;][et_pb_row column_structure=&#8221;1_2,1_4,1_4&#8243; module_class=&#8221; et_pb_row_fullwidth&#8221; _builder_version=&#8221;3.25&#8243; width=&#8221;89%&#8221; width_tablet=&#8221;80%&#8221; width_phone=&#8221;&#8221; width_last_edited=&#8221;on|desktop&#8221; max_width=&#8221;89%&#8221; max_width_tablet=&#8221;80%&#8221; max_width_phone=&#8221;&#8221; max_width_last_edited=&#8221;on|desktop&#8221; custom_padding=&#8221;27px|0px|0|0px&#8221; make_fullwidth=&#8221;on&#8221;][et_pb_column type=&#8221;1_2&#8243; _builder_version=&#8221;3.25&#8243; custom_padding=&#8221;|||&#8221; custom_padding__hover=&#8221;|||&#8221;][et_pb_image src=&#8221;https:\/\/redelca.com\/wp-content\/uploads\/2018\/04\/autmocion.png&#8221; align_tablet=&#8221;center&#8221; align_phone=&#8221;&#8221; align_last_edited=&#8221;on|desktop&#8221; _builder_version=&#8221;3.23&#8243;][\/et_pb_image][\/et_pb_column][et_pb_column type=&#8221;1_4&#8243; _builder_version=&#8221;3.25&#8243; custom_padding=&#8221;|||&#8221; custom_padding__hover=&#8221;|||&#8221;][et_pb_text _builder_version=&#8221;3.27.4&#8243; text_font=&#8221;||||||||&#8221; text_orientation=&#8221;center&#8221;]<\/p>\n<h2><strong>ESPECIALITZATS EN EL SECTOR DE COMPONENTS<br \/>\nD\u2019AUTOMOCI\u00d3<\/strong><\/h2>\n<p>[\/et_pb_text][et_pb_blurb image=&#8221;https:\/\/redelca.com\/wp-content\/uploads\/2018\/04\/eco-vehiculo.gif&#8221; image_max_width=&#8221;41%&#8221; content_max_width=&#8221;461px&#8221; disabled_on=&#8221;on|on|off&#8221; _builder_version=&#8221;3.0.106&#8243; animation_style=&#8221;slide&#8221; animation_direction=&#8221;left&#8221; animation_duration=&#8221;2000ms&#8221; animation=&#8221;left&#8221;][\/et_pb_blurb][\/et_pb_column][et_pb_column type=&#8221;1_4&#8243; _builder_version=&#8221;3.25&#8243; custom_padding=&#8221;|||&#8221; custom_padding__hover=&#8221;|||&#8221;][et_pb_blurb image=&#8221;https:\/\/redelca.com\/wp-content\/uploads\/2018\/04\/compramos.png&#8221; image_max_width=&#8221;75%&#8221; disabled_on=&#8221;on|on|off&#8221; _builder_version=&#8221;3.0.106&#8243; custom_margin=&#8221;55px|||&#8221;][\/et_pb_blurb][\/et_pb_column][\/et_pb_row][\/et_pb_section][et_pb_section fb_built=&#8221;1&#8243; disabled_on=&#8221;on|on|&#8221; _builder_version=&#8221;4.5.6&#8243; background_color=&#8221;#ff9500&#8243; custom_padding=&#8221;0px|0px|0px|0px&#8221; hover_enabled=&#8221;0&#8243;][et_pb_row _builder_version=&#8221;3.25&#8243; background_color=&#8221;#ff9500&#8243;][et_pb_column type=&#8221;4_4&#8243; _builder_version=&#8221;3.25&#8243; custom_padding=&#8221;|||&#8221; custom_padding__hover=&#8221;|||&#8221;][et_pb_text _builder_version=&#8221;3.27.4&#8243; text_font=&#8221;||||||||&#8221; background_color=&#8221;#ff9500&#8243; text_orientation=&#8221;right&#8221; module_alignment=&#8221;right&#8221;]<\/p>\n<h2 style=\"text-align: center;\">COMPROMESOS AMB EL MEDI AMBIENT.<\/h2>\n<p>[\/et_pb_text][\/et_pb_column][\/et_pb_row][\/et_pb_section][et_pb_section fb_built=&#8221;1&#8243; disabled_on=&#8221;on|on|&#8221; _builder_version=&#8221;3.22&#8243; custom_padding=&#8221;0px|0px|0px|0px&#8221;][et_pb_row column_structure=&#8221;1_3,2_3&#8243; use_custom_gutter=&#8221;on&#8221; gutter_width=&#8221;1&#8243; module_class=&#8221; et_pb_row_fullwidth&#8221; _builder_version=&#8221;3.25&#8243; background_color=&#8221;#e1e1e1&#8243; width=&#8221;100%&#8221; width_tablet=&#8221;100%&#8221; width_phone=&#8221;&#8221; width_last_edited=&#8221;on|desktop&#8221; max_width=&#8221;100%&#8221; max_width_tablet=&#8221;100%&#8221; max_width_phone=&#8221;&#8221; max_width_last_edited=&#8221;on|desktop&#8221; custom_padding=&#8221;0px|0px|0px|0px&#8221; make_fullwidth=&#8221;on&#8221;][et_pb_column type=&#8221;1_3&#8243; _builder_version=&#8221;3.25&#8243; custom_padding=&#8221;|||&#8221; custom_padding__hover=&#8221;|||&#8221;][et_pb_text _builder_version=&#8221;3.27.4&#8243; text_font=&#8221;||||||||&#8221; background_color=&#8221;#e1e1e1&#8243; custom_margin=&#8221;10%|0px|10%|15%&#8221; custom_padding=&#8221;40px|40px|40px|40px&#8221; animation_style=&#8221;roll&#8221; animation_direction=&#8221;right&#8221;]<\/p>\n<h2>QUINS MATERIALS PRODUEIX REDELCA?<\/h2>\n<hr style=\"width: 40px; margin-left: 0px; border: 0px; border-bottom: 4px solid #ff6d00;\" \/>\n<p><span>Mitjan\u00e7ant un proc\u00e9s complex de trituraci\u00f3 i amb l\u2019\u00fas de maquin\u00e0ria moderna, REDELCA aconsegueix produir granalla de coure d\u2019alta qualitat, que es pot utilitzar en qualsevol operaci\u00f3 de fosa (coure, aliatges i metalls).<\/span><\/p>\n<p>[\/et_pb_text][et_pb_code text_orientation=&#8221;center&#8221; max_width=&#8221;85%&#8221; module_alignment=&#8221;center&#8221;]<iframe loading=\"lazy\" width=\"560\" height=\"315\" src=\"https:\/\/www.youtube.com\/embed\/31ePnrU4vSQ?rel=0&#038;controls=0\" frameborder=\"0\" allow=\"autoplay; encrypted-media\" allowfullscreen><\/iframe>[\/et_pb_code][\/et_pb_column][et_pb_column type=&#8221;2_3&#8243; _builder_version=&#8221;3.25&#8243; background_image=&#8221;https:\/\/redelca.com\/wp-content\/uploads\/2018\/04\/granalla-e1560506726512.jpg&#8221; custom_padding=&#8221;20%||20%|&#8221; custom_padding__hover=&#8221;|||&#8221;][\/et_pb_column][\/et_pb_row][\/et_pb_section][et_pb_section fb_built=&#8221;1&#8243; disabled_on=&#8221;on|on|&#8221; _builder_version=&#8221;4.5.6&#8243; background_color=&#8221;#ff9500&#8243; custom_padding=&#8221;0px|0px|0px|0px&#8221; hover_enabled=&#8221;0&#8243;][et_pb_row _builder_version=&#8221;4.5.6&#8243; background_color=&#8221;#ff9500&#8243; hover_enabled=&#8221;0&#8243;][et_pb_column type=&#8221;4_4&#8243; _builder_version=&#8221;4.5.6&#8243; custom_padding=&#8221;|||&#8221; hover_enabled=&#8221;0&#8243; custom_padding__hover=&#8221;|||&#8221;][et_pb_text _builder_version=&#8221;3.27.4&#8243; text_orientation=&#8221;right&#8221; module_alignment=&#8221;right&#8221;]<\/p>\n<h2 style=\"text-align: center;\">APLICACIONS DEL COURE<\/h2>\n<p>[\/et_pb_text][\/et_pb_column][\/et_pb_row][\/et_pb_section][et_pb_section fb_built=&#8221;1&#8243; disabled_on=&#8221;on|on|off&#8221; _builder_version=&#8221;3.22&#8243; custom_padding=&#8221;0px|0px|0px|0px&#8221;][et_pb_row column_structure=&#8221;2_3,1_3&#8243; use_custom_gutter=&#8221;on&#8221; gutter_width=&#8221;1&#8243; make_equal=&#8221;on&#8221; module_class=&#8221; et_pb_row_fullwidth&#8221; _builder_version=&#8221;3.25&#8243; background_color=&#8221;#e1e1e1&#8243; width=&#8221;100%&#8221; width_tablet=&#8221;100%&#8221; width_phone=&#8221;&#8221; width_last_edited=&#8221;on|desktop&#8221; max_width=&#8221;100%&#8221; max_width_tablet=&#8221;100%&#8221; max_width_phone=&#8221;&#8221; max_width_last_edited=&#8221;on|desktop&#8221; custom_padding=&#8221;0px|0px|0px|0px&#8221; make_fullwidth=&#8221;on&#8221;][et_pb_column type=&#8221;2_3&#8243; _builder_version=&#8221;3.25&#8243; background_color=&#8221;rgba(225,225,225,0)&#8221; background_image=&#8221;https:\/\/redelca.com\/wp-content\/uploads\/2018\/04\/copper-beauty.jpg&#8221; background_blend=&#8221;color&#8221; custom_padding=&#8221;20%||20%|&#8221; custom_padding__hover=&#8221;|||&#8221;][\/et_pb_column][et_pb_column type=&#8221;1_3&#8243; _builder_version=&#8221;3.25&#8243; custom_padding=&#8221;|||&#8221; custom_padding__hover=&#8221;|||&#8221;][et_pb_text _builder_version=&#8221;3.27.4&#8243; background_color=&#8221;#e1e1e1&#8243; custom_margin=&#8221;10%|15%|10%|&#8221; custom_padding=&#8221;40px|40px|40px|40px&#8221; animation_style=&#8221;roll&#8221; animation_direction=&#8221;right&#8221;]<\/p>\n<h2>QUINES APLICACIONS T\u00c9 EL NOSTRE PRODUCTE?<\/h2>\n<hr style=\"width: 40px; margin-left: 0px; border: 0px; border-bottom: 4px solid #ff6d00;\" \/>\n<p>El coure t\u00e9 propietats f\u00edsiques, qu\u00edmiques, mec\u00e0niques i biol\u00f2giques que en propicien l\u2019\u00fas industrial. \u00c9s un material important en moltes activitats econ\u00f2miques i ha estat considerat un recurs estrat\u00e8gic en situacions de conflicte.<\/p>\n<p>Aplicacions el\u00e8ctriques, energ\u00e8tiques i de telecomunicacions<br \/>\nAplicacions en energies renovables<br \/>\nMitjans de transport<br \/>\nConstrucci\u00f3 i ornamentaci\u00f3<br \/>\nSector farmac\u00e8utic i alimentari<br \/>\nMonedes<br \/>\n[\/et_pb_text][\/et_pb_column][\/et_pb_row][\/et_pb_section][et_pb_section fb_built=&#8221;1&#8243; disabled_on=&#8221;||on&#8221; _builder_version=&#8221;3.22&#8243; custom_padding=&#8221;0px|0px|0px|0px&#8221;][et_pb_row column_structure=&#8221;1_2,1_2&#8243; use_custom_gutter=&#8221;on&#8221; gutter_width=&#8221;1&#8243; make_equal=&#8221;on&#8221; disabled_on=&#8221;off|off|on&#8221; module_class=&#8221; et_pb_row_fullwidth&#8221; _builder_version=&#8221;3.25&#8243; width=&#8221;100%&#8221; width_tablet=&#8221;100%&#8221; width_phone=&#8221;&#8221; width_last_edited=&#8221;on|desktop&#8221; max_width=&#8221;100%&#8221; max_width_tablet=&#8221;100%&#8221; max_width_phone=&#8221;&#8221; max_width_last_edited=&#8221;on|desktop&#8221; custom_margin=&#8221;0px|0px|0px|0px&#8221; custom_padding=&#8221;0px|0px|0px|0px&#8221; make_fullwidth=&#8221;on&#8221;][et_pb_column type=&#8221;1_2&#8243; _builder_version=&#8221;3.25&#8243; background_color=&#8221;rgba(225,225,225,0)&#8221; background_blend=&#8221;hue&#8221; custom_padding=&#8221;||0px|&#8221; custom_padding__hover=&#8221;|||&#8221;][et_pb_text _builder_version=&#8221;3.27.4&#8243; background_color=&#8221;#e1e1e1&#8243; custom_margin=&#8221;0px|0px|0px|0px&#8221; custom_padding=&#8221;40px|40px|40px|40px&#8221; animation_style=&#8221;roll&#8221; animation_direction=&#8221;right&#8221;]<\/p>\n<h2>QUINS MATERIALS COMPRA REDELCA?<\/h2>\n<hr style=\"width: 40px; margin-left: 0px; border: 0px; border-bottom: 4px solid #ff6d00;\" \/>\n<p>Coure pur<br \/>\nCables<br \/>\nCables de bateria<br \/>\nFusibles<br \/>\nTerminals<br \/>\nCablatges<br \/>\nPeces de llaut\u00f3<br \/>\nPeces de bronze<br \/>\nPeces de coure estanyat<br \/>\nMetalls barrejats i altres aliatges[\/et_pb_text][\/et_pb_column][et_pb_column type=&#8221;1_2&#8243; _builder_version=&#8221;3.25&#8243; background_image=&#8221;https:\/\/redelca.com\/wp-content\/uploads\/2018\/04\/compramos-cable.jpg&#8221; custom_padding=&#8221;|||&#8221; custom_padding__hover=&#8221;|||&#8221;][et_pb_divider show_divider=&#8221;off&#8221; _builder_version=&#8221;3.2&#8243; custom_css_main_element=&#8221;height:200px !important;&#8221;][\/et_pb_divider][\/et_pb_column][\/et_pb_row][et_pb_row column_structure=&#8221;1_2,1_2&#8243; use_custom_gutter=&#8221;on&#8221; gutter_width=&#8221;1&#8243; make_equal=&#8221;on&#8221; disabled_on=&#8221;off|off|on&#8221; module_class=&#8221; et_pb_row_fullwidth&#8221; _builder_version=&#8221;3.25&#8243; width=&#8221;100%&#8221; width_tablet=&#8221;100%&#8221; width_phone=&#8221;&#8221; width_last_edited=&#8221;on|desktop&#8221; max_width=&#8221;100%&#8221; max_width_tablet=&#8221;100%&#8221; max_width_phone=&#8221;&#8221; max_width_last_edited=&#8221;on|desktop&#8221; custom_margin=&#8221;0px|0px|0px|0px&#8221; custom_padding=&#8221;0px|0px|0px|0px&#8221; make_fullwidth=&#8221;on&#8221;][et_pb_column type=&#8221;1_2&#8243; _builder_version=&#8221;3.25&#8243; background_color=&#8221;rgba(225,225,225,0)&#8221; background_blend=&#8221;hue&#8221; custom_padding=&#8221;||0px|&#8221; custom_padding__hover=&#8221;|||&#8221;][et_pb_text _builder_version=&#8221;3.27.4&#8243; background_color=&#8221;#e1e1e1&#8243; custom_margin=&#8221;0px|0px|0px|0px&#8221; custom_padding=&#8221;40px|40px|40px|40px&#8221; animation_style=&#8221;roll&#8221; animation_direction=&#8221;right&#8221;]<\/p>\n<h2>QUINS MATERIALS PRODUEIX REDELCA?<\/h2>\n<hr style=\"width: 40px; margin-left: 0px; border: 0px; border-bottom: 4px solid #ff6d00;\" \/>\n<p><span>Mitjan\u00e7ant un proc\u00e9s complex de trituraci\u00f3 i amb l\u2019\u00fas de maquin\u00e0ria moderna, REDELCA aconsegueix produir granalla de coure d\u2019alta qualitat, que es pot utilitzar en qualsevol operaci\u00f3 de fosa (coure, aliatges i metalls).<\/span><\/p>\n<p>[\/et_pb_text][et_pb_code text_orientation=&#8221;center&#8221;]<iframe loading=\"lazy\" width=\"560\" height=\"315\" src=\"https:\/\/www.youtube.com\/embed\/31ePnrU4vSQ?rel=0&#038;controls=0\" frameborder=\"0\" allow=\"autoplay; encrypted-media\" allowfullscreen><\/iframe>[\/et_pb_code][\/et_pb_column][et_pb_column type=&#8221;1_2&#8243; _builder_version=&#8221;3.25&#8243; background_image=&#8221;https:\/\/redelca.com\/wp-content\/uploads\/2018\/04\/granalla.jpg&#8221; custom_padding=&#8221;|||&#8221; custom_padding__hover=&#8221;|||&#8221;][et_pb_divider show_divider=&#8221;off&#8221; _builder_version=&#8221;3.2&#8243; custom_css_main_element=&#8221;height:200px !important;&#8221;][\/et_pb_divider][\/et_pb_column][\/et_pb_row][et_pb_row column_structure=&#8221;1_2,1_2&#8243; use_custom_gutter=&#8221;on&#8221; gutter_width=&#8221;1&#8243; make_equal=&#8221;on&#8221; disabled_on=&#8221;off|off|on&#8221; module_class=&#8221; et_pb_row_fullwidth&#8221; _builder_version=&#8221;3.25&#8243; width=&#8221;100%&#8221; width_tablet=&#8221;100%&#8221; width_phone=&#8221;&#8221; width_last_edited=&#8221;on|desktop&#8221; max_width=&#8221;100%&#8221; max_width_tablet=&#8221;100%&#8221; max_width_phone=&#8221;&#8221; max_width_last_edited=&#8221;on|desktop&#8221; custom_margin=&#8221;0px|0px|0px|0px&#8221; custom_padding=&#8221;0px|0px|0px|0px&#8221; make_fullwidth=&#8221;on&#8221;][et_pb_column type=&#8221;1_2&#8243; _builder_version=&#8221;3.25&#8243; background_color=&#8221;rgba(225,225,225,0)&#8221; background_blend=&#8221;hue&#8221; custom_padding=&#8221;||0px|&#8221; custom_padding__hover=&#8221;|||&#8221;][et_pb_text _builder_version=&#8221;3.27.4&#8243; background_color=&#8221;#e1e1e1&#8243; custom_margin=&#8221;0px|0px|0px|0px&#8221; custom_padding=&#8221;40px|40px|40px|40px&#8221; animation_style=&#8221;roll&#8221; animation_direction=&#8221;right&#8221;]<\/p>\n<h2>QUINES APLICACIONS T\u00c9 EL NOSTRE PRODUCTE?<\/h2>\n<hr style=\"width: 40px; margin-left: 0px; border: 0px; border-bottom: 4px solid #ff6d00;\" \/>\n<p>El coure t\u00e9 propietats f\u00edsiques, qu\u00edmiques, mec\u00e0niques i biol\u00f2giques que en propicien l\u2019\u00fas industrial. \u00c9s un material important en moltes activitats econ\u00f2miques i ha estat considerat un recurs estrat\u00e8gic en situacions de conflicte.<\/p>\n<p>Aplicacions el\u00e8ctriques, energ\u00e8tiques i de telecomunicacions<br \/>\nAplicacions en energies renovables<br \/>\nMitjans de transport<br \/>\nConstrucci\u00f3 i ornamentaci\u00f3<br \/>\nSector farmac\u00e8utic i alimentari<br \/>\nMonedes<br \/>\n[\/et_pb_text][\/et_pb_column][et_pb_column type=&#8221;1_2&#8243; _builder_version=&#8221;3.25&#8243; background_image=&#8221;https:\/\/redelca.com\/wp-content\/uploads\/2018\/04\/copper-beauty-1.jpg&#8221; custom_padding=&#8221;|||&#8221; custom_padding__hover=&#8221;|||&#8221;][et_pb_divider show_divider=&#8221;off&#8221; _builder_version=&#8221;3.2&#8243; custom_css_main_element=&#8221;height:200px !important;&#8221;][\/et_pb_divider][\/et_pb_column][\/et_pb_row][\/et_pb_section]<\/p>\n","protected":false},"excerpt":{"rendered":"<p>QUINS MATERIALS COMPRA REDELCA? Coure pur Cables Cables de bateria Fusibles Terminals Cablatges Peces de llaut\u00f3 Peces de bronze Peces de coure estanyat Metalls barrejats i altres aliatges ESPECIALITZATS EN EL SECTOR DE COMPONENTS D\u2019AUTOMOCI\u00d3COMPROMESOS AMB EL MEDI AMBIENT. QUINS MATERIALS PRODUEIX REDELCA? Mitjan\u00e7ant un proc\u00e9s complex de trituraci\u00f3 i amb l\u2019\u00fas de maquin\u00e0ria moderna, [&hellip;]<\/p>\n","protected":false},"author":1,"featured_media":0,"parent":0,"menu_order":0,"comment_status":"closed","ping_status":"closed","template":"","meta":{"_et_pb_use_builder":"on","_et_pb_old_content":"","_et_gb_content_width":"","footnotes":""},"class_list":["post-35275","page","type-page","status-publish","hentry"],"_links":{"self":[{"href":"https:\/\/redelca.com\/ca\/wp-json\/wp\/v2\/pages\/35275","targetHints":{"allow":["GET"]}}],"collection":[{"href":"https:\/\/redelca.com\/ca\/wp-json\/wp\/v2\/pages"}],"about":[{"href":"https:\/\/redelca.com\/ca\/wp-json\/wp\/v2\/types\/page"}],"author":[{"embeddable":true,"href":"https:\/\/redelca.com\/ca\/wp-json\/wp\/v2\/users\/1"}],"replies":[{"embeddable":true,"href":"https:\/\/redelca.com\/ca\/wp-json\/wp\/v2\/comments?post=35275"}],"version-history":[{"count":3,"href":"https:\/\/redelca.com\/ca\/wp-json\/wp\/v2\/pages\/35275\/revisions"}],"predecessor-version":[{"id":35382,"href":"https:\/\/redelca.com\/ca\/wp-json\/wp\/v2\/pages\/35275\/revisions\/35382"}],"wp:attachment":[{"href":"https:\/\/redelca.com\/ca\/wp-json\/wp\/v2\/media?parent=35275"}],"curies":[{"name":"wp","href":"https:\/\/api.w.org\/{rel}","templated":true}]}}