{"id":35263,"date":"2018-01-17T11:20:49","date_gmt":"2018-01-17T10:20:49","guid":{"rendered":"https:\/\/redelca.com\/el-cobre\/"},"modified":"2020-11-06T22:53:53","modified_gmt":"2020-11-06T21:53:53","slug":"el-coure","status":"publish","type":"page","link":"https:\/\/redelca.com\/ca\/el-coure\/","title":{"rendered":"El coure"},"content":{"rendered":"<p>[et_pb_section fb_built=&#8221;1&#8243; fullwidth=&#8221;on&#8221; _builder_version=&#8221;3.22&#8243; use_background_color_gradient=&#8221;on&#8221; background_color_gradient_start=&#8221;rgba(0,0,0,0.86)&#8221; background_color_gradient_end=&#8221;rgba(255,255,255,0)&#8221; background_color_gradient_direction=&#8221;1deg&#8221; background_image=&#8221;https:\/\/redelca.com\/wp-content\/uploads\/2017\/11\/copper-1504098_1280.jpg&#8221; background_blend=&#8221;overlay&#8221; custom_padding=&#8221;0px|0px|0px|0px&#8221;][et_pb_fullwidth_header title=&#8221;EL COURE&#8221; button_one_url=&#8221;redelca.com\/contacto&#8221; title_font_color=&#8221;#ffffff&#8221; subhead_font_color=&#8221;#ffffff&#8221; _builder_version=&#8221;4.5.6&#8243; title_text_color=&#8221;#ffffff&#8221; subhead_font=&#8221;|||on|&#8221; subhead_text_color=&#8221;#ffffff&#8221; background_color=&#8221;rgba(255, 255, 255, 0)&#8221; background_image=&#8221;https:\/\/redelca.com\/wp-content\/uploads\/2018\/02\/copper-72062_1280.jpg&#8221; background_layout=&#8221;light&#8221; custom_margin=&#8221;|||&#8221; custom_padding=&#8221;20%||2%|&#8221; custom_css_title=&#8221;width:90%;&#8221; button_one_text_size__hover_enabled=&#8221;off&#8221; button_two_text_size__hover_enabled=&#8221;off&#8221; button_one_text_color__hover_enabled=&#8221;off&#8221; button_two_text_color__hover_enabled=&#8221;off&#8221; button_one_border_width__hover_enabled=&#8221;off&#8221; button_two_border_width__hover_enabled=&#8221;off&#8221; button_one_border_color__hover_enabled=&#8221;off&#8221; button_two_border_color__hover_enabled=&#8221;off&#8221; button_one_border_radius__hover_enabled=&#8221;off&#8221; button_two_border_radius__hover_enabled=&#8221;off&#8221; button_one_letter_spacing__hover_enabled=&#8221;off&#8221; button_two_letter_spacing__hover_enabled=&#8221;off&#8221; button_one_bg_color__hover_enabled=&#8221;off&#8221; button_two_bg_color__hover_enabled=&#8221;off&#8221;][\/et_pb_fullwidth_header][\/et_pb_section][et_pb_section fb_built=&#8221;1&#8243; disabled_on=&#8221;off|off|off&#8221; _builder_version=&#8221;3.22&#8243; custom_padding=&#8221;0px|0px|0px|0px&#8221;][et_pb_row column_structure=&#8221;1_2,1_2&#8243; use_custom_gutter=&#8221;on&#8221; gutter_width=&#8221;1&#8243; make_equal=&#8221;on&#8221; module_class=&#8221; et_pb_row_fullwidth&#8221; _builder_version=&#8221;3.25&#8243; background_color=&#8221;#e1e1e1&#8243; width=&#8221;100%&#8221; width_tablet=&#8221;100%&#8221; width_phone=&#8221;&#8221; width_last_edited=&#8221;on|desktop&#8221; max_width=&#8221;100%&#8221; max_width_tablet=&#8221;100%&#8221; max_width_phone=&#8221;&#8221; max_width_last_edited=&#8221;on|desktop&#8221; custom_padding=&#8221;0px|0px|0|0px&#8221; make_fullwidth=&#8221;on&#8221;][et_pb_column type=&#8221;1_2&#8243; _builder_version=&#8221;3.25&#8243; background_color=&#8221;rgba(225,225,225,0)&#8221; custom_padding=&#8221;|||&#8221; custom_padding__hover=&#8221;|||&#8221;][et_pb_text _builder_version=&#8221;4.5.6&#8243; text_font=&#8221;||||||||&#8221; ul_font=&#8221;||||||||&#8221; background_color=&#8221;#e1e1e1&#8243; text_orientation=&#8221;justified&#8221; custom_margin=&#8221;|||&#8221; custom_padding=&#8221;40px|40px|40px|40px&#8221; animation_style=&#8221;bounce&#8221; animation_direction=&#8221;left&#8221; hover_enabled=&#8221;0&#8243;]<\/p>\n<h2 style=\"text-align: left;\">ATRIBUTS DEL COURE<\/h2>\n<hr style=\"width: 40px; margin-left: 0px; border: 0px; border-bottom: 4px solid #ff6d00;\" \/>\n<p>El coure \u00e9s infinitament reciclable sense cap p\u00e8rdua de rendiment i gaireb\u00e9 no es pot distingir del coure acabat d\u2019extreure.<\/p>\n<p>El coure t\u00e9 l\u2019historial de reciclatge m\u00e9s llarg de qualsevol material conegut per la civilitzaci\u00f3. S\u2019estima que el 80 per cent de tot el coure extret durant els \u00faltims 10.000 anys encara s\u2019utilitza en algun lloc actualment. Les estimacions tamb\u00e9 revelen que el 33% de la demanda anual mundial de coure prov\u00e9 del coure reciclat.<\/p>\n<p><span>El coure \u00e9s vital per a la salut dels \u00e9ssers humans, els animals i les plantes, i una part essencial de la dieta humana.<br \/>\nL\u2019Organitzaci\u00f3 Mundial de la Salut (OMS) considera que, arreu del m\u00f3n, les persones tenen un risc m\u00e9s elevat d\u2019efectes adversos per a la salut per la defici\u00e8ncia de coure que no pas per l\u2019exc\u00e9s de coure.<\/p>\n<p>Es calcula que dos ter\u00e7os dels 550 milions de tones de coure produ\u00efdes des del 1900 encara s\u2019utilitzen de manera productiva (Gl\u00f6ser, 2013). D\u2019aquesta quantitat:<br \/>\nAproximadament el 70 per cent s\u2019empra per a aplicacions el\u00e8ctriques i el 30 per cent per a aplicacions no el\u00e8ctriques.<br \/>\nProp del 45 per cent es fa servir en la generaci\u00f3 i transmissi\u00f3 d\u2019energia, el 20 per cent en la construcci\u00f3, el 12,5 per cent en electrodom\u00e8stics i productes electr\u00f2nics, el 12,5 per cent en el transport i el 10 per cent en altres aplicacions.<br \/>\nPer saber m\u00e9s coses sobre les exist\u00e8ncies i els fluxos del coure, continueu llegint sobre el reciclatge del coure i la seva disponibilitat a llarg termini.[\/et_pb_text][\/et_pb_column][et_pb_column type=&#8221;1_2&#8243; _builder_version=&#8221;3.25&#8243; background_image=&#8221;https:\/\/redelca.com\/wp-content\/uploads\/2018\/04\/granalla-e1560506726512.jpg&#8221; custom_padding=&#8221;|||&#8221; custom_padding__hover=&#8221;|||&#8221;][\/et_pb_column][\/et_pb_row][\/et_pb_section][et_pb_section fb_built=&#8221;1&#8243; _builder_version=&#8221;3.22&#8243; background_image=&#8221;https:\/\/redelca.com\/wp-content\/uploads\/2017\/09\/park-429712_1280.jpg&#8221; parallax=&#8221;on&#8221; parallax_method=&#8221;off&#8221; custom_padding=&#8221;0px|0px|0px|0px&#8221;][et_pb_row _builder_version=&#8221;3.25&#8243; custom_padding=&#8221;0px|0px|27px|0px&#8221;][et_pb_column type=&#8221;4_4&#8243; _builder_version=&#8221;3.25&#8243; custom_padding=&#8221;|||&#8221; custom_padding__hover=&#8221;|||&#8221;][et_pb_divider show_divider=&#8221;off&#8221; _builder_version=&#8221;3.2&#8243; height=&#8221;100px&#8221;][\/et_pb_divider][et_pb_text _builder_version=&#8221;3.27.4&#8243; header_text_color=&#8221;#ffffff&#8221; background_layout=&#8221;dark&#8221;]<\/p>\n<h3 style=\"text-align: center;\">COMPROMESOS AMB EL MEDI AMBIENT.<\/h3>\n<p>[\/et_pb_text][et_pb_divider show_divider=&#8221;off&#8221; _builder_version=&#8221;3.2&#8243; height=&#8221;50px&#8221;][\/et_pb_divider][\/et_pb_column][\/et_pb_row][\/et_pb_section][et_pb_section fb_built=&#8221;1&#8243; _builder_version=&#8221;3.22&#8243; background_color=&#8221;#e1e1e1&#8243; custom_padding=&#8221;0|0px|0|0px&#8221;][et_pb_row column_structure=&#8221;1_2,1_2&#8243; use_custom_gutter=&#8221;on&#8221; gutter_width=&#8221;1&#8243; make_equal=&#8221;on&#8221; module_class=&#8221; et_pb_row_fullwidth&#8221; _builder_version=&#8221;3.25&#8243; background_color=&#8221;#e1e1e1&#8243; width=&#8221;100%&#8221; width_tablet=&#8221;100%&#8221; width_phone=&#8221;&#8221; width_last_edited=&#8221;on|desktop&#8221; max_width=&#8221;100%&#8221; max_width_tablet=&#8221;100%&#8221; max_width_phone=&#8221;&#8221; max_width_last_edited=&#8221;on|desktop&#8221; custom_padding=&#8221;0px|0px|0|0px&#8221; make_fullwidth=&#8221;on&#8221;][et_pb_column type=&#8221;1_2&#8243; _builder_version=&#8221;3.25&#8243; background_color=&#8221;rgba(225,225,225,0)&#8221; background_image=&#8221;https:\/\/redelca.com\/wp-content\/uploads\/2018\/04\/granalla-gran.jpg&#8221; custom_padding=&#8221;|||&#8221; custom_padding__hover=&#8221;|||&#8221;][\/et_pb_column][et_pb_column type=&#8221;1_2&#8243; _builder_version=&#8221;3.25&#8243; custom_padding=&#8221;|||&#8221; custom_padding__hover=&#8221;|||&#8221;][et_pb_text _builder_version=&#8221;3.27.4&#8243; text_font=&#8221;||||||||&#8221; ul_font=&#8221;||||||||&#8221; background_color=&#8221;#e1e1e1&#8243; text_orientation=&#8221;justified&#8221; custom_margin=&#8221;|||&#8221; custom_padding=&#8221;40px|40px|40px|40px&#8221; animation_style=&#8221;bounce&#8221; animation_direction=&#8221;right&#8221;]<\/p>\n<h2 style=\"text-align: left;\">RECICLATGE DEL COURE<\/h2>\n<hr style=\"width: 40px; margin-left: 0px; border: 0px; border-bottom: 4px solid #ff6d00;\" \/>\n<p><span>Reciclar coure \u00e9s una manera molt eficient de reintroduir un material valu\u00f3s en l\u2019economia. Nou milions de tones de coure es reciclen cada any. El reciclatge del coure requereix fins a un 85 per cent menys d\u2019energia que la producci\u00f3 prim\u00e0ria. En tot el m\u00f3n, aix\u00f2 suposa un estalvi de 40 milions de tones de CO<sub>2<\/sub> a l\u2019any, l\u2019equivalent a eliminar 16 milions de cotxes de la carretera.<\/span><\/p>\n<p><span>S\u2019estima que des del 1900, dos ter\u00e7os dels 550 milions de tones de coure extretes encara s\u2019utilitzen de manera productiva. Per tal que el reciclatge sigui efectiu, cal innovar. Els esfor\u00e7os per donar suport al reciclatge es poden implementar en el disseny de productes nous per facilitar la recuperaci\u00f3 al final de la vida \u00fatil i els processos de reciclatge industrial per augmentar-ne els rendiments generals. A m\u00e9s, les pol\u00edtiques reguladores han de continuar fomentant la recuperaci\u00f3 i el reciclatge, tant a escala industrial com per part de la ciutadania.<\/span><\/p>\n<p><span>La gran majoria (70 per cent) del coure es destina a aplicacions d\u00b4\u00fas final perqu\u00e8 \u00e9s el conductor no preco\u00e7 m\u00e9s eficient de la calor i l\u2019electricitat. Aix\u00ed, les coses que contenen coure tenen tend\u00e8ncia a operar de manera m\u00e9s eficient. El coure en els sistemes el\u00e8ctrics pot oferir estalvis per a tota la vida de 100 a 7.500 tones d\u2019emissions de CO<sub>2<\/sub> i estalviar als seus usuaris entre 25.000 i 2,5 milions de d\u00f2lars en costos d\u2019energia redu\u00efts.<\/span><\/p>\n<p><span>La conductivitat el\u00e8ctrica i t\u00e8rmica superior del coure \u00e9s la base de la seva efici\u00e8ncia energ\u00e8tica. El coure \u00e9s el conductor de la calor i l\u2019electricitat m\u00e9s eficient<\/span><span>, de manera que els productes que contenen coure tendeixen a funcionar amb m\u00e9s efic\u00e0cia. La gran majoria (70 per cent) del coure es destina a aplicacions d\u2019\u00fas final que es beneficien del seu alt nivell d\u2019efici\u00e8ncia.<\/span><\/p>\n<p><span>L\u2019efici\u00e8ncia energ\u00e8tica contribueix al desenvolupament sostenible i al creixement econ\u00f2mic. Moltes de les necessitats que defineixen una qualitat de vida moderna requereixen una font d\u2018energia, cosa que fa que el subministrament d\u2019energia\/seguretat sigui fonamental per al desenvolupament sostenible a llarg termini.<\/span><\/p>\n<p>&nbsp;<\/p>\n<p>[\/et_pb_text][\/et_pb_column][\/et_pb_row][\/et_pb_section][et_pb_section fb_built=&#8221;1&#8243; _builder_version=&#8221;3.22&#8243; background_color=&#8221;#ffffff&#8221; custom_padding=&#8221;0px|0px|0px|0px&#8221;][et_pb_row column_structure=&#8221;2_3,1_3&#8243; use_custom_gutter=&#8221;on&#8221; gutter_width=&#8221;1&#8243; make_equal=&#8221;on&#8221; module_class=&#8221; et_pb_row_fullwidth&#8221; _builder_version=&#8221;3.25&#8243; width=&#8221;100%&#8221; width_tablet=&#8221;100%&#8221; width_phone=&#8221;&#8221; width_last_edited=&#8221;on|desktop&#8221; max_width=&#8221;100%&#8221; max_width_tablet=&#8221;100%&#8221; max_width_phone=&#8221;&#8221; max_width_last_edited=&#8221;on|desktop&#8221; custom_padding=&#8221;50px|0px|2px|0px&#8221; make_fullwidth=&#8221;on&#8221;][et_pb_column type=&#8221;2_3&#8243; _builder_version=&#8221;3.25&#8243; custom_padding=&#8221;|||&#8221; custom_padding__hover=&#8221;|||&#8221;][et_pb_text _builder_version=&#8221;3.27.4&#8243; background_color=&#8221;#ffffff&#8221; text_orientation=&#8221;center&#8221; module_alignment=&#8221;right&#8221; custom_padding_tablet=&#8221;||25px|&#8221; custom_padding_phone=&#8221;|25px|0px|25px&#8221; custom_padding_last_edited=&#8221;on|phone&#8221;]<\/p>\n<h2>SERVEI DE TOOLING DE COURE PER A UNA ECONOMIA CIRCULAR<\/h2>\n<p>[\/et_pb_text][\/et_pb_column][et_pb_column type=&#8221;1_3&#8243; _builder_version=&#8221;3.25&#8243; custom_padding=&#8221;|||&#8221; custom_padding__hover=&#8221;|||&#8221;][et_pb_button button_url=&#8221;https:\/\/redelca.com\/ca\/contacte\/&#8221; button_text=&#8221;CONTACTAR&#8221; button_alignment=&#8221;center&#8221; _builder_version=&#8221;3.26.8&#8243; custom_button=&#8221;on&#8221; button_letter_spacing=&#8221;4px&#8221; button_font=&#8221;||||||||&#8221; button_icon=&#8221;%%22%%&#8221; custom_margin=&#8221;-20px||40px|&#8221; custom_margin_tablet=&#8221;||40px|&#8221; custom_margin_phone=&#8221;35px|40px|40px|40px&#8221; custom_margin_last_edited=&#8221;on|desktop&#8221; custom_padding=&#8221;|||&#8221; animation_style=&#8221;roll&#8221; box_shadow_style=&#8221;preset1&#8243; button_letter_spacing_hover=&#8221;6px&#8221; button_bg_color_hover=&#8221;rgba(0,0,0,0.07)&#8221; button_text_size__hover_enabled=&#8221;off&#8221; button_one_text_size__hover_enabled=&#8221;off&#8221; button_two_text_size__hover_enabled=&#8221;off&#8221; button_text_color__hover_enabled=&#8221;off&#8221; button_one_text_color__hover_enabled=&#8221;off&#8221; button_two_text_color__hover_enabled=&#8221;off&#8221; button_border_width__hover_enabled=&#8221;off&#8221; button_one_border_width__hover_enabled=&#8221;off&#8221; button_two_border_width__hover_enabled=&#8221;off&#8221; button_border_color__hover_enabled=&#8221;off&#8221; button_one_border_color__hover_enabled=&#8221;off&#8221; button_two_border_color__hover_enabled=&#8221;off&#8221; button_border_radius__hover_enabled=&#8221;off&#8221; button_one_border_radius__hover_enabled=&#8221;off&#8221; button_two_border_radius__hover_enabled=&#8221;off&#8221; button_letter_spacing__hover_enabled=&#8221;on&#8221; button_letter_spacing__hover=&#8221;6px&#8221; button_one_letter_spacing__hover_enabled=&#8221;off&#8221; button_two_letter_spacing__hover_enabled=&#8221;off&#8221; button_bg_color__hover_enabled=&#8221;on&#8221; button_bg_color__hover=&#8221;rgba(0,0,0,0.07)&#8221; button_one_bg_color__hover_enabled=&#8221;off&#8221; button_two_bg_color__hover_enabled=&#8221;off&#8221;][\/et_pb_button][\/et_pb_column][\/et_pb_row][\/et_pb_section]<\/p>\n","protected":false},"excerpt":{"rendered":"<p>ATRIBUTS DEL COURE El coure \u00e9s infinitament reciclable sense cap p\u00e8rdua de rendiment i gaireb\u00e9 no es pot distingir del coure acabat d\u2019extreure. El coure t\u00e9 l\u2019historial de reciclatge m\u00e9s llarg de qualsevol material conegut per la civilitzaci\u00f3. S\u2019estima que el 80 per cent de tot el coure extret durant els \u00faltims 10.000 anys encara [&hellip;]<\/p>\n","protected":false},"author":1,"featured_media":0,"parent":0,"menu_order":0,"comment_status":"closed","ping_status":"closed","template":"","meta":{"_et_pb_use_builder":"on","_et_pb_old_content":"","_et_gb_content_width":"","footnotes":""},"class_list":["post-35263","page","type-page","status-publish","hentry"],"_links":{"self":[{"href":"https:\/\/redelca.com\/ca\/wp-json\/wp\/v2\/pages\/35263","targetHints":{"allow":["GET"]}}],"collection":[{"href":"https:\/\/redelca.com\/ca\/wp-json\/wp\/v2\/pages"}],"about":[{"href":"https:\/\/redelca.com\/ca\/wp-json\/wp\/v2\/types\/page"}],"author":[{"embeddable":true,"href":"https:\/\/redelca.com\/ca\/wp-json\/wp\/v2\/users\/1"}],"replies":[{"embeddable":true,"href":"https:\/\/redelca.com\/ca\/wp-json\/wp\/v2\/comments?post=35263"}],"version-history":[{"count":6,"href":"https:\/\/redelca.com\/ca\/wp-json\/wp\/v2\/pages\/35263\/revisions"}],"predecessor-version":[{"id":35580,"href":"https:\/\/redelca.com\/ca\/wp-json\/wp\/v2\/pages\/35263\/revisions\/35580"}],"wp:attachment":[{"href":"https:\/\/redelca.com\/ca\/wp-json\/wp\/v2\/media?parent=35263"}],"curies":[{"name":"wp","href":"https:\/\/api.w.org\/{rel}","templated":true}]}}